{"id":964,"date":"2022-10-14T22:13:42","date_gmt":"2022-10-14T20:13:42","guid":{"rendered":"https:\/\/cocinaenlinea.es\/?post_type=product&#038;p=964"},"modified":"2025-03-13T23:22:32","modified_gmt":"2025-03-13T22:22:32","slug":"hornilla-de-gas-de-2-fuegos-itimat","status":"publish","type":"product","link":"https:\/\/cocinaenlinea.es\/?product=hornilla-de-gas-de-2-fuegos-itimat","title":{"rendered":"Placa de gas de 4 quemadores itimat"},"content":{"rendered":"<p><span class=\"x3nfvp2 x1j61x8r x1fcty0u xdj266r xhhsvwb xat24cr xgzva0m xxymvpz xlup9mm x1kky2od\"><img decoding=\"async\" src=\"https:\/\/static.xx.fbcdn.net\/images\/emoji.php\/v9\/t40\/1\/16\/1f4a5.png\" alt=\"\ud83d\udca5\" width=\"16\" height=\"16\" \/> \u00a1Transforma tu cocina con la Placa de Gas Itimat de 4 quemadores! Con un dise\u00f1o compacto de solo 50&#215;56 cm, es perfecta para optimizar tu espacio mientras ahorras en electricidad. Olv\u00eddate de la dependencia el\u00e9ctrica: solo necesitas una bombona y un tubo (ajustable seg\u00fan la distancia) para disfrutar de una cocci\u00f3n potente y econ\u00f3mica. Esta es tu oportunidad para cocinar sin l\u00edmites y reducir tus gastos. \u00a1Instala la Placa de Gas Itimat y descubre el verdadero sabor del ahorro!<\/span><\/p>\n<h2><span style=\"color: #ff0000;\">Colores disponible en<span style=\"color: #000000;\"> blanco<\/span>, <span style=\"color: #333333;\">negro<\/span> y <span style=\"color: #000000;\">marr\u00f3n<\/span>.<\/span><\/h2>\n<p><strong>Medidas de la Placa de Gas 4 quemadores Itimat:<\/strong><\/p>\n<ul>\n<li><strong>Ancho<\/strong>: 50 cm<\/li>\n<li><strong>Profundidad<\/strong>: 56 cm<\/li>\n<li><strong>Altura<\/strong>: 11.5 cm<\/li>\n<li><img fetchpriority=\"high\" decoding=\"async\" class=\"alignnone wp-image-3357 size-full\" src=\"https:\/\/cocinaenlinea.es\/wp-content\/uploads\/2022\/07\/AnyConv.com__4-8.webp\" alt=\"\" width=\"1080\" height=\"540\" srcset=\"https:\/\/cocinaenlinea.es\/wp-content\/uploads\/2022\/07\/AnyConv.com__4-8.webp 1080w, https:\/\/cocinaenlinea.es\/wp-content\/uploads\/2022\/07\/AnyConv.com__4-8-300x150.webp 300w, https:\/\/cocinaenlinea.es\/wp-content\/uploads\/2022\/07\/AnyConv.com__4-8-1024x512.webp 1024w, https:\/\/cocinaenlinea.es\/wp-content\/uploads\/2022\/07\/AnyConv.com__4-8-768x384.webp 768w, https:\/\/cocinaenlinea.es\/wp-content\/uploads\/2022\/07\/AnyConv.com__4-8-600x300.webp 600w\" sizes=\"(max-width: 1080px) 100vw, 1080px\" \/><\/li>\n<li><img decoding=\"async\" class=\"alignnone wp-image-3359 size-full\" src=\"https:\/\/cocinaenlinea.es\/wp-content\/uploads\/2024\/08\/AnyConv.com__3-8.webp\" alt=\"\" width=\"1080\" height=\"540\" srcset=\"https:\/\/cocinaenlinea.es\/wp-content\/uploads\/2024\/08\/AnyConv.com__3-8.webp 1080w, https:\/\/cocinaenlinea.es\/wp-content\/uploads\/2024\/08\/AnyConv.com__3-8-300x150.webp 300w, https:\/\/cocinaenlinea.es\/wp-content\/uploads\/2024\/08\/AnyConv.com__3-8-1024x512.webp 1024w, https:\/\/cocinaenlinea.es\/wp-content\/uploads\/2024\/08\/AnyConv.com__3-8-768x384.webp 768w, https:\/\/cocinaenlinea.es\/wp-content\/uploads\/2024\/08\/AnyConv.com__3-8-600x300.webp 600w\" sizes=\"(max-width: 1080px) 100vw, 1080px\" \/><\/li>\n<\/ul>\n<p>&nbsp;<\/p>\n","protected":false},"excerpt":{"rendered":"<div class=\"x78zum5\" role=\"none\">\n<div class=\"x78zum5 x1iyjqo2 xs83m0k xeuugli x15zctf7\" role=\"none\" data-testid=\"message-container\">\n<div class=\"xkh2ocl x78zum5 xdt5ytf x1h91t0o x13a6bvl x1r145dm\" role=\"none\">\n<div class=\"x78zum5 xh8yej3\" role=\"none\">\n<div class=\"x78zum5 xdt5ytf x193iq5w x1n2onr6 xuk3077\">\n<div class=\"xkh2ocl x78zum5 xdt5ytf x1h91t0o x13a6bvl x193iq5w x1c4vz4f xcrg951\" role=\"none\">\n<div class=\"x1n2onr6 x1vjfegm\">\n<div class=\"xdj266r x11i5rnm xat24cr x1mh8g0r x1vvkbs\"><span class=\"x3nfvp2 x1j61x8r x1fcty0u xdj266r xhhsvwb xat24cr xgzva0m xxymvpz x10w6t97 x1td3qas\"><img loading=\"lazy\" decoding=\"async\" src=\"https:\/\/static.xx.fbcdn.net\/images\/emoji.php\/v9\/tba\/1\/32\/2b50.png\" alt=\"\u2b50\" width=\"32\" height=\"32\" \/><\/span><span class=\"x3nfvp2 x1j61x8r x1fcty0u xdj266r xhhsvwb xat24cr xgzva0m xxymvpz x10w6t97 x1td3qas\"><img loading=\"lazy\" decoding=\"async\" src=\"https:\/\/static.xx.fbcdn.net\/images\/emoji.php\/v9\/tba\/1\/32\/2b50.png\" alt=\"\u2b50\" width=\"32\" height=\"32\" \/><\/span><span class=\"x3nfvp2 x1j61x8r x1fcty0u xdj266r xhhsvwb xat24cr xgzva0m xxymvpz x10w6t97 x1td3qas\"><img loading=\"lazy\" decoding=\"async\" src=\"https:\/\/static.xx.fbcdn.net\/images\/emoji.php\/v9\/tba\/1\/32\/2b50.png\" alt=\"\u2b50\" width=\"32\" height=\"32\" \/><\/span><span class=\"x3nfvp2 x1j61x8r x1fcty0u xdj266r xhhsvwb xat24cr xgzva0m xxymvpz x10w6t97 x1td3qas\"><img loading=\"lazy\" decoding=\"async\" src=\"https:\/\/static.xx.fbcdn.net\/images\/emoji.php\/v9\/tba\/1\/32\/2b50.png\" alt=\"\u2b50\" width=\"32\" height=\"32\" \/><\/span><span class=\"x3nfvp2 x1j61x8r x1fcty0u xdj266r xhhsvwb xat24cr xgzva0m xxymvpz x10w6t97 x1td3qas\"><img loading=\"lazy\" decoding=\"async\" src=\"https:\/\/static.xx.fbcdn.net\/images\/emoji.php\/v9\/tba\/1\/32\/2b50.png\" alt=\"\u2b50\" width=\"32\" height=\"32\" \/><\/span><\/div>\n<\/div>\n<\/div>\n<\/div>\n<\/div>\n<\/div>\n<\/div>\n<\/div>\n","protected":false},"featured_media":969,"template":"","meta":{"_kadence_starter_templates_imported_post":false},"product_brand":[],"product_cat":[87],"product_tag":[],"class_list":{"0":"post-964","1":"product","2":"type-product","3":"status-publish","4":"has-post-thumbnail","6":"product_cat-pequenos-electrodomesticos","8":"first","9":"outofstock","10":"sale","11":"shipping-taxable","12":"purchasable","13":"product-type-simple"},"_links":{"self":[{"href":"https:\/\/cocinaenlinea.es\/index.php?rest_route=\/wp\/v2\/product\/964","targetHints":{"allow":["GET"]}}],"collection":[{"href":"https:\/\/cocinaenlinea.es\/index.php?rest_route=\/wp\/v2\/product"}],"about":[{"href":"https:\/\/cocinaenlinea.es\/index.php?rest_route=\/wp\/v2\/types\/product"}],"wp:featuredmedia":[{"embeddable":true,"href":"https:\/\/cocinaenlinea.es\/index.php?rest_route=\/wp\/v2\/media\/969"}],"wp:attachment":[{"href":"https:\/\/cocinaenlinea.es\/index.php?rest_route=%2Fwp%2Fv2%2Fmedia&parent=964"}],"wp:term":[{"taxonomy":"product_brand","embeddable":true,"href":"https:\/\/cocinaenlinea.es\/index.php?rest_route=%2Fwp%2Fv2%2Fproduct_brand&post=964"},{"taxonomy":"product_cat","embeddable":true,"href":"https:\/\/cocinaenlinea.es\/index.php?rest_route=%2Fwp%2Fv2%2Fproduct_cat&post=964"},{"taxonomy":"product_tag","embeddable":true,"href":"https:\/\/cocinaenlinea.es\/index.php?rest_route=%2Fwp%2Fv2%2Fproduct_tag&post=964"}],"curies":[{"name":"wp","href":"https:\/\/api.w.org\/{rel}","templated":true}]}}