{"id":948,"date":"2022-10-14T21:13:56","date_gmt":"2022-10-14T19:13:56","guid":{"rendered":"https:\/\/cocinaenlinea.es\/?post_type=product&#038;p=948"},"modified":"2025-03-13T23:22:36","modified_gmt":"2025-03-13T22:22:36","slug":"friedora-de-aire-2-5-l","status":"publish","type":"product","link":"https:\/\/cocinaenlinea.es\/?product=friedora-de-aire-2-5-l","title":{"rendered":"Friedora de aire 2.5 L"},"content":{"rendered":"<p>La freidora cheffler te permite cocinar de forma natural, sin la necesidad de agragar cantidades excesivas de aceite o grasas. Garantizando una textura perfecta, tambi\u00e9n puede hornear, deshidratar y descongelar. Posee un dise\u00f1o \u00fanico y compacto, gracias a esto no ocupara mucho espacio en su cocina. Incluye temporizador con alarma, ajuste de temperaturas el cual puede variar de 80\u00b0 a 200\u00b0 en cuestiones de segundos. Gracias a sus 7 programas de configurado podras saber cual utilizar para carne, pollo, pescado, pastel, camar\u00f3n y papas fritas. Todos los alimentos se cocinan uniformemente. Su capacidad es de 2 litros para permitir el tama\u00f1o de diversos alimentos. Productos que tambi\u00e9n<img fetchpriority=\"high\" decoding=\"async\" class=\"alignnone wp-image-9968 aligncenter\" src=\"http:\/\/altacalidadweb.com\/wp-content\/uploads\/2022\/05\/garnatia--300x168.jpg\" alt=\"\" width=\"382\" height=\"214\" \/><\/p>\n","protected":false},"excerpt":{"rendered":"<p><span class=\"x3nfvp2 x1j61x8r x1fcty0u xdj266r xhhsvwb xat24cr xgzva0m xxymvpz x10w6t97 x1td3qas\"><img decoding=\"async\" src=\"https:\/\/static.xx.fbcdn.net\/images\/emoji.php\/v9\/tba\/1\/32\/2b50.png\" alt=\"\u2b50\" width=\"32\" height=\"32\" \/><\/span><span class=\"x3nfvp2 x1j61x8r x1fcty0u xdj266r xhhsvwb xat24cr xgzva0m xxymvpz x10w6t97 x1td3qas\"><img decoding=\"async\" src=\"https:\/\/static.xx.fbcdn.net\/images\/emoji.php\/v9\/tba\/1\/32\/2b50.png\" alt=\"\u2b50\" width=\"32\" height=\"32\" \/><\/span><span class=\"x3nfvp2 x1j61x8r x1fcty0u xdj266r xhhsvwb xat24cr xgzva0m xxymvpz x10w6t97 x1td3qas\"><img decoding=\"async\" src=\"https:\/\/static.xx.fbcdn.net\/images\/emoji.php\/v9\/tba\/1\/32\/2b50.png\" alt=\"\u2b50\" width=\"32\" height=\"32\" \/><\/span><span class=\"x3nfvp2 x1j61x8r x1fcty0u xdj266r xhhsvwb xat24cr xgzva0m xxymvpz x10w6t97 x1td3qas\"><img decoding=\"async\" src=\"https:\/\/static.xx.fbcdn.net\/images\/emoji.php\/v9\/tba\/1\/32\/2b50.png\" alt=\"\u2b50\" width=\"32\" height=\"32\" \/><\/span><span class=\"x3nfvp2 x1j61x8r x1fcty0u xdj266r xhhsvwb xat24cr xgzva0m xxymvpz x10w6t97 x1td3qas\"><img decoding=\"async\" src=\"https:\/\/static.xx.fbcdn.net\/images\/emoji.php\/v9\/tba\/1\/32\/2b50.png\" alt=\"\u2b50\" width=\"32\" height=\"32\" \/><\/span><\/p>\n","protected":false},"featured_media":949,"template":"","meta":{"_kadence_starter_templates_imported_post":false},"product_brand":[],"product_cat":[87],"product_tag":[],"class_list":{"0":"post-948","1":"product","2":"type-product","3":"status-publish","4":"has-post-thumbnail","6":"product_cat-pequenos-electrodomesticos","8":"first","9":"outofstock","10":"sale","11":"shipping-taxable","12":"purchasable","13":"product-type-simple"},"_links":{"self":[{"href":"https:\/\/cocinaenlinea.es\/index.php?rest_route=\/wp\/v2\/product\/948","targetHints":{"allow":["GET"]}}],"collection":[{"href":"https:\/\/cocinaenlinea.es\/index.php?rest_route=\/wp\/v2\/product"}],"about":[{"href":"https:\/\/cocinaenlinea.es\/index.php?rest_route=\/wp\/v2\/types\/product"}],"wp:featuredmedia":[{"embeddable":true,"href":"https:\/\/cocinaenlinea.es\/index.php?rest_route=\/wp\/v2\/media\/949"}],"wp:attachment":[{"href":"https:\/\/cocinaenlinea.es\/index.php?rest_route=%2Fwp%2Fv2%2Fmedia&parent=948"}],"wp:term":[{"taxonomy":"product_brand","embeddable":true,"href":"https:\/\/cocinaenlinea.es\/index.php?rest_route=%2Fwp%2Fv2%2Fproduct_brand&post=948"},{"taxonomy":"product_cat","embeddable":true,"href":"https:\/\/cocinaenlinea.es\/index.php?rest_route=%2Fwp%2Fv2%2Fproduct_cat&post=948"},{"taxonomy":"product_tag","embeddable":true,"href":"https:\/\/cocinaenlinea.es\/index.php?rest_route=%2Fwp%2Fv2%2Fproduct_tag&post=948"}],"curies":[{"name":"wp","href":"https:\/\/api.w.org\/{rel}","templated":true}]}}