{"id":927,"date":"2022-10-14T19:46:42","date_gmt":"2022-10-14T17:46:42","guid":{"rendered":"https:\/\/cocinaenlinea.es\/?post_type=product&#038;p=927"},"modified":"2025-03-13T23:24:18","modified_gmt":"2025-03-13T22:24:18","slug":"horno-50l-itimat-turbo-fan-de-acero-inoxidable-y-doble-cristal","status":"publish","type":"product","link":"https:\/\/cocinaenlinea.es\/?product=horno-50l-itimat-turbo-fan-de-acero-inoxidable-y-doble-cristal","title":{"rendered":"Horno 40L Itimat Turbo Fan de acero inoxidable y doble cristal"},"content":{"rendered":"<p>Horno Intimat de 40 Litros &#8211; 99\u20ac con Env\u00edo Gratis y Garant\u00eda de 3 A\u00f1os<\/p>\n<p>Descubre el horno de sobremesa Intimat de 40 litros, la elecci\u00f3n perfecta para los entusiastas de la cocina. Con su potente motor de 1600 W, podr\u00e1s asar, hornear y gratinar una amplia variedad de platos con facilidad y eficiencia.<\/p>\n<h3>Caracter\u00edsticas Destacadas:<\/h3>\n<p>&#8211; Gran Capacidad: Ideal para preparar comidas para toda la familia o para recibir invitados.<\/p>\n<p>&#8211; Temperatura Ajustable: Rango de 100 a 300 \u00baC para adaptarse a cualquier receta.<\/p>\n<p>&#8211; Temporizador de 60 Minutos: Con funci\u00f3n de apagado autom\u00e1tico, para mayor seguridad y comodidad.<\/p>\n<p>&#8211; Luz Interior: Supervisa tus preparaciones sin necesidad de abrir la puerta, asegurando una cocci\u00f3n perfecta.<\/p>\n<p>&#8211; Dise\u00f1o Compacto: Se adapta perfectamente a cualquier cocina, sin ocupar demasiado espacio.<\/p>\n<h3>Ventajas Adicionales:<\/h3>\n<p>&#8211; Env\u00edo Gratis: Recibe tu horno en la puerta de tu casa sin costo adicional.<\/p>\n<p>&#8211; Garant\u00eda de 3 A\u00f1os: Compra con confianza sabiendo que tu inversi\u00f3n est\u00e1 protegida.<\/p>\n<p>-Pago Contra Reembolso: Simplifica tu compra sin necesidad de pagos por adelantado.<\/p>\n<p>Por solo 99\u20ac, lleva a casa este horno vers\u00e1til que transformar\u00e1 tu experiencia culinaria. No esperes m\u00e1s y adquiere el horno Intimat de 40 litros hoy mismo. \u00a1Cocina como un profesional en la comodidad de tu hogar!<\/p>\n<ul>\n<li>Horno 40L de sobremesa Itimat Turbo Fan<\/li>\n<li>Temporizador<\/li>\n<li>Regulador de temperatura hasta 300\u00ba<\/li>\n<li>Incluye bandeja redonda y cuadrada<\/li>\n<li>Potencia 1600W<\/li>\n<li>Indicador de encendido<\/li>\n<li>Funci\u00f3n de ventilador.<\/li>\n<li>Dispone de bot\u00f3n para luz.<\/li>\n<li>Posici\u00f3n de calor superior, inferior o doble<\/li>\n<li>Acero inoxidable<\/li>\n<li>Doble cristal<\/li>\n<li>F\u00e1cil de usar<\/li>\n<li>Medidas: Exterior: 58\u00d729.5\u00d743.5cm \/ Interior: 43\u00d722.5x40cm<img fetchpriority=\"high\" decoding=\"async\" class=\"alignnone wp-image-9968 aligncenter\" src=\"http:\/\/altacalidadweb.com\/wp-content\/uploads\/2022\/05\/garnatia--300x168.jpg\" alt=\"\" width=\"370\" height=\"207\" \/><\/li>\n<\/ul>\n","protected":false},"excerpt":{"rendered":"<div class=\"xkh2ocl x78zum5 xdt5ytf x1h91t0o x13a6bvl x1r145dm\" role=\"none\">\n<div class=\"x78zum5 xh8yej3\" role=\"none\">\n<div class=\"x78zum5 xdt5ytf x193iq5w x1n2onr6 xuk3077\">\n<div class=\"xkh2ocl x78zum5 xdt5ytf x1h91t0o x13a6bvl x193iq5w x1c4vz4f xcrg951\" role=\"none\">\n<div class=\"x1n2onr6 x1vjfegm\">\n<div class=\"xdj266r x11i5rnm xat24cr x1mh8g0r x1vvkbs\"><span class=\"x3nfvp2 x1j61x8r x1fcty0u xdj266r xhhsvwb xat24cr xgzva0m xxymvpz x10w6t97 x1td3qas\"><img decoding=\"async\" src=\"https:\/\/static.xx.fbcdn.net\/images\/emoji.php\/v9\/tba\/1\/32\/2b50.png\" alt=\"\u2b50\" width=\"32\" height=\"32\" \/><\/span><span class=\"x3nfvp2 x1j61x8r x1fcty0u xdj266r xhhsvwb xat24cr xgzva0m xxymvpz x10w6t97 x1td3qas\"><img decoding=\"async\" src=\"https:\/\/static.xx.fbcdn.net\/images\/emoji.php\/v9\/tba\/1\/32\/2b50.png\" alt=\"\u2b50\" width=\"32\" height=\"32\" \/><\/span><span class=\"x3nfvp2 x1j61x8r x1fcty0u xdj266r xhhsvwb xat24cr xgzva0m xxymvpz x10w6t97 x1td3qas\"><img decoding=\"async\" src=\"https:\/\/static.xx.fbcdn.net\/images\/emoji.php\/v9\/tba\/1\/32\/2b50.png\" alt=\"\u2b50\" width=\"32\" height=\"32\" \/><\/span><span class=\"x3nfvp2 x1j61x8r x1fcty0u xdj266r xhhsvwb xat24cr xgzva0m xxymvpz x10w6t97 x1td3qas\"><img decoding=\"async\" src=\"https:\/\/static.xx.fbcdn.net\/images\/emoji.php\/v9\/tba\/1\/32\/2b50.png\" alt=\"\u2b50\" width=\"32\" height=\"32\" \/><\/span><span class=\"x3nfvp2 x1j61x8r x1fcty0u xdj266r xhhsvwb xat24cr xgzva0m xxymvpz x10w6t97 x1td3qas\"><img decoding=\"async\" src=\"https:\/\/static.xx.fbcdn.net\/images\/emoji.php\/v9\/tba\/1\/32\/2b50.png\" alt=\"\u2b50\" width=\"32\" height=\"32\" \/><\/span><\/div>\n<\/div>\n<\/div>\n<\/div>\n<\/div>\n<\/div>\n","protected":false},"featured_media":928,"template":"","meta":{"_kadence_starter_templates_imported_post":false},"product_brand":[],"product_cat":[87],"product_tag":[],"class_list":{"0":"post-927","1":"product","2":"type-product","3":"status-publish","4":"has-post-thumbnail","6":"product_cat-pequenos-electrodomesticos","8":"first","9":"outofstock","10":"sale","11":"shipping-taxable","12":"purchasable","13":"product-type-simple"},"_links":{"self":[{"href":"https:\/\/cocinaenlinea.es\/index.php?rest_route=\/wp\/v2\/product\/927","targetHints":{"allow":["GET"]}}],"collection":[{"href":"https:\/\/cocinaenlinea.es\/index.php?rest_route=\/wp\/v2\/product"}],"about":[{"href":"https:\/\/cocinaenlinea.es\/index.php?rest_route=\/wp\/v2\/types\/product"}],"wp:featuredmedia":[{"embeddable":true,"href":"https:\/\/cocinaenlinea.es\/index.php?rest_route=\/wp\/v2\/media\/928"}],"wp:attachment":[{"href":"https:\/\/cocinaenlinea.es\/index.php?rest_route=%2Fwp%2Fv2%2Fmedia&parent=927"}],"wp:term":[{"taxonomy":"product_brand","embeddable":true,"href":"https:\/\/cocinaenlinea.es\/index.php?rest_route=%2Fwp%2Fv2%2Fproduct_brand&post=927"},{"taxonomy":"product_cat","embeddable":true,"href":"https:\/\/cocinaenlinea.es\/index.php?rest_route=%2Fwp%2Fv2%2Fproduct_cat&post=927"},{"taxonomy":"product_tag","embeddable":true,"href":"https:\/\/cocinaenlinea.es\/index.php?rest_route=%2Fwp%2Fv2%2Fproduct_tag&post=927"}],"curies":[{"name":"wp","href":"https:\/\/api.w.org\/{rel}","templated":true}]}}