{"id":875,"date":"2022-10-14T02:04:06","date_gmt":"2022-10-14T00:04:06","guid":{"rendered":"https:\/\/cocinaenlinea.es\/?post_type=product&#038;p=875"},"modified":"2025-03-13T23:24:52","modified_gmt":"2025-03-13T22:24:52","slug":"cafe-termo-1-2-1-5l","status":"publish","type":"product","link":"https:\/\/cocinaenlinea.es\/?product=cafe-termo-1-2-1-5l","title":{"rendered":"CAF\u00c9 TERMO 1.2\/1.5L"},"content":{"rendered":"<div class=\"x1r8uery x1iyjqo2 x78zum5 x1n2onr6 xdt5ytf x6ikm8r x10wlt62 xmz0i5r\">\n<div class=\"x78zum5 xdt5ytf x1iyjqo2 x6ikm8r x10wlt62\">\n<div class=\"x78zum5 xdt5ytf x1iyjqo2 x6ikm8r x10wlt62\">\n<div class=\"x78zum5 xdt5ytf x1iyjqo2 x6ikm8r x10wlt62 x1n2onr6 x1xzczws\">\n<div class=\"x78zum5 xdt5ytf x1iyjqo2 xs83m0k x1xzczws x6ikm8r x1rife3k x1n2onr6 xh8yej3\">\n<div class=\"\">\n<div class=\"x1n2onr6\">\n<div class=\"xc8icb0 x1ja2u2z\">\n<div id=\"jsc_c_3mn\" data-testid=\"mw_message_list\">\n<div class=\"x18i3tt1 x63ui4o x6ikm8r x10wlt62\" role=\"grid\" aria-label=\"Mensajes de la conversaci\u00f3n con Mohammed Amine\">\n<div class=\"__fb-dark-mode x1n2onr6\" role=\"row\">\n<div class=\"\">\n<div class=\"x78zum5 xdt5ytf x1n2onr6\" tabindex=\"0\" role=\"gridcell\" data-scope=\"messages_table\" data-release-focus-from=\"CLICK\">\n<div class=\"x78zum5\" role=\"none\">\n<div class=\"x78zum5 x1iyjqo2 xs83m0k xeuugli x15zctf7\" role=\"none\" data-testid=\"message-container\">\n<div class=\"xkh2ocl x78zum5 xdt5ytf x1h91t0o x13a6bvl x1r145dm\" role=\"none\">\n<div class=\"x78zum5 xh8yej3\" role=\"none\">\n<div class=\"x78zum5 xdt5ytf x193iq5w x1n2onr6 xuk3077\">\n<div class=\"x78zum5 xh8yej3\" role=\"none\">\n<div class=\"x1y1aw1k xn6708d xwib8y2 x1ye3gou x1n2onr6 x6ikm8r x10wlt62 x1tlxs6b x1g8br2z x1gn5b1j x230xth x1mzt3pk x13faqbe x14ctfv x1okitfd x1vjfegm\" role=\"none\" data-testid=\"solid-message-bubble\">\n<div class=\"x9f619 x1n2onr6 x1ja2u2z __fb-dark-mode\" role=\"none\">\n<div class=\"x1yc453h x126k92a x6prxxf x1fc57z9 x14ctfv\" dir=\"auto\" role=\"none\">La tecnolog\u00eda de aislamiento al vac\u00edo bloquea la temperatura para conservar el sabor y la frescura, lo que mantiene las bebidas calientes durante 12 horas o fr\u00edas durante 24 horas. CALIDAD \u00bb Nuestro soporte para caf\u00e9 con jarra t\u00e9rmica de doble pared cuenta con un interior y exterior duraderos de acero inoxidable 18\/8, construido para soportar las demandas del uso diario. VERTIDO CON UNA MANO \u00bb El pico se abre f\u00e1cilmente con solo presionar un bot\u00f3n, lo que facilita el vertido de esta jarra de caf\u00e9 con una sola mano. F\u00c1CIL DE USAR \u00bb Su gran abertura facilita el llenado y la limpieza; incluso se puede usar con hielo para refrescarse m\u00e1s. Su cuerpo exterior se mantiene fresco al tacto cuando se llena con l\u00edquidos calientes y no se condensa con bebidas fr\u00edas. Perfecto como dispensador de agua caliente, dispensador de t\u00e9 o chocolate caliente<\/div>\n<\/div>\n<\/div>\n<\/div>\n<\/div>\n<\/div>\n<\/div>\n<\/div>\n<\/div>\n<\/div>\n<\/div>\n<\/div>\n<\/div>\n<\/div>\n<div class=\"xjm9jq1 x1y332i5 x47corl x10l6tqk\">\n<h3><img fetchpriority=\"high\" decoding=\"async\" class=\"alignnone  wp-image-9968 aligncenter\" src=\"http:\/\/altacalidadweb.com\/wp-content\/uploads\/2022\/05\/garnatia--300x168.jpg\" alt=\"\" width=\"457\" height=\"256\" \/><\/h3>\n<\/div>\n<\/div>\n<\/div>\n<\/div>\n<\/div>\n<\/div>\n<\/div>\n<\/div>\n<\/div>\n<div>\n<div class=\"x78zum5 xuk3077 xz9dl7a xsag5q8 x6prxxf\">\n<div class=\"x1i10hfl x1qjc9v5 xjbqb8w xjqpnuy xa49m3k xqeqjp1 x2hbi6w x13fuv20 xu3j5b3 x1q0q8m5 x26u7qi x972fbf xcfux6l x1qhh985 xm0m39n x9f619 x1ypdohk xdl72j9 x2lah0s xe8uvvx x2lwn1j xeuugli x1n2onr6 x16tdsg8 x1hl2dhg xggy1nq x1ja2u2z x1t137rt x1o1ewxj x3x9cwd x1e5q0jg x13rtm0m x3nfvp2 x1q0g3np x87ps6o x1lku1pv x1a2a7pz x1iorvi4 x150jy0e xjkvuk6 x1e558r4 x1gslohp x12nagc xw3qccf xsgj6o6\" tabindex=\"0\" role=\"button\" aria-label=\"Abrir m\u00e1s acciones\">\n<div class=\"x1ey2m1c xds687c xg01cxk x47corl x10l6tqk x17qophe x13vifvy x1ebt8du x19991ni x1dhq9h x14yjl9h xudhj91 x18nykt9 xww2gxu\" data-visualcompletion=\"ignore\"><\/div>\n<\/div>\n<div class=\"x1n2onr6 x1iyjqo2 xw2csxc\">\n<div class=\"x10l6tqk x1ey2m1c x78zum5 xl56j7k x6s0dn4 x1vjfegm xw3qccf x12nagc x3oybdh x11xpdln x1g2r6go x1th4bbo\">\n<div class=\"x1i10hfl x1qjc9v5 xjbqb8w xjqpnuy xa49m3k xqeqjp1 x2hbi6w x13fuv20 xu3j5b3 x1q0q8m5 x26u7qi x972fbf xcfux6l x1qhh985 xm0m39n x9f619 x1ypdohk xdl72j9 x2lah0s xe8uvvx xdj266r x11i5rnm xat24cr x1mh8g0r x2lwn1j xeuugli x1n2onr6 x16tdsg8 x1hl2dhg xggy1nq x1ja2u2z x1t137rt x1o1ewxj x3x9cwd x1e5q0jg x13rtm0m x3nfvp2 x1q0g3np x87ps6o x1lku1pv x1a2a7pz x1iorvi4 x150jy0e xjkvuk6 x1e558r4\" tabindex=\"0\" role=\"button\" aria-label=\"Adjuntar un archivo\">\n<div class=\"x1ey2m1c xds687c xg01cxk x47corl x10l6tqk x17qophe x13vifvy x1ebt8du x19991ni x1dhq9h x14yjl9h xudhj91 x18nykt9 xww2gxu\" data-visualcompletion=\"ignore\"><\/div>\n<\/div>\n<\/div>\n<div class=\"x10l6tqk x1ey2m1c x78zum5 xl56j7k x6s0dn4 x1vjfegm xw3qccf x12nagc x3oybdh x11xpdln x1g2r6go x5h36tt\">\n<div class=\"x1i10hfl x1qjc9v5 xjbqb8w xjqpnuy xa49m3k xqeqjp1 x2hbi6w x13fuv20 xu3j5b3 x1q0q8m5 x26u7qi x972fbf xcfux6l x1qhh985 xm0m39n x9f619 x1ypdohk xdl72j9 x2lah0s xe8uvvx xdj266r x11i5rnm xat24cr x1mh8g0r x2lwn1j xeuugli x1n2onr6 x16tdsg8 x1hl2dhg xggy1nq x1ja2u2z x1t137rt x1o1ewxj x3x9cwd x1e5q0jg x13rtm0m x3nfvp2 x1q0g3np x87ps6o x1lku1pv x1a2a7pz x1iorvi4 x150jy0e xjkvuk6 x1e558r4\" tabindex=\"0\" role=\"button\" aria-label=\"Elige un sticker\">\n<div class=\"x1ey2m1c xds687c xg01cxk x47corl x10l6tqk x17qophe x13vifvy x1ebt8du x19991ni x1dhq9h x14yjl9h xudhj91 x18nykt9 xww2gxu\" data-visualcompletion=\"ignore\"><\/div>\n<\/div>\n<\/div>\n<div class=\"x10l6tqk x1ey2m1c x78zum5 xl56j7k x6s0dn4 x1vjfegm xw3qccf x12nagc x3oybdh x11xpdln x1g2r6go x5w5eug\">\n<div class=\"x1i10hfl x1qjc9v5 xjbqb8w xjqpnuy xa49m3k xqeqjp1 x2hbi6w x13fuv20 xu3j5b3 x1q0q8m5 x26u7qi x972fbf xcfux6l x1qhh985 xm0m39n x9f619 x1ypdohk xdl72j9 x2lah0s xe8uvvx xdj266r x11i5rnm xat24cr x1mh8g0r x2lwn1j xeuugli x1n2onr6 x16tdsg8 x1hl2dhg xggy1nq x1ja2u2z x1t137rt x1o1ewxj x3x9cwd x1e5q0jg x13rtm0m x3nfvp2 x1q0g3np x87ps6o x1lku1pv x1a2a7pz x1iorvi4 x150jy0e xjkvuk6 x1e558r4\" tabindex=\"0\" role=\"button\" aria-label=\"Elige un GIF\">\n<div class=\"x1ey2m1c xds687c x47corl x10l6tqk x17qophe x13vifvy x19991ni x1dhq9h x1hc1fzr x1mq3mr6 x1wpzbip x14yjl9h xudhj91 x18nykt9 xww2gxu\" data-visualcompletion=\"ignore\"><\/div>\n<\/div>\n<\/div>\n<div class=\"x1iyjqo2 x78zum5 x6q2ic0\"><\/div>\n<\/div>\n<\/div>\n<\/div>\n","protected":false},"excerpt":{"rendered":"<p><span class=\"fxk3tzhb b2rh1bv3 gh55jysx m8h3af8h ewco64xe kjdc1dyq ms56khn7 bq6c9xl4 h7q9eq3y iryl7rsq\"><img decoding=\"async\" src=\"https:\/\/static.xx.fbcdn.net\/images\/emoji.php\/v9\/tba\/1\/32\/2b50.png\" alt=\"\u2b50\" width=\"32\" height=\"32\" \/><\/span><span class=\"fxk3tzhb b2rh1bv3 gh55jysx m8h3af8h ewco64xe kjdc1dyq ms56khn7 bq6c9xl4 h7q9eq3y iryl7rsq\"><img decoding=\"async\" src=\"https:\/\/static.xx.fbcdn.net\/images\/emoji.php\/v9\/tba\/1\/32\/2b50.png\" alt=\"\u2b50\" width=\"32\" height=\"32\" \/><\/span><span class=\"fxk3tzhb b2rh1bv3 gh55jysx m8h3af8h ewco64xe kjdc1dyq ms56khn7 bq6c9xl4 h7q9eq3y iryl7rsq\"><img decoding=\"async\" src=\"https:\/\/static.xx.fbcdn.net\/images\/emoji.php\/v9\/tba\/1\/32\/2b50.png\" alt=\"\u2b50\" width=\"32\" height=\"32\" \/><\/span><span class=\"fxk3tzhb b2rh1bv3 gh55jysx m8h3af8h ewco64xe kjdc1dyq ms56khn7 bq6c9xl4 h7q9eq3y iryl7rsq\"><img decoding=\"async\" src=\"https:\/\/static.xx.fbcdn.net\/images\/emoji.php\/v9\/tba\/1\/32\/2b50.png\" alt=\"\u2b50\" width=\"32\" height=\"32\" \/><\/span><span class=\"fxk3tzhb b2rh1bv3 gh55jysx m8h3af8h ewco64xe kjdc1dyq ms56khn7 bq6c9xl4 h7q9eq3y iryl7rsq\"><img decoding=\"async\" src=\"https:\/\/static.xx.fbcdn.net\/images\/emoji.php\/v9\/tba\/1\/32\/2b50.png\" alt=\"\u2b50\" width=\"32\" height=\"32\" \/><\/span><\/p>\n","protected":false},"featured_media":876,"template":"","meta":{"_kadence_starter_templates_imported_post":false},"product_brand":[],"product_cat":[16],"product_tag":[19],"class_list":{"0":"post-875","1":"product","2":"type-product","3":"status-publish","4":"has-post-thumbnail","6":"product_cat-articulos-de-cocina","7":"product_tag-swiss-line","9":"first","10":"outofstock","11":"sale","12":"shipping-taxable","13":"purchasable","14":"product-type-variable"},"_links":{"self":[{"href":"https:\/\/cocinaenlinea.es\/index.php?rest_route=\/wp\/v2\/product\/875","targetHints":{"allow":["GET"]}}],"collection":[{"href":"https:\/\/cocinaenlinea.es\/index.php?rest_route=\/wp\/v2\/product"}],"about":[{"href":"https:\/\/cocinaenlinea.es\/index.php?rest_route=\/wp\/v2\/types\/product"}],"wp:featuredmedia":[{"embeddable":true,"href":"https:\/\/cocinaenlinea.es\/index.php?rest_route=\/wp\/v2\/media\/876"}],"wp:attachment":[{"href":"https:\/\/cocinaenlinea.es\/index.php?rest_route=%2Fwp%2Fv2%2Fmedia&parent=875"}],"wp:term":[{"taxonomy":"product_brand","embeddable":true,"href":"https:\/\/cocinaenlinea.es\/index.php?rest_route=%2Fwp%2Fv2%2Fproduct_brand&post=875"},{"taxonomy":"product_cat","embeddable":true,"href":"https:\/\/cocinaenlinea.es\/index.php?rest_route=%2Fwp%2Fv2%2Fproduct_cat&post=875"},{"taxonomy":"product_tag","embeddable":true,"href":"https:\/\/cocinaenlinea.es\/index.php?rest_route=%2Fwp%2Fv2%2Fproduct_tag&post=875"}],"curies":[{"name":"wp","href":"https:\/\/api.w.org\/{rel}","templated":true}]}}