{"id":750,"date":"2022-10-12T23:39:19","date_gmt":"2022-10-12T21:39:19","guid":{"rendered":"https:\/\/cocinaenlinea.es\/?post_type=product&#038;p=750"},"modified":"2025-03-13T23:24:52","modified_gmt":"2025-03-13T22:24:52","slug":"robot-amasadora-eisenbach-3-en-1-9-litros-2000w","status":"publish","type":"product","link":"https:\/\/cocinaenlinea.es\/?product=robot-amasadora-eisenbach-3-en-1-9-litros-2000w","title":{"rendered":"Robot Amasadora HOMELUX 5 en 1 \/ 8,5 litros\/2000W"},"content":{"rendered":"<p>Robot de Cocina Homelux 3 en 1 \u2013 Amasadora y Batidora con Movimiento Planetario<\/p>\n<p><img fetchpriority=\"high\" decoding=\"async\" class=\"size-full wp-image-5061\" src=\"https:\/\/cocinaenlinea.es\/wp-content\/uploads\/2022\/10\/IMG_20241216_202919.jpg\" alt=\"\" width=\"1072\" height=\"1086\" srcset=\"https:\/\/cocinaenlinea.es\/wp-content\/uploads\/2022\/10\/IMG_20241216_202919.jpg 1072w, https:\/\/cocinaenlinea.es\/wp-content\/uploads\/2022\/10\/IMG_20241216_202919-296x300.jpg 296w, https:\/\/cocinaenlinea.es\/wp-content\/uploads\/2022\/10\/IMG_20241216_202919-1011x1024.jpg 1011w, https:\/\/cocinaenlinea.es\/wp-content\/uploads\/2022\/10\/IMG_20241216_202919-768x778.jpg 768w, https:\/\/cocinaenlinea.es\/wp-content\/uploads\/2022\/10\/IMG_20241216_202919-1024x1037.jpg 1024w, https:\/\/cocinaenlinea.es\/wp-content\/uploads\/2022\/10\/IMG_20241216_202919-300x304.jpg 300w, https:\/\/cocinaenlinea.es\/wp-content\/uploads\/2022\/10\/IMG_20241216_202919-600x608.jpg 600w, https:\/\/cocinaenlinea.es\/wp-content\/uploads\/2022\/10\/IMG_20241216_202919-100x100.jpg 100w, https:\/\/cocinaenlinea.es\/wp-content\/uploads\/2022\/10\/IMG_20241216_202919-50x50.jpg 50w\" sizes=\"(max-width: 1072px) 100vw, 1072px\" \/><\/p>\n<p>El Robot de Cocina Homelux 3 en 1 es la soluci\u00f3n perfecta para quienes buscan potencia, capacidad y dise\u00f1o en un solo electrodom\u00e9stico. Equipado con un motor de 2000W y un bol de acero inoxidable de 8,5 litros, este robot de cocina est\u00e1 dise\u00f1ado para manejar grandes cantidades de ingredientes con facilidad, ideal para reposter\u00eda y panader\u00eda.<\/p>\n<p><img decoding=\"async\" class=\"size-full wp-image-5060\" src=\"https:\/\/cocinaenlinea.es\/wp-content\/uploads\/2022\/10\/IMG_20241216_202944.jpg\" alt=\"\" width=\"1075\" height=\"1074\" srcset=\"https:\/\/cocinaenlinea.es\/wp-content\/uploads\/2022\/10\/IMG_20241216_202944.jpg 1075w, https:\/\/cocinaenlinea.es\/wp-content\/uploads\/2022\/10\/IMG_20241216_202944-300x300.jpg 300w, https:\/\/cocinaenlinea.es\/wp-content\/uploads\/2022\/10\/IMG_20241216_202944-1024x1023.jpg 1024w, https:\/\/cocinaenlinea.es\/wp-content\/uploads\/2022\/10\/IMG_20241216_202944-150x150.jpg 150w, https:\/\/cocinaenlinea.es\/wp-content\/uploads\/2022\/10\/IMG_20241216_202944-768x767.jpg 768w, https:\/\/cocinaenlinea.es\/wp-content\/uploads\/2022\/10\/IMG_20241216_202944-350x350.jpg 350w, https:\/\/cocinaenlinea.es\/wp-content\/uploads\/2022\/10\/IMG_20241216_202944-600x599.jpg 600w, https:\/\/cocinaenlinea.es\/wp-content\/uploads\/2022\/10\/IMG_20241216_202944-100x100.jpg 100w, https:\/\/cocinaenlinea.es\/wp-content\/uploads\/2022\/10\/IMG_20241216_202944-50x50.jpg 50w\" sizes=\"(max-width: 1075px) 100vw, 1075px\" \/><\/p>\n<p>Caracter\u00edsticas principales:<\/p>\n<p><img decoding=\"async\" class=\"alignnone size-full wp-image-5066\" src=\"https:\/\/cocinaenlinea.es\/wp-content\/uploads\/2022\/10\/1101243268-1688303316-1.png\" alt=\"\" width=\"1080\" height=\"1080\" srcset=\"https:\/\/cocinaenlinea.es\/wp-content\/uploads\/2022\/10\/1101243268-1688303316-1.png 1080w, https:\/\/cocinaenlinea.es\/wp-content\/uploads\/2022\/10\/1101243268-1688303316-1-300x300.png 300w, https:\/\/cocinaenlinea.es\/wp-content\/uploads\/2022\/10\/1101243268-1688303316-1-1024x1024.png 1024w, https:\/\/cocinaenlinea.es\/wp-content\/uploads\/2022\/10\/1101243268-1688303316-1-150x150.png 150w, https:\/\/cocinaenlinea.es\/wp-content\/uploads\/2022\/10\/1101243268-1688303316-1-768x768.png 768w, https:\/\/cocinaenlinea.es\/wp-content\/uploads\/2022\/10\/1101243268-1688303316-1-350x350.png 350w, https:\/\/cocinaenlinea.es\/wp-content\/uploads\/2022\/10\/1101243268-1688303316-1-600x600.png 600w, https:\/\/cocinaenlinea.es\/wp-content\/uploads\/2022\/10\/1101243268-1688303316-1-100x100.png 100w, https:\/\/cocinaenlinea.es\/wp-content\/uploads\/2022\/10\/1101243268-1688303316-1-50x50.png 50w\" sizes=\"(max-width: 1080px) 100vw, 1080px\" \/><\/p>\n<p>Motor potente: 2000W para un rendimiento \u00f3ptimo incluso con masas pesadas.<\/p>\n<p><img loading=\"lazy\" decoding=\"async\" class=\"alignnone size-full wp-image-5067\" src=\"https:\/\/cocinaenlinea.es\/wp-content\/uploads\/2022\/10\/110129034377569981.png\" alt=\"\" width=\"1080\" height=\"1080\" srcset=\"https:\/\/cocinaenlinea.es\/wp-content\/uploads\/2022\/10\/110129034377569981.png 1080w, https:\/\/cocinaenlinea.es\/wp-content\/uploads\/2022\/10\/110129034377569981-300x300.png 300w, https:\/\/cocinaenlinea.es\/wp-content\/uploads\/2022\/10\/110129034377569981-1024x1024.png 1024w, https:\/\/cocinaenlinea.es\/wp-content\/uploads\/2022\/10\/110129034377569981-150x150.png 150w, https:\/\/cocinaenlinea.es\/wp-content\/uploads\/2022\/10\/110129034377569981-768x768.png 768w, https:\/\/cocinaenlinea.es\/wp-content\/uploads\/2022\/10\/110129034377569981-350x350.png 350w, https:\/\/cocinaenlinea.es\/wp-content\/uploads\/2022\/10\/110129034377569981-600x600.png 600w, https:\/\/cocinaenlinea.es\/wp-content\/uploads\/2022\/10\/110129034377569981-100x100.png 100w, https:\/\/cocinaenlinea.es\/wp-content\/uploads\/2022\/10\/110129034377569981-50x50.png 50w\" sizes=\"(max-width: 1080px) 100vw, 1080px\" \/><\/p>\n<p>Capacidad extra grande: Bol de acero inoxidable de 8,5 litros, perfecto para grandes preparaciones.<\/p>\n<p><img loading=\"lazy\" decoding=\"async\" class=\"alignnone size-full wp-image-5065\" src=\"https:\/\/cocinaenlinea.es\/wp-content\/uploads\/2022\/10\/1102706749-957304622.png\" alt=\"\" width=\"1080\" height=\"1080\" srcset=\"https:\/\/cocinaenlinea.es\/wp-content\/uploads\/2022\/10\/1102706749-957304622.png 1080w, https:\/\/cocinaenlinea.es\/wp-content\/uploads\/2022\/10\/1102706749-957304622-300x300.png 300w, https:\/\/cocinaenlinea.es\/wp-content\/uploads\/2022\/10\/1102706749-957304622-1024x1024.png 1024w, https:\/\/cocinaenlinea.es\/wp-content\/uploads\/2022\/10\/1102706749-957304622-150x150.png 150w, https:\/\/cocinaenlinea.es\/wp-content\/uploads\/2022\/10\/1102706749-957304622-768x768.png 768w, https:\/\/cocinaenlinea.es\/wp-content\/uploads\/2022\/10\/1102706749-957304622-350x350.png 350w, https:\/\/cocinaenlinea.es\/wp-content\/uploads\/2022\/10\/1102706749-957304622-600x600.png 600w, https:\/\/cocinaenlinea.es\/wp-content\/uploads\/2022\/10\/1102706749-957304622-100x100.png 100w, https:\/\/cocinaenlinea.es\/wp-content\/uploads\/2022\/10\/1102706749-957304622-50x50.png 50w\" sizes=\"(max-width: 1080px) 100vw, 1080px\" \/><\/p>\n<p>Movimiento planetario: Asegura mezclas homog\u00e9neas y resultados consistentes.<\/p>\n<p><img loading=\"lazy\" decoding=\"async\" class=\"alignnone size-full wp-image-5068\" src=\"https:\/\/cocinaenlinea.es\/wp-content\/uploads\/2022\/10\/1102658593118518438.png\" alt=\"\" width=\"1080\" height=\"1080\" srcset=\"https:\/\/cocinaenlinea.es\/wp-content\/uploads\/2022\/10\/1102658593118518438.png 1080w, https:\/\/cocinaenlinea.es\/wp-content\/uploads\/2022\/10\/1102658593118518438-300x300.png 300w, https:\/\/cocinaenlinea.es\/wp-content\/uploads\/2022\/10\/1102658593118518438-1024x1024.png 1024w, https:\/\/cocinaenlinea.es\/wp-content\/uploads\/2022\/10\/1102658593118518438-150x150.png 150w, https:\/\/cocinaenlinea.es\/wp-content\/uploads\/2022\/10\/1102658593118518438-768x768.png 768w, https:\/\/cocinaenlinea.es\/wp-content\/uploads\/2022\/10\/1102658593118518438-350x350.png 350w, https:\/\/cocinaenlinea.es\/wp-content\/uploads\/2022\/10\/1102658593118518438-600x600.png 600w, https:\/\/cocinaenlinea.es\/wp-content\/uploads\/2022\/10\/1102658593118518438-100x100.png 100w, https:\/\/cocinaenlinea.es\/wp-content\/uploads\/2022\/10\/1102658593118518438-50x50.png 50w\" sizes=\"(max-width: 1080px) 100vw, 1080px\" \/><\/p>\n<p>Multifuncional 3 en 1: Incluye accesorios para batir, mezclar y amasar.<\/p>\n<p><img loading=\"lazy\" decoding=\"async\" class=\"size-full wp-image-5063\" src=\"https:\/\/cocinaenlinea.es\/wp-content\/uploads\/2022\/10\/IMG_20241216_202845.jpg\" alt=\"\" width=\"1070\" height=\"1069\" srcset=\"https:\/\/cocinaenlinea.es\/wp-content\/uploads\/2022\/10\/IMG_20241216_202845.jpg 1070w, https:\/\/cocinaenlinea.es\/wp-content\/uploads\/2022\/10\/IMG_20241216_202845-300x300.jpg 300w, https:\/\/cocinaenlinea.es\/wp-content\/uploads\/2022\/10\/IMG_20241216_202845-1024x1023.jpg 1024w, https:\/\/cocinaenlinea.es\/wp-content\/uploads\/2022\/10\/IMG_20241216_202845-150x150.jpg 150w, https:\/\/cocinaenlinea.es\/wp-content\/uploads\/2022\/10\/IMG_20241216_202845-768x767.jpg 768w, https:\/\/cocinaenlinea.es\/wp-content\/uploads\/2022\/10\/IMG_20241216_202845-350x350.jpg 350w, https:\/\/cocinaenlinea.es\/wp-content\/uploads\/2022\/10\/IMG_20241216_202845-600x599.jpg 600w, https:\/\/cocinaenlinea.es\/wp-content\/uploads\/2022\/10\/IMG_20241216_202845-100x100.jpg 100w, https:\/\/cocinaenlinea.es\/wp-content\/uploads\/2022\/10\/IMG_20241216_202845-50x50.jpg 50w\" sizes=\"(max-width: 1070px) 100vw, 1070px\" \/><\/p>\n<p>Dise\u00f1o elegante y moderno: Ideal para cualquier estilo de cocina.<\/p>\n<p><img loading=\"lazy\" decoding=\"async\" class=\"size-full wp-image-5062\" src=\"https:\/\/cocinaenlinea.es\/wp-content\/uploads\/2022\/10\/IMG_20241216_202855.jpg\" alt=\"\" width=\"1079\" height=\"1077\" srcset=\"https:\/\/cocinaenlinea.es\/wp-content\/uploads\/2022\/10\/IMG_20241216_202855.jpg 1079w, https:\/\/cocinaenlinea.es\/wp-content\/uploads\/2022\/10\/IMG_20241216_202855-300x299.jpg 300w, https:\/\/cocinaenlinea.es\/wp-content\/uploads\/2022\/10\/IMG_20241216_202855-1024x1022.jpg 1024w, https:\/\/cocinaenlinea.es\/wp-content\/uploads\/2022\/10\/IMG_20241216_202855-150x150.jpg 150w, https:\/\/cocinaenlinea.es\/wp-content\/uploads\/2022\/10\/IMG_20241216_202855-768x767.jpg 768w, https:\/\/cocinaenlinea.es\/wp-content\/uploads\/2022\/10\/IMG_20241216_202855-350x350.jpg 350w, https:\/\/cocinaenlinea.es\/wp-content\/uploads\/2022\/10\/IMG_20241216_202855-600x599.jpg 600w, https:\/\/cocinaenlinea.es\/wp-content\/uploads\/2022\/10\/IMG_20241216_202855-100x100.jpg 100w, https:\/\/cocinaenlinea.es\/wp-content\/uploads\/2022\/10\/IMG_20241216_202855-50x50.jpg 50w\" sizes=\"(max-width: 1079px) 100vw, 1079px\" \/><\/p>\n<p>F\u00e1cil limpieza: Accesorios desmontables y bol apto para lavavajillas.<\/p>\n<p><img loading=\"lazy\" decoding=\"async\" class=\"size-full wp-image-5059\" src=\"https:\/\/cocinaenlinea.es\/wp-content\/uploads\/2022\/10\/IMG_20241216_202834.jpg\" alt=\"\" width=\"1071\" height=\"1041\" srcset=\"https:\/\/cocinaenlinea.es\/wp-content\/uploads\/2022\/10\/IMG_20241216_202834.jpg 1071w, https:\/\/cocinaenlinea.es\/wp-content\/uploads\/2022\/10\/IMG_20241216_202834-300x292.jpg 300w, https:\/\/cocinaenlinea.es\/wp-content\/uploads\/2022\/10\/IMG_20241216_202834-1024x995.jpg 1024w, https:\/\/cocinaenlinea.es\/wp-content\/uploads\/2022\/10\/IMG_20241216_202834-768x746.jpg 768w, https:\/\/cocinaenlinea.es\/wp-content\/uploads\/2022\/10\/IMG_20241216_202834-600x583.jpg 600w, https:\/\/cocinaenlinea.es\/wp-content\/uploads\/2022\/10\/IMG_20241216_202834-50x50.jpg 50w\" sizes=\"(max-width: 1071px) 100vw, 1071px\" \/><\/p>\n<p>Este robot de cocina es la herramienta ideal para aficionados y profesionales que buscan resultados excepcionales con el menor esfuerzo. Homelux lleva tu creatividad culinaria al siguiente nivel.<\/p>\n<p><img loading=\"lazy\" decoding=\"async\" class=\"alignnone size-full wp-image-3357\" src=\"https:\/\/cocinaenlinea.es\/wp-content\/uploads\/2022\/07\/AnyConv.com__4-8.webp\" alt=\"\" width=\"1080\" height=\"540\" srcset=\"https:\/\/cocinaenlinea.es\/wp-content\/uploads\/2022\/07\/AnyConv.com__4-8.webp 1080w, https:\/\/cocinaenlinea.es\/wp-content\/uploads\/2022\/07\/AnyConv.com__4-8-300x150.webp 300w, https:\/\/cocinaenlinea.es\/wp-content\/uploads\/2022\/07\/AnyConv.com__4-8-1024x512.webp 1024w, https:\/\/cocinaenlinea.es\/wp-content\/uploads\/2022\/07\/AnyConv.com__4-8-768x384.webp 768w, https:\/\/cocinaenlinea.es\/wp-content\/uploads\/2022\/07\/AnyConv.com__4-8-600x300.webp 600w\" sizes=\"(max-width: 1080px) 100vw, 1080px\" \/><\/p>\n<p><img loading=\"lazy\" decoding=\"async\" class=\"alignnone size-full wp-image-3356\" src=\"https:\/\/cocinaenlinea.es\/wp-content\/uploads\/2022\/07\/AnyConv.com__3-8.webp\" alt=\"\" width=\"1080\" height=\"540\" srcset=\"https:\/\/cocinaenlinea.es\/wp-content\/uploads\/2022\/07\/AnyConv.com__3-8.webp 1080w, https:\/\/cocinaenlinea.es\/wp-content\/uploads\/2022\/07\/AnyConv.com__3-8-300x150.webp 300w, https:\/\/cocinaenlinea.es\/wp-content\/uploads\/2022\/07\/AnyConv.com__3-8-1024x512.webp 1024w, https:\/\/cocinaenlinea.es\/wp-content\/uploads\/2022\/07\/AnyConv.com__3-8-768x384.webp 768w, https:\/\/cocinaenlinea.es\/wp-content\/uploads\/2022\/07\/AnyConv.com__3-8-600x300.webp 600w\" sizes=\"(max-width: 1080px) 100vw, 1080px\" \/><\/p>\n<p><img loading=\"lazy\" decoding=\"async\" class=\"size-full wp-image-4750 aligncenter\" src=\"https:\/\/cocinaenlinea.es\/wp-content\/uploads\/2024\/11\/images.jpeg\" alt=\"\" width=\"226\" height=\"223\" srcset=\"https:\/\/cocinaenlinea.es\/wp-content\/uploads\/2024\/11\/images.jpeg 226w, https:\/\/cocinaenlinea.es\/wp-content\/uploads\/2024\/11\/images-100x100.jpeg 100w, https:\/\/cocinaenlinea.es\/wp-content\/uploads\/2024\/11\/images-50x50.jpeg 50w\" sizes=\"(max-width: 226px) 100vw, 226px\" \/><\/p>\n<p>&nbsp;<\/p>\n","protected":false},"excerpt":{"rendered":"<div class=\"x78zum5\" role=\"none\">\n<div class=\"x78zum5 x1iyjqo2 xs83m0k xeuugli x15zctf7\" role=\"none\" data-testid=\"message-container\">\n<div class=\"xkh2ocl x78zum5 xdt5ytf x1h91t0o x13a6bvl x1r145dm\" role=\"none\">\n<div class=\"x78zum5 xh8yej3\" role=\"none\">\n<div class=\"x78zum5 xdt5ytf x193iq5w x1n2onr6 xuk3077\">\n<div class=\"xkh2ocl x78zum5 xdt5ytf x1h91t0o x13a6bvl x193iq5w x1c4vz4f xcrg951\" role=\"none\">\n<div class=\"x1n2onr6 x1vjfegm\">\n<div class=\"xdj266r x11i5rnm xat24cr x1mh8g0r x1vvkbs\"><span class=\"x3nfvp2 x1j61x8r x1fcty0u xdj266r xhhsvwb xat24cr xgzva0m xxymvpz x10w6t97 x1td3qas\"><img loading=\"lazy\" decoding=\"async\" src=\"https:\/\/static.xx.fbcdn.net\/images\/emoji.php\/v9\/tba\/1\/32\/2b50.png\" alt=\"\u2b50\" width=\"32\" height=\"32\" \/><\/span><span class=\"x3nfvp2 x1j61x8r x1fcty0u xdj266r xhhsvwb xat24cr xgzva0m xxymvpz x10w6t97 x1td3qas\"><img loading=\"lazy\" decoding=\"async\" src=\"https:\/\/static.xx.fbcdn.net\/images\/emoji.php\/v9\/tba\/1\/32\/2b50.png\" alt=\"\u2b50\" width=\"32\" height=\"32\" \/><\/span><span class=\"x3nfvp2 x1j61x8r x1fcty0u xdj266r xhhsvwb xat24cr xgzva0m xxymvpz x10w6t97 x1td3qas\"><img loading=\"lazy\" decoding=\"async\" src=\"https:\/\/static.xx.fbcdn.net\/images\/emoji.php\/v9\/tba\/1\/32\/2b50.png\" alt=\"\u2b50\" width=\"32\" height=\"32\" \/><\/span><span class=\"x3nfvp2 x1j61x8r x1fcty0u xdj266r xhhsvwb xat24cr xgzva0m xxymvpz x10w6t97 x1td3qas\"><img loading=\"lazy\" decoding=\"async\" src=\"https:\/\/static.xx.fbcdn.net\/images\/emoji.php\/v9\/tba\/1\/32\/2b50.png\" alt=\"\u2b50\" width=\"32\" height=\"32\" \/><\/span><span class=\"x3nfvp2 x1j61x8r x1fcty0u xdj266r xhhsvwb xat24cr xgzva0m xxymvpz x10w6t97 x1td3qas\"><img loading=\"lazy\" decoding=\"async\" src=\"https:\/\/static.xx.fbcdn.net\/images\/emoji.php\/v9\/tba\/1\/32\/2b50.png\" alt=\"\u2b50\" width=\"32\" height=\"32\" \/><\/span><\/div>\n<\/div>\n<\/div>\n<\/div>\n<\/div>\n<\/div>\n<\/div>\n<\/div>\n","protected":false},"featured_media":5059,"template":"","meta":{"_kadence_starter_templates_imported_post":false},"product_brand":[],"product_cat":[87],"product_tag":[],"class_list":{"0":"post-750","1":"product","2":"type-product","3":"status-publish","4":"has-post-thumbnail","6":"product_cat-pequenos-electrodomesticos","8":"first","9":"outofstock","10":"sale","11":"shipping-taxable","12":"purchasable","13":"product-type-variable"},"_links":{"self":[{"href":"https:\/\/cocinaenlinea.es\/index.php?rest_route=\/wp\/v2\/product\/750","targetHints":{"allow":["GET"]}}],"collection":[{"href":"https:\/\/cocinaenlinea.es\/index.php?rest_route=\/wp\/v2\/product"}],"about":[{"href":"https:\/\/cocinaenlinea.es\/index.php?rest_route=\/wp\/v2\/types\/product"}],"wp:featuredmedia":[{"embeddable":true,"href":"https:\/\/cocinaenlinea.es\/index.php?rest_route=\/wp\/v2\/media\/5059"}],"wp:attachment":[{"href":"https:\/\/cocinaenlinea.es\/index.php?rest_route=%2Fwp%2Fv2%2Fmedia&parent=750"}],"wp:term":[{"taxonomy":"product_brand","embeddable":true,"href":"https:\/\/cocinaenlinea.es\/index.php?rest_route=%2Fwp%2Fv2%2Fproduct_brand&post=750"},{"taxonomy":"product_cat","embeddable":true,"href":"https:\/\/cocinaenlinea.es\/index.php?rest_route=%2Fwp%2Fv2%2Fproduct_cat&post=750"},{"taxonomy":"product_tag","embeddable":true,"href":"https:\/\/cocinaenlinea.es\/index.php?rest_route=%2Fwp%2Fv2%2Fproduct_tag&post=750"}],"curies":[{"name":"wp","href":"https:\/\/api.w.org\/{rel}","templated":true}]}}