{"id":713,"date":"2022-10-02T01:15:59","date_gmt":"2022-10-01T23:15:59","guid":{"rendered":"https:\/\/cocinaenlinea.es\/?post_type=product&#038;p=713"},"modified":"2025-03-13T23:24:33","modified_gmt":"2025-03-13T22:24:33","slug":"bateria-de-cocina-de-acero-inoxidable-de-16-piezas","status":"publish","type":"product","link":"https:\/\/cocinaenlinea.es\/?product=bateria-de-cocina-de-acero-inoxidable-de-16-piezas","title":{"rendered":"Bater\u00eda de cocina de acero inoxidable de 16 piezas"},"content":{"rendered":"<p>Bater\u00eda de cocina 16 piezas en acero inoxidable 18\/10, v\u00e1lida para cocinas el\u00e9ctrica, vitrocer\u00e1micas, gas e inducci\u00f3n. La gama Premium Classic Stainless de Royal Swiss se basa en una base de acero inoxidable 18\/10 con una base t\u00e9rmica de 7 capas que permite la conducci\u00f3n del calor para que los alimentos se calienten r\u00e1pidamente y se mantengan calientes durante mucho tiempo. Con este conjunto de accesorios de cocina, todos podemos cocinar. Tienen un dise\u00f1o elegante con su exterior de acero inoxidable, est\u00e1n equipadas con asas ergon\u00f3micas que no se calientan y tapas de cristal. Potente base t\u00e9rmica para una \u00f3ptima distribuci\u00f3n del calor.<\/p>\n<p><iframe title=\"Swiss Cuissine Line bater\u00eda de cocina 16 piezas\" width=\"820\" height=\"461\" src=\"https:\/\/www.youtube.com\/embed\/ZWf2zxEmzmc?feature=oembed\" frameborder=\"0\" allow=\"accelerometer; autoplay; clipboard-write; encrypted-media; gyroscope; picture-in-picture; web-share\" referrerpolicy=\"strict-origin-when-cross-origin\" allowfullscreen><\/iframe><\/p>\n<p><span class=\"fxk3tzhb b2rh1bv3 gh55jysx m8h3af8h ewco64xe kjdc1dyq ms56khn7 bq6c9xl4 eohcrkr5 akh3l2rg\"><img decoding=\"async\" src=\"https:\/\/static.xx.fbcdn.net\/images\/emoji.php\/v9\/t33\/1\/16\/2705.png\" alt=\"\u2705\" width=\"16\" height=\"16\" \/><\/span>CONTENIDO DE LA CAJA<\/p>\n<p>\u2713 Cacerola 6.3 Litros con tapa met\u00e1lica de 24\u00d714 cm<\/p>\n<p>\u2713 Cacerola 3.1 Litros con tapa met\u00e1lica de 20\u00d711 cm<\/p>\n<p>\u2713 Cacerola 1.6 Litros con tapa met\u00e1lica de 16\u00d78 cm<\/p>\n<p>\u2713 Olla a vapor de 20\u00d710 cm<\/p>\n<p>\u2713 Sart\u00e9n de 2.9 Litros con tapa 24\u00d76.5 cm<\/p>\n<p>\u2713 Cazo de 1.6 Litros con tapa met\u00e1lica de 16\u00d78 cm<\/p>\n<p>\u2713 Bol de mezcla de 1.6 Litros con tapa de pl\u00e1stico 20cm<\/p>\n<p>\u2713 2 Alfombras de baquelita<\/p>\n<p>\u2713 Bot\u00f3n de succi\u00f3n<\/p>\n<h3><em><strong>\ud83d\ude9a- Envio gratis y en 24h lo tiene en casa<\/strong><\/em><\/h3>\n<h3><em><strong>\ud83d\udce6- Pagos Contrareembolso<\/strong><\/em><\/h3>\n","protected":false},"excerpt":{"rendered":"<div class=\"k88nbmki alzwoclg cqf1kptm adechonz siu44isn gv6qu0l5\" role=\"none\">\n<div class=\"alzwoclg mfclru0v\" role=\"none\">\n<div class=\"alzwoclg cqf1kptm gvxzyvdx om3e55n1 gldv74r8\">\n<div class=\"k88nbmki alzwoclg cqf1kptm adechonz siu44isn gvxzyvdx c7y9u1f0 lg77cbj3\" role=\"none\">\n<div class=\"om3e55n1 b0ur3jhr\">\n<div class=\"m8h3af8h l7ghb35v kjdc1dyq kmwttqpk gh25dzvf\"><span class=\"fxk3tzhb b2rh1bv3 gh55jysx m8h3af8h ewco64xe kjdc1dyq ms56khn7 bq6c9xl4 h7q9eq3y iryl7rsq\"><img decoding=\"async\" src=\"https:\/\/static.xx.fbcdn.net\/images\/emoji.php\/v9\/tba\/1\/32\/2b50.png\" alt=\"\u2b50\" width=\"32\" height=\"32\" \/><\/span><span class=\"fxk3tzhb b2rh1bv3 gh55jysx m8h3af8h ewco64xe kjdc1dyq ms56khn7 bq6c9xl4 h7q9eq3y iryl7rsq\"><img decoding=\"async\" src=\"https:\/\/static.xx.fbcdn.net\/images\/emoji.php\/v9\/tba\/1\/32\/2b50.png\" alt=\"\u2b50\" width=\"32\" height=\"32\" \/><\/span><span class=\"fxk3tzhb b2rh1bv3 gh55jysx m8h3af8h ewco64xe kjdc1dyq ms56khn7 bq6c9xl4 h7q9eq3y iryl7rsq\"><img decoding=\"async\" src=\"https:\/\/static.xx.fbcdn.net\/images\/emoji.php\/v9\/tba\/1\/32\/2b50.png\" alt=\"\u2b50\" width=\"32\" height=\"32\" \/><\/span><span class=\"fxk3tzhb b2rh1bv3 gh55jysx m8h3af8h ewco64xe kjdc1dyq ms56khn7 bq6c9xl4 h7q9eq3y iryl7rsq\"><img decoding=\"async\" src=\"https:\/\/static.xx.fbcdn.net\/images\/emoji.php\/v9\/tba\/1\/32\/2b50.png\" alt=\"\u2b50\" width=\"32\" height=\"32\" \/><\/span><span class=\"fxk3tzhb b2rh1bv3 gh55jysx m8h3af8h ewco64xe kjdc1dyq ms56khn7 bq6c9xl4 h7q9eq3y iryl7rsq\"><img decoding=\"async\" src=\"https:\/\/static.xx.fbcdn.net\/images\/emoji.php\/v9\/tba\/1\/32\/2b50.png\" alt=\"\u2b50\" width=\"32\" height=\"32\" \/><\/span><\/div>\n<\/div>\n<\/div>\n<\/div>\n<\/div>\n<\/div>\n","protected":false},"featured_media":714,"template":"","meta":{"_kadence_starter_templates_imported_post":false},"product_brand":[],"product_cat":[16],"product_tag":[19],"class_list":{"0":"post-713","1":"product","2":"type-product","3":"status-publish","4":"has-post-thumbnail","6":"product_cat-articulos-de-cocina","7":"product_tag-swiss-line","9":"first","10":"outofstock","11":"sale","12":"shipping-taxable","13":"purchasable","14":"product-type-simple"},"_links":{"self":[{"href":"https:\/\/cocinaenlinea.es\/index.php?rest_route=\/wp\/v2\/product\/713","targetHints":{"allow":["GET"]}}],"collection":[{"href":"https:\/\/cocinaenlinea.es\/index.php?rest_route=\/wp\/v2\/product"}],"about":[{"href":"https:\/\/cocinaenlinea.es\/index.php?rest_route=\/wp\/v2\/types\/product"}],"wp:featuredmedia":[{"embeddable":true,"href":"https:\/\/cocinaenlinea.es\/index.php?rest_route=\/wp\/v2\/media\/714"}],"wp:attachment":[{"href":"https:\/\/cocinaenlinea.es\/index.php?rest_route=%2Fwp%2Fv2%2Fmedia&parent=713"}],"wp:term":[{"taxonomy":"product_brand","embeddable":true,"href":"https:\/\/cocinaenlinea.es\/index.php?rest_route=%2Fwp%2Fv2%2Fproduct_brand&post=713"},{"taxonomy":"product_cat","embeddable":true,"href":"https:\/\/cocinaenlinea.es\/index.php?rest_route=%2Fwp%2Fv2%2Fproduct_cat&post=713"},{"taxonomy":"product_tag","embeddable":true,"href":"https:\/\/cocinaenlinea.es\/index.php?rest_route=%2Fwp%2Fv2%2Fproduct_tag&post=713"}],"curies":[{"name":"wp","href":"https:\/\/api.w.org\/{rel}","templated":true}]}}