{"id":697,"date":"2022-10-02T00:13:59","date_gmt":"2022-10-01T22:13:59","guid":{"rendered":"https:\/\/cocinaenlinea.es\/?post_type=product&#038;p=697"},"modified":"2025-03-13T23:24:41","modified_gmt":"2025-03-13T22:24:41","slug":"bateria-de-cocina-grande-acero-inoxidable-8-piezas","status":"publish","type":"product","link":"https:\/\/cocinaenlinea.es\/?product=bateria-de-cocina-grande-acero-inoxidable-8-piezas","title":{"rendered":"bateria de cocina grande acero inoxidable 8 piezas"},"content":{"rendered":"<p><span class=\"fxk3tzhb b2rh1bv3 gh55jysx m8h3af8h ewco64xe kjdc1dyq ms56khn7 bq6c9xl4 eohcrkr5 akh3l2rg\"><img decoding=\"async\" src=\"https:\/\/static.xx.fbcdn.net\/images\/emoji.php\/v9\/t97\/1\/16\/1f69b.png\" alt=\"\ud83d\ude9b\" width=\"16\" height=\"16\" \/><\/span> env\u00edo gratis y super r\u00e1pido 24 hora <span class=\"fxk3tzhb b2rh1bv3 gh55jysx m8h3af8h ewco64xe kjdc1dyq ms56khn7 bq6c9xl4 eohcrkr5 akh3l2rg\"><img decoding=\"async\" src=\"https:\/\/static.xx.fbcdn.net\/images\/emoji.php\/v9\/t33\/1\/16\/2705.png\" alt=\"\u2705\" width=\"16\" height=\"16\" \/><\/span> Pagos contrareembolso Estuche de 8 piezas compuesto por 4 ollas de la marca Swiss Line. &#8211; Acero inoxidable 18\/10 para una cocci\u00f3n m\u00e1s saludable. &#8211; Compatible con todo tipo de cocinas, incluida inducci\u00f3n (gas el\u00e9ctrico\/vitrocer\u00e1mica hal\u00f3gena -inducci\u00f3n), material de alta calidad muy resistente. &#8211; Cubeta gruesa para una distribuci\u00f3n uniforme del calor y un ahorro de energ\u00eda. &#8211; Mango ergon\u00f3mico remachado \u2013 Graduaci\u00f3n en el interior \u2013 F\u00e1cil de limpiar \/ apto para lavavajillas \u2013 Dimensiones:<\/p>\n<p><span class=\"fxk3tzhb b2rh1bv3 gh55jysx m8h3af8h ewco64xe kjdc1dyq ms56khn7 bq6c9xl4 eohcrkr5 akh3l2rg\"><img decoding=\"async\" src=\"https:\/\/static.xx.fbcdn.net\/images\/emoji.php\/v9\/t2\/1\/16\/1f60d.png\" alt=\"\ud83d\ude0d\" width=\"16\" height=\"16\" \/><\/span>22 x 19 cm, 6,5 Litros<\/p>\n<p><span class=\"fxk3tzhb b2rh1bv3 gh55jysx m8h3af8h ewco64xe kjdc1dyq ms56khn7 bq6c9xl4 eohcrkr5 akh3l2rg\"><img decoding=\"async\" src=\"https:\/\/static.xx.fbcdn.net\/images\/emoji.php\/v9\/t2\/1\/16\/1f60d.png\" alt=\"\ud83d\ude0d\" width=\"16\" height=\"16\" \/><\/span>24 x 20 cm, 8,0 Litros<\/p>\n<p><span class=\"fxk3tzhb b2rh1bv3 gh55jysx m8h3af8h ewco64xe kjdc1dyq ms56khn7 bq6c9xl4 eohcrkr5 akh3l2rg\"><img decoding=\"async\" src=\"https:\/\/static.xx.fbcdn.net\/images\/emoji.php\/v9\/t2\/1\/16\/1f60d.png\" alt=\"\ud83d\ude0d\" width=\"16\" height=\"16\" \/><\/span>26 x 21 cm 10 Litros<\/p>\n<p><span class=\"fxk3tzhb b2rh1bv3 gh55jysx m8h3af8h ewco64xe kjdc1dyq ms56khn7 bq6c9xl4 eohcrkr5 akh3l2rg\"><img decoding=\"async\" src=\"https:\/\/static.xx.fbcdn.net\/images\/emoji.php\/v9\/t2\/1\/16\/1f60d.png\" alt=\"\ud83d\ude0d\" width=\"16\" height=\"16\" \/><\/span>28 x 22 cm 12,5 Litros<\/p>\n<h3><em><strong>\ud83d\ude9a- Envio gratis y en 24h lo tiene en casa<\/strong><\/em><\/h3>\n<h3><em><strong>\ud83d\udce6- Pagos Contrareembolso<\/strong><\/em><\/h3>\n","protected":false},"excerpt":{"rendered":"<div class=\"alzwoclg\" role=\"none\">\n<div class=\"alzwoclg cgu29s5g i15ihif8 aeinzg81 ov4vj3he\" role=\"none\" data-testid=\"message-container\">\n<div class=\"k88nbmki alzwoclg cqf1kptm adechonz siu44isn gv6qu0l5\" role=\"none\">\n<div class=\"alzwoclg mfclru0v\" role=\"none\">\n<div class=\"alzwoclg cqf1kptm gvxzyvdx om3e55n1 gldv74r8\">\n<div class=\"k88nbmki alzwoclg cqf1kptm adechonz siu44isn gvxzyvdx c7y9u1f0 lg77cbj3\" role=\"none\">\n<div class=\"om3e55n1 b0ur3jhr\">\n<div class=\"m8h3af8h l7ghb35v kjdc1dyq kmwttqpk gh25dzvf\"><span class=\"fxk3tzhb b2rh1bv3 gh55jysx m8h3af8h ewco64xe kjdc1dyq ms56khn7 bq6c9xl4 h7q9eq3y iryl7rsq\"><img loading=\"lazy\" decoding=\"async\" src=\"https:\/\/static.xx.fbcdn.net\/images\/emoji.php\/v9\/tba\/1\/32\/2b50.png\" alt=\"\u2b50\" width=\"32\" height=\"32\" \/><\/span><span class=\"fxk3tzhb b2rh1bv3 gh55jysx m8h3af8h ewco64xe kjdc1dyq ms56khn7 bq6c9xl4 h7q9eq3y iryl7rsq\"><img loading=\"lazy\" decoding=\"async\" src=\"https:\/\/static.xx.fbcdn.net\/images\/emoji.php\/v9\/tba\/1\/32\/2b50.png\" alt=\"\u2b50\" width=\"32\" height=\"32\" \/><\/span><span class=\"fxk3tzhb b2rh1bv3 gh55jysx m8h3af8h ewco64xe kjdc1dyq ms56khn7 bq6c9xl4 h7q9eq3y iryl7rsq\"><img loading=\"lazy\" decoding=\"async\" src=\"https:\/\/static.xx.fbcdn.net\/images\/emoji.php\/v9\/tba\/1\/32\/2b50.png\" alt=\"\u2b50\" width=\"32\" height=\"32\" \/><\/span><span class=\"fxk3tzhb b2rh1bv3 gh55jysx m8h3af8h ewco64xe kjdc1dyq ms56khn7 bq6c9xl4 h7q9eq3y iryl7rsq\"><img loading=\"lazy\" decoding=\"async\" src=\"https:\/\/static.xx.fbcdn.net\/images\/emoji.php\/v9\/tba\/1\/32\/2b50.png\" alt=\"\u2b50\" width=\"32\" height=\"32\" \/><\/span><span class=\"fxk3tzhb b2rh1bv3 gh55jysx m8h3af8h ewco64xe kjdc1dyq ms56khn7 bq6c9xl4 h7q9eq3y iryl7rsq\"><img loading=\"lazy\" decoding=\"async\" src=\"https:\/\/static.xx.fbcdn.net\/images\/emoji.php\/v9\/tba\/1\/32\/2b50.png\" alt=\"\u2b50\" width=\"32\" height=\"32\" \/><\/span><\/div>\n<\/div>\n<\/div>\n<\/div>\n<\/div>\n<\/div>\n<\/div>\n<\/div>\n","protected":false},"featured_media":698,"template":"","meta":{"_kadence_starter_templates_imported_post":false},"product_brand":[],"product_cat":[16],"product_tag":[19],"class_list":{"0":"post-697","1":"product","2":"type-product","3":"status-publish","4":"has-post-thumbnail","6":"product_cat-articulos-de-cocina","7":"product_tag-swiss-line","9":"first","10":"outofstock","11":"sale","12":"shipping-taxable","13":"purchasable","14":"product-type-simple"},"_links":{"self":[{"href":"https:\/\/cocinaenlinea.es\/index.php?rest_route=\/wp\/v2\/product\/697","targetHints":{"allow":["GET"]}}],"collection":[{"href":"https:\/\/cocinaenlinea.es\/index.php?rest_route=\/wp\/v2\/product"}],"about":[{"href":"https:\/\/cocinaenlinea.es\/index.php?rest_route=\/wp\/v2\/types\/product"}],"wp:featuredmedia":[{"embeddable":true,"href":"https:\/\/cocinaenlinea.es\/index.php?rest_route=\/wp\/v2\/media\/698"}],"wp:attachment":[{"href":"https:\/\/cocinaenlinea.es\/index.php?rest_route=%2Fwp%2Fv2%2Fmedia&parent=697"}],"wp:term":[{"taxonomy":"product_brand","embeddable":true,"href":"https:\/\/cocinaenlinea.es\/index.php?rest_route=%2Fwp%2Fv2%2Fproduct_brand&post=697"},{"taxonomy":"product_cat","embeddable":true,"href":"https:\/\/cocinaenlinea.es\/index.php?rest_route=%2Fwp%2Fv2%2Fproduct_cat&post=697"},{"taxonomy":"product_tag","embeddable":true,"href":"https:\/\/cocinaenlinea.es\/index.php?rest_route=%2Fwp%2Fv2%2Fproduct_tag&post=697"}],"curies":[{"name":"wp","href":"https:\/\/api.w.org\/{rel}","templated":true}]}}