{"id":6634,"date":"2025-03-19T23:16:32","date_gmt":"2025-03-19T22:16:32","guid":{"rendered":"https:\/\/cocinaenlinea.es\/?post_type=product&#038;p=6634"},"modified":"2025-11-10T15:40:56","modified_gmt":"2025-11-10T14:40:56","slug":"motoazada-de-gasolina-63cc-potente-y-compacta-para-el-jardin","status":"publish","type":"product","link":"https:\/\/cocinaenlinea.es\/?product=motoazada-de-gasolina-63cc-potente-y-compacta-para-el-jardin","title":{"rendered":"Motoazadas y motocultores de Gasolina 63CC &#8211; Potente y Compacta para el Jard\u00edn ( SERVECIO POSTVENTA Y FOTOS REAL)"},"content":{"rendered":"<p>Motoazada de Gasolina 63CC \u2013 Potencia y Eficiencia para tu Huerto (envio incluido y repuesto disponible)<\/p>\n<div style=\"width: 820px;\" class=\"wp-video\"><video class=\"wp-video-shortcode\" id=\"video-6634-1\" width=\"820\" height=\"462\" preload=\"metadata\" controls=\"controls\"><source type=\"video\/mp4\" src=\"https:\/\/cocinaenlinea.es\/wp-content\/uploads\/2025\/03\/VID-20250423-WA0005.mp4?_=1\" \/><a href=\"https:\/\/cocinaenlinea.es\/wp-content\/uploads\/2025\/03\/VID-20250423-WA0005.mp4\">https:\/\/cocinaenlinea.es\/wp-content\/uploads\/2025\/03\/VID-20250423-WA0005.mp4<\/a><\/video><\/div>\n<p><img fetchpriority=\"high\" decoding=\"async\" class=\"size-full wp-image-6635\" src=\"https:\/\/cocinaenlinea.es\/wp-content\/uploads\/2025\/03\/IMG_20250318_033252.jpg\" alt=\"\" width=\"1080\" height=\"1063\" srcset=\"https:\/\/cocinaenlinea.es\/wp-content\/uploads\/2025\/03\/IMG_20250318_033252.jpg 1080w, https:\/\/cocinaenlinea.es\/wp-content\/uploads\/2025\/03\/IMG_20250318_033252-300x295.jpg 300w, https:\/\/cocinaenlinea.es\/wp-content\/uploads\/2025\/03\/IMG_20250318_033252-1024x1008.jpg 1024w, https:\/\/cocinaenlinea.es\/wp-content\/uploads\/2025\/03\/IMG_20250318_033252-768x756.jpg 768w, https:\/\/cocinaenlinea.es\/wp-content\/uploads\/2025\/03\/IMG_20250318_033252-600x591.jpg 600w, https:\/\/cocinaenlinea.es\/wp-content\/uploads\/2025\/03\/IMG_20250318_033252-50x50.jpg 50w\" sizes=\"(max-width: 1080px) 100vw, 1080px\" \/><\/p>\n<p><img decoding=\"async\" class=\"alignnone wp-image-7071\" src=\"https:\/\/cocinaenlinea.es\/wp-content\/uploads\/2025\/03\/VID-20250420-WA0012.gif\" alt=\"\" width=\"1080\" height=\"1947\" \/><\/p>\n<p>Prepara el suelo de tu jard\u00edn o huerto de manera r\u00e1pida y eficiente con la motoazada de gasolina 63CC. Su potente motor de 2 tiempos y 3,2 kW garantiza un arado profundo y uniforme, ideal para la aireaci\u00f3n y el crecimiento \u00f3ptimo de tus cultivos.<\/p>\n<p>&nbsp;<\/p>\n<h3><img decoding=\"async\" class=\"alignnone wp-image-7073\" src=\"https:\/\/cocinaenlinea.es\/wp-content\/uploads\/2025\/03\/VID-20250420-WA0013.gif\" alt=\"\" width=\"1080\" height=\"1947\" \/><\/h3>\n<h3>Caracter\u00edsticas Principales:<\/h3>\n<p>\u2714 Motor potente: 63CC, 2 tiempos, 3,2 kW de potencia.<\/p>\n<p>\u2714 Ancho de trabajo: 43 cm, abarcando m\u00e1s terreno en menos tiempo.<\/p>\n<p>\u2714 Profundidad de arado: Ajustable entre 12 y 25 cm para mayor versatilidad.<\/p>\n<p>\u2714 Dep\u00f3sito de combustible: 1,1 L, ofreciendo mayor autonom\u00eda de trabajo.<\/p>\n<p>\u2714 Dise\u00f1o ergon\u00f3mico y compacto: F\u00e1cil de manejar y almacenar.<\/p>\n<p>\u2714 Transmisi\u00f3n eficiente: Relaci\u00f3n de velocidad 27:1 para mejor rendimiento.<\/p>\n<p>\u2714 Peso ligero: Solo 20 kg, facilitando su transporte y uso.<\/p>\n<p><img loading=\"lazy\" decoding=\"async\" class=\"alignnone wp-image-7074\" src=\"https:\/\/cocinaenlinea.es\/wp-content\/uploads\/2025\/03\/VID-20250420-WA0010-1.gif\" alt=\"\" width=\"1080\" height=\"1947\" \/><\/p>\n<p><img loading=\"lazy\" decoding=\"async\" class=\"alignnone size-full wp-image-7058\" src=\"https:\/\/cocinaenlinea.es\/wp-content\/uploads\/2025\/03\/Screenshot_2025-04-20-18-14-47-63_7352322957d4404136654ef4adb64504-e1745167074644.jpg\" alt=\"\" width=\"1068\" height=\"884\" srcset=\"https:\/\/cocinaenlinea.es\/wp-content\/uploads\/2025\/03\/Screenshot_2025-04-20-18-14-47-63_7352322957d4404136654ef4adb64504-e1745167074644.jpg 1068w, https:\/\/cocinaenlinea.es\/wp-content\/uploads\/2025\/03\/Screenshot_2025-04-20-18-14-47-63_7352322957d4404136654ef4adb64504-e1745167074644-300x248.jpg 300w, https:\/\/cocinaenlinea.es\/wp-content\/uploads\/2025\/03\/Screenshot_2025-04-20-18-14-47-63_7352322957d4404136654ef4adb64504-e1745167074644-1024x848.jpg 1024w, https:\/\/cocinaenlinea.es\/wp-content\/uploads\/2025\/03\/Screenshot_2025-04-20-18-14-47-63_7352322957d4404136654ef4adb64504-e1745167074644-768x636.jpg 768w, https:\/\/cocinaenlinea.es\/wp-content\/uploads\/2025\/03\/Screenshot_2025-04-20-18-14-47-63_7352322957d4404136654ef4adb64504-e1745167074644-600x497.jpg 600w\" sizes=\"(max-width: 1068px) 100vw, 1068px\" \/><\/p>\n<p><img loading=\"lazy\" decoding=\"async\" class=\"size-full wp-image-6640\" src=\"https:\/\/cocinaenlinea.es\/wp-content\/uploads\/2025\/03\/IMG_20250318_033322.jpg\" alt=\"\" width=\"1080\" height=\"1072\" srcset=\"https:\/\/cocinaenlinea.es\/wp-content\/uploads\/2025\/03\/IMG_20250318_033322.jpg 1080w, https:\/\/cocinaenlinea.es\/wp-content\/uploads\/2025\/03\/IMG_20250318_033322-300x298.jpg 300w, https:\/\/cocinaenlinea.es\/wp-content\/uploads\/2025\/03\/IMG_20250318_033322-1024x1016.jpg 1024w, https:\/\/cocinaenlinea.es\/wp-content\/uploads\/2025\/03\/IMG_20250318_033322-150x150.jpg 150w, https:\/\/cocinaenlinea.es\/wp-content\/uploads\/2025\/03\/IMG_20250318_033322-768x762.jpg 768w, https:\/\/cocinaenlinea.es\/wp-content\/uploads\/2025\/03\/IMG_20250318_033322-600x596.jpg 600w, https:\/\/cocinaenlinea.es\/wp-content\/uploads\/2025\/03\/IMG_20250318_033322-100x100.jpg 100w, https:\/\/cocinaenlinea.es\/wp-content\/uploads\/2025\/03\/IMG_20250318_033322-50x50.jpg 50w\" sizes=\"(max-width: 1080px) 100vw, 1080px\" \/><\/p>\n<p><img loading=\"lazy\" decoding=\"async\" class=\"size-full wp-image-6639\" src=\"https:\/\/cocinaenlinea.es\/wp-content\/uploads\/2025\/03\/IMG_20250318_033347.jpg\" alt=\"\" width=\"1080\" height=\"1305\" srcset=\"https:\/\/cocinaenlinea.es\/wp-content\/uploads\/2025\/03\/IMG_20250318_033347.jpg 1080w, https:\/\/cocinaenlinea.es\/wp-content\/uploads\/2025\/03\/IMG_20250318_033347-248x300.jpg 248w, https:\/\/cocinaenlinea.es\/wp-content\/uploads\/2025\/03\/IMG_20250318_033347-847x1024.jpg 847w, https:\/\/cocinaenlinea.es\/wp-content\/uploads\/2025\/03\/IMG_20250318_033347-768x928.jpg 768w, https:\/\/cocinaenlinea.es\/wp-content\/uploads\/2025\/03\/IMG_20250318_033347-1024x1237.jpg 1024w, https:\/\/cocinaenlinea.es\/wp-content\/uploads\/2025\/03\/IMG_20250318_033347-300x363.jpg 300w, https:\/\/cocinaenlinea.es\/wp-content\/uploads\/2025\/03\/IMG_20250318_033347-600x725.jpg 600w\" sizes=\"(max-width: 1080px) 100vw, 1080px\" \/><\/p>\n<div class=\"mceTemp\"><img loading=\"lazy\" decoding=\"async\" class=\"size-full wp-image-6641\" src=\"https:\/\/cocinaenlinea.es\/wp-content\/uploads\/2025\/03\/IMG_20250318_033301.jpg\" alt=\"\" width=\"1080\" height=\"1077\" srcset=\"https:\/\/cocinaenlinea.es\/wp-content\/uploads\/2025\/03\/IMG_20250318_033301.jpg 1080w, https:\/\/cocinaenlinea.es\/wp-content\/uploads\/2025\/03\/IMG_20250318_033301-300x299.jpg 300w, https:\/\/cocinaenlinea.es\/wp-content\/uploads\/2025\/03\/IMG_20250318_033301-1024x1021.jpg 1024w, https:\/\/cocinaenlinea.es\/wp-content\/uploads\/2025\/03\/IMG_20250318_033301-150x150.jpg 150w, https:\/\/cocinaenlinea.es\/wp-content\/uploads\/2025\/03\/IMG_20250318_033301-768x766.jpg 768w, https:\/\/cocinaenlinea.es\/wp-content\/uploads\/2025\/03\/IMG_20250318_033301-350x350.jpg 350w, https:\/\/cocinaenlinea.es\/wp-content\/uploads\/2025\/03\/IMG_20250318_033301-600x598.jpg 600w, https:\/\/cocinaenlinea.es\/wp-content\/uploads\/2025\/03\/IMG_20250318_033301-100x100.jpg 100w, https:\/\/cocinaenlinea.es\/wp-content\/uploads\/2025\/03\/IMG_20250318_033301-50x50.jpg 50w\" sizes=\"(max-width: 1080px) 100vw, 1080px\" \/><\/div>\n<p>&nbsp;<\/p>\n<h4><img loading=\"lazy\" decoding=\"async\" class=\"alignnone size-full wp-image-7056\" src=\"https:\/\/cocinaenlinea.es\/wp-content\/uploads\/2025\/03\/S61afdc25d7b14aad945f7d8153015fb1R.webp\" alt=\"\" width=\"800\" height=\"800\" srcset=\"https:\/\/cocinaenlinea.es\/wp-content\/uploads\/2025\/03\/S61afdc25d7b14aad945f7d8153015fb1R.webp 800w, https:\/\/cocinaenlinea.es\/wp-content\/uploads\/2025\/03\/S61afdc25d7b14aad945f7d8153015fb1R-300x300.webp 300w, https:\/\/cocinaenlinea.es\/wp-content\/uploads\/2025\/03\/S61afdc25d7b14aad945f7d8153015fb1R-150x150.webp 150w, https:\/\/cocinaenlinea.es\/wp-content\/uploads\/2025\/03\/S61afdc25d7b14aad945f7d8153015fb1R-768x768.webp 768w, https:\/\/cocinaenlinea.es\/wp-content\/uploads\/2025\/03\/S61afdc25d7b14aad945f7d8153015fb1R-350x350.webp 350w, https:\/\/cocinaenlinea.es\/wp-content\/uploads\/2025\/03\/S61afdc25d7b14aad945f7d8153015fb1R-600x600.webp 600w, https:\/\/cocinaenlinea.es\/wp-content\/uploads\/2025\/03\/S61afdc25d7b14aad945f7d8153015fb1R-100x100.webp 100w, https:\/\/cocinaenlinea.es\/wp-content\/uploads\/2025\/03\/S61afdc25d7b14aad945f7d8153015fb1R-50x50.webp 50w\" sizes=\"(max-width: 800px) 100vw, 800px\" \/><\/h4>\n<h4><img loading=\"lazy\" decoding=\"async\" class=\"alignnone size-full wp-image-7057\" src=\"https:\/\/cocinaenlinea.es\/wp-content\/uploads\/2025\/03\/Screenshot_2025-04-20-18-14-43-07_7352322957d4404136654ef4adb64504-e1745166994277.jpg\" alt=\"\" width=\"1080\" height=\"1216\" srcset=\"https:\/\/cocinaenlinea.es\/wp-content\/uploads\/2025\/03\/Screenshot_2025-04-20-18-14-43-07_7352322957d4404136654ef4adb64504-e1745166994277.jpg 1080w, https:\/\/cocinaenlinea.es\/wp-content\/uploads\/2025\/03\/Screenshot_2025-04-20-18-14-43-07_7352322957d4404136654ef4adb64504-e1745166994277-266x300.jpg 266w, https:\/\/cocinaenlinea.es\/wp-content\/uploads\/2025\/03\/Screenshot_2025-04-20-18-14-43-07_7352322957d4404136654ef4adb64504-e1745166994277-909x1024.jpg 909w, https:\/\/cocinaenlinea.es\/wp-content\/uploads\/2025\/03\/Screenshot_2025-04-20-18-14-43-07_7352322957d4404136654ef4adb64504-e1745166994277-768x865.jpg 768w, https:\/\/cocinaenlinea.es\/wp-content\/uploads\/2025\/03\/Screenshot_2025-04-20-18-14-43-07_7352322957d4404136654ef4adb64504-e1745166994277-1024x1153.jpg 1024w, https:\/\/cocinaenlinea.es\/wp-content\/uploads\/2025\/03\/Screenshot_2025-04-20-18-14-43-07_7352322957d4404136654ef4adb64504-e1745166994277-300x338.jpg 300w, https:\/\/cocinaenlinea.es\/wp-content\/uploads\/2025\/03\/Screenshot_2025-04-20-18-14-43-07_7352322957d4404136654ef4adb64504-e1745166994277-600x676.jpg 600w\" sizes=\"(max-width: 1080px) 100vw, 1080px\" \/><\/h4>\n<h4>\u00bfPor qu\u00e9 elegir esta motoazada?<\/h4>\n<p>\u2705 Facilita la preparaci\u00f3n del suelo: Ideal para jardines, huertos y terrenos compactos.<\/p>\n<p>\u2705 Ahorra tiempo y esfuerzo: Gracias a su motor potente y dise\u00f1o optimizado.<\/p>\n<p>\u2705 Durabilidad y resistencia: Materiales robustos y una transmisi\u00f3n eficiente.<\/p>\n<p><img loading=\"lazy\" decoding=\"async\" class=\"size-full wp-image-6638\" src=\"https:\/\/cocinaenlinea.es\/wp-content\/uploads\/2025\/03\/IMG_20250318_033358.jpg\" alt=\"\" width=\"1080\" height=\"1188\" srcset=\"https:\/\/cocinaenlinea.es\/wp-content\/uploads\/2025\/03\/IMG_20250318_033358.jpg 1080w, https:\/\/cocinaenlinea.es\/wp-content\/uploads\/2025\/03\/IMG_20250318_033358-273x300.jpg 273w, https:\/\/cocinaenlinea.es\/wp-content\/uploads\/2025\/03\/IMG_20250318_033358-931x1024.jpg 931w, https:\/\/cocinaenlinea.es\/wp-content\/uploads\/2025\/03\/IMG_20250318_033358-768x845.jpg 768w, https:\/\/cocinaenlinea.es\/wp-content\/uploads\/2025\/03\/IMG_20250318_033358-1024x1126.jpg 1024w, https:\/\/cocinaenlinea.es\/wp-content\/uploads\/2025\/03\/IMG_20250318_033358-300x330.jpg 300w, https:\/\/cocinaenlinea.es\/wp-content\/uploads\/2025\/03\/IMG_20250318_033358-600x660.jpg 600w\" sizes=\"(max-width: 1080px) 100vw, 1080px\" \/><\/p>\n<div style=\"width: 720px;\" class=\"wp-video\"><video class=\"wp-video-shortcode\" id=\"video-6634-2\" width=\"720\" height=\"960\" preload=\"metadata\" controls=\"controls\"><source type=\"video\/mp4\" src=\"https:\/\/cocinaenlinea.es\/wp-content\/uploads\/2025\/03\/Hot-Selling-65cc-2.3KW-Product-Mini-Rotary-Tiller-Farming-Equipment-Agricultural-Cultivator-Machine.mp4?_=2\" \/><a href=\"https:\/\/cocinaenlinea.es\/wp-content\/uploads\/2025\/03\/Hot-Selling-65cc-2.3KW-Product-Mini-Rotary-Tiller-Farming-Equipment-Agricultural-Cultivator-Machine.mp4\">https:\/\/cocinaenlinea.es\/wp-content\/uploads\/2025\/03\/Hot-Selling-65cc-2.3KW-Product-Mini-Rotary-Tiller-Farming-Equipment-Agricultural-Cultivator-Machine.mp4<\/a><\/video><\/div>\n<h3><\/h3>\n<h4><span style=\"color: #0000ff;\">Para mezclar correctamente la gasolina para la motoazada de 2 tiempos, sigue estos pasos:<\/span><\/h4>\n<h4>1. <span style=\"color: #ff0000;\">Proporci\u00f3n de mezcla<\/span><\/h4>\n<p>La mayor\u00eda de los motores de 2 tiempos usan una mezcla de gasolina y aceite en una proporci\u00f3n de 25:1 o 40:1.<\/p>\n<p>Para la motoazada de 63CC, revisa el manual, pero generalmente se usa 25:1.<\/p>\n<p>C\u00e1lculo de la mezcla (25:1)<\/p>\n<h4>2. <span style=\"color: #ff0000;\">Materiales necesarios<\/span><\/h4>\n<p>\u2705 Gasolina sin plomo (octanaje 90 o superior).<\/p>\n<p>\u2705 Aceite para motores de 2 tiempos (semi o totalmente sint\u00e9tico).<\/p>\n<p>\u2705 Recipiente limpio aprobado para gasolina.<\/p>\n<p>\u2705 Jeringa o medidor para el aceite.<\/p>\n<h4>3. <span style=\"color: #ff0000;\">Pasos para mezclar<\/span><\/h4>\n<p>1. Vierte primero el aceite en el recipiente.<\/p>\n<p>2. A\u00f1ade la gasolina en la cantidad adecuada.<\/p>\n<p>3. Mezcla bien agitando el recipiente con cuidado.<\/p>\n<p>4. Llena el tanque de la motoazada y usa la mezcla el mismo d\u00eda o en m\u00e1ximo 30 d\u00edas para evitar que pierda propiedades.<\/p>\n<p>\u274c NO uses gasolina sin mezclar, ya que da\u00f1ar\u00e1 el motor<\/p>\n<h3><em>Aprovecha la oportunidad de mejorar tu jard\u00edn con una herramienta de calidad profesional<\/em><\/h3>\n<p><img loading=\"lazy\" decoding=\"async\" class=\"alignnone size-full wp-image-3357\" src=\"https:\/\/cocinaenlinea.es\/wp-content\/uploads\/2022\/07\/AnyConv.com__4-8.webp\" alt=\"\" width=\"1080\" height=\"540\" srcset=\"https:\/\/cocinaenlinea.es\/wp-content\/uploads\/2022\/07\/AnyConv.com__4-8.webp 1080w, https:\/\/cocinaenlinea.es\/wp-content\/uploads\/2022\/07\/AnyConv.com__4-8-300x150.webp 300w, https:\/\/cocinaenlinea.es\/wp-content\/uploads\/2022\/07\/AnyConv.com__4-8-1024x512.webp 1024w, https:\/\/cocinaenlinea.es\/wp-content\/uploads\/2022\/07\/AnyConv.com__4-8-768x384.webp 768w, https:\/\/cocinaenlinea.es\/wp-content\/uploads\/2022\/07\/AnyConv.com__4-8-600x300.webp 600w\" sizes=\"(max-width: 1080px) 100vw, 1080px\" \/><\/p>\n<p><img loading=\"lazy\" decoding=\"async\" class=\"alignnone wp-image-3359 size-full\" src=\"https:\/\/cocinaenlinea.es\/wp-content\/uploads\/2024\/08\/AnyConv.com__3-8.webp\" alt=\"\" width=\"1080\" height=\"540\" srcset=\"https:\/\/cocinaenlinea.es\/wp-content\/uploads\/2024\/08\/AnyConv.com__3-8.webp 1080w, https:\/\/cocinaenlinea.es\/wp-content\/uploads\/2024\/08\/AnyConv.com__3-8-300x150.webp 300w, https:\/\/cocinaenlinea.es\/wp-content\/uploads\/2024\/08\/AnyConv.com__3-8-1024x512.webp 1024w, https:\/\/cocinaenlinea.es\/wp-content\/uploads\/2024\/08\/AnyConv.com__3-8-768x384.webp 768w, https:\/\/cocinaenlinea.es\/wp-content\/uploads\/2024\/08\/AnyConv.com__3-8-600x300.webp 600w\" sizes=\"(max-width: 1080px) 100vw, 1080px\" \/><\/p>\n<p><img loading=\"lazy\" decoding=\"async\" class=\"alignnone size-full wp-image-3348\" src=\"https:\/\/cocinaenlinea.es\/wp-content\/uploads\/2022\/07\/AnyConv.com__banner-web-SECUNDARIA-1080-\u00d7-1080-px-5-qcp2r10ej1be4121ios2xcgx3fqfccelhksr1nd5c0.webp\" alt=\"\" width=\"800\" height=\"800\" srcset=\"https:\/\/cocinaenlinea.es\/wp-content\/uploads\/2022\/07\/AnyConv.com__banner-web-SECUNDARIA-1080-\u00d7-1080-px-5-qcp2r10ej1be4121ios2xcgx3fqfccelhksr1nd5c0.webp 800w, https:\/\/cocinaenlinea.es\/wp-content\/uploads\/2022\/07\/AnyConv.com__banner-web-SECUNDARIA-1080-\u00d7-1080-px-5-qcp2r10ej1be4121ios2xcgx3fqfccelhksr1nd5c0-300x300.webp 300w, https:\/\/cocinaenlinea.es\/wp-content\/uploads\/2022\/07\/AnyConv.com__banner-web-SECUNDARIA-1080-\u00d7-1080-px-5-qcp2r10ej1be4121ios2xcgx3fqfccelhksr1nd5c0-150x150.webp 150w, https:\/\/cocinaenlinea.es\/wp-content\/uploads\/2022\/07\/AnyConv.com__banner-web-SECUNDARIA-1080-\u00d7-1080-px-5-qcp2r10ej1be4121ios2xcgx3fqfccelhksr1nd5c0-768x768.webp 768w, https:\/\/cocinaenlinea.es\/wp-content\/uploads\/2022\/07\/AnyConv.com__banner-web-SECUNDARIA-1080-\u00d7-1080-px-5-qcp2r10ej1be4121ios2xcgx3fqfccelhksr1nd5c0-350x350.webp 350w, https:\/\/cocinaenlinea.es\/wp-content\/uploads\/2022\/07\/AnyConv.com__banner-web-SECUNDARIA-1080-\u00d7-1080-px-5-qcp2r10ej1be4121ios2xcgx3fqfccelhksr1nd5c0-600x600.webp 600w, https:\/\/cocinaenlinea.es\/wp-content\/uploads\/2022\/07\/AnyConv.com__banner-web-SECUNDARIA-1080-\u00d7-1080-px-5-qcp2r10ej1be4121ios2xcgx3fqfccelhksr1nd5c0-100x100.webp 100w, https:\/\/cocinaenlinea.es\/wp-content\/uploads\/2022\/07\/AnyConv.com__banner-web-SECUNDARIA-1080-\u00d7-1080-px-5-qcp2r10ej1be4121ios2xcgx3fqfccelhksr1nd5c0-50x50.webp 50w\" sizes=\"(max-width: 800px) 100vw, 800px\" \/><\/p>\n","protected":false},"excerpt":{"rendered":"<p>Motoazada de Gasolina 63CC \u2013 Potencia y Eficiencia para tu Huerto (envio incluido y repuesto disponible) Prepara el suelo de tu jard\u00edn o huerto de manera r\u00e1pida y eficiente con la motoazada de gasolina 63CC. Su potente motor de 2 tiempos y 3,2 kW garantiza un arado profundo y uniforme, ideal para la aireaci\u00f3n y [&hellip;]<\/p>\n","protected":false},"featured_media":7810,"template":"","meta":{"_kadence_starter_templates_imported_post":false},"product_brand":[],"product_cat":[18],"product_tag":[],"class_list":{"0":"post-6634","1":"product","2":"type-product","3":"status-publish","4":"has-post-thumbnail","6":"product_cat-herramienta","8":"first","9":"instock","10":"sale","11":"shipping-taxable","12":"purchasable","13":"product-type-simple"},"_links":{"self":[{"href":"https:\/\/cocinaenlinea.es\/index.php?rest_route=\/wp\/v2\/product\/6634","targetHints":{"allow":["GET"]}}],"collection":[{"href":"https:\/\/cocinaenlinea.es\/index.php?rest_route=\/wp\/v2\/product"}],"about":[{"href":"https:\/\/cocinaenlinea.es\/index.php?rest_route=\/wp\/v2\/types\/product"}],"wp:featuredmedia":[{"embeddable":true,"href":"https:\/\/cocinaenlinea.es\/index.php?rest_route=\/wp\/v2\/media\/7810"}],"wp:attachment":[{"href":"https:\/\/cocinaenlinea.es\/index.php?rest_route=%2Fwp%2Fv2%2Fmedia&parent=6634"}],"wp:term":[{"taxonomy":"product_brand","embeddable":true,"href":"https:\/\/cocinaenlinea.es\/index.php?rest_route=%2Fwp%2Fv2%2Fproduct_brand&post=6634"},{"taxonomy":"product_cat","embeddable":true,"href":"https:\/\/cocinaenlinea.es\/index.php?rest_route=%2Fwp%2Fv2%2Fproduct_cat&post=6634"},{"taxonomy":"product_tag","embeddable":true,"href":"https:\/\/cocinaenlinea.es\/index.php?rest_route=%2Fwp%2Fv2%2Fproduct_tag&post=6634"}],"curies":[{"name":"wp","href":"https:\/\/api.w.org\/{rel}","templated":true}]}}