{"id":5121,"date":"2024-12-18T23:27:55","date_gmt":"2024-12-18T22:27:55","guid":{"rendered":"https:\/\/cocinaenlinea.es\/?post_type=product&#038;p=5121"},"modified":"2025-03-13T23:18:55","modified_gmt":"2025-03-13T22:18:55","slug":"juego-de-sartenes-3-piezas-homelux","status":"publish","type":"product","link":"https:\/\/cocinaenlinea.es\/?product=juego-de-sartenes-3-piezas-homelux","title":{"rendered":"sartenes 3 piezas (HOMELUX"},"content":{"rendered":"<p>\u00a1Transforma tu cocina con el set de sartenes Homelux por solo 35\u20ac! Env\u00edo gratis.<\/p>\n<figure id=\"attachment_5132\" aria-describedby=\"caption-attachment-5132\" style=\"width: 1080px\" class=\"wp-caption alignnone\"><img fetchpriority=\"high\" decoding=\"async\" class=\"size-full wp-image-5132\" src=\"https:\/\/cocinaenlinea.es\/wp-content\/uploads\/2024\/12\/IMG_20241218_233042.jpg\" alt=\"\" width=\"1080\" height=\"1056\" srcset=\"https:\/\/cocinaenlinea.es\/wp-content\/uploads\/2024\/12\/IMG_20241218_233042.jpg 1080w, https:\/\/cocinaenlinea.es\/wp-content\/uploads\/2024\/12\/IMG_20241218_233042-300x293.jpg 300w, https:\/\/cocinaenlinea.es\/wp-content\/uploads\/2024\/12\/IMG_20241218_233042-1024x1001.jpg 1024w, https:\/\/cocinaenlinea.es\/wp-content\/uploads\/2024\/12\/IMG_20241218_233042-768x751.jpg 768w, https:\/\/cocinaenlinea.es\/wp-content\/uploads\/2024\/12\/IMG_20241218_233042-600x587.jpg 600w, https:\/\/cocinaenlinea.es\/wp-content\/uploads\/2024\/12\/IMG_20241218_233042-50x50.jpg 50w\" sizes=\"(max-width: 1080px) 100vw, 1080px\" \/><figcaption id=\"caption-attachment-5132\" class=\"wp-caption-text\">Oplus<\/figcaption><\/figure>\n<p>\u00a1Disfruta de una experiencia de cocina sin igual con este completo juego de 3 sartenes! Perfecto para todo tipo de platos, este set incluye sartenes de 20 cm, 24 cm y 28 cm, ideales para fre\u00edr, saltear y cocinar todo lo que imagines.<\/p>\n<figure id=\"attachment_5131\" aria-describedby=\"caption-attachment-5131\" style=\"width: 1080px\" class=\"wp-caption alignnone\"><img decoding=\"async\" class=\"size-full wp-image-5131\" src=\"https:\/\/cocinaenlinea.es\/wp-content\/uploads\/2024\/12\/IMG_20241218_233052.jpg\" alt=\"\" width=\"1080\" height=\"1047\" srcset=\"https:\/\/cocinaenlinea.es\/wp-content\/uploads\/2024\/12\/IMG_20241218_233052.jpg 1080w, https:\/\/cocinaenlinea.es\/wp-content\/uploads\/2024\/12\/IMG_20241218_233052-300x291.jpg 300w, https:\/\/cocinaenlinea.es\/wp-content\/uploads\/2024\/12\/IMG_20241218_233052-1024x993.jpg 1024w, https:\/\/cocinaenlinea.es\/wp-content\/uploads\/2024\/12\/IMG_20241218_233052-768x745.jpg 768w, https:\/\/cocinaenlinea.es\/wp-content\/uploads\/2024\/12\/IMG_20241218_233052-600x582.jpg 600w\" sizes=\"(max-width: 1080px) 100vw, 1080px\" \/><figcaption id=\"caption-attachment-5131\" class=\"wp-caption-text\">Oplus_<\/figcaption><\/figure>\n<p>Caracter\u00edsticas destacadas:<\/p>\n<figure id=\"attachment_5130\" aria-describedby=\"caption-attachment-5130\" style=\"width: 1080px\" class=\"wp-caption alignnone\"><img decoding=\"async\" class=\"size-full wp-image-5130\" src=\"https:\/\/cocinaenlinea.es\/wp-content\/uploads\/2024\/12\/IMG_20241218_233102.jpg\" alt=\"\" width=\"1080\" height=\"1103\" srcset=\"https:\/\/cocinaenlinea.es\/wp-content\/uploads\/2024\/12\/IMG_20241218_233102.jpg 1080w, https:\/\/cocinaenlinea.es\/wp-content\/uploads\/2024\/12\/IMG_20241218_233102-294x300.jpg 294w, https:\/\/cocinaenlinea.es\/wp-content\/uploads\/2024\/12\/IMG_20241218_233102-1003x1024.jpg 1003w, https:\/\/cocinaenlinea.es\/wp-content\/uploads\/2024\/12\/IMG_20241218_233102-768x784.jpg 768w, https:\/\/cocinaenlinea.es\/wp-content\/uploads\/2024\/12\/IMG_20241218_233102-1024x1046.jpg 1024w, https:\/\/cocinaenlinea.es\/wp-content\/uploads\/2024\/12\/IMG_20241218_233102-300x306.jpg 300w, https:\/\/cocinaenlinea.es\/wp-content\/uploads\/2024\/12\/IMG_20241218_233102-600x613.jpg 600w, https:\/\/cocinaenlinea.es\/wp-content\/uploads\/2024\/12\/IMG_20241218_233102-50x50.jpg 50w\" sizes=\"(max-width: 1080px) 100vw, 1080px\" \/><figcaption id=\"caption-attachment-5130\" class=\"wp-caption-text\">Oplus_<\/figcaption><\/figure>\n<p>Cocina saludable y segura: Revestimiento antiadherente 100% libre de PFOA, sin plomo ni cadmio, para una cocci\u00f3n sin preocupaciones.<\/p>\n<figure id=\"attachment_5129\" aria-describedby=\"caption-attachment-5129\" style=\"width: 1075px\" class=\"wp-caption alignnone\"><img loading=\"lazy\" decoding=\"async\" class=\"size-full wp-image-5129\" src=\"https:\/\/cocinaenlinea.es\/wp-content\/uploads\/2024\/12\/IMG_20241218_233113.jpg\" alt=\"\" width=\"1075\" height=\"1068\" srcset=\"https:\/\/cocinaenlinea.es\/wp-content\/uploads\/2024\/12\/IMG_20241218_233113.jpg 1075w, https:\/\/cocinaenlinea.es\/wp-content\/uploads\/2024\/12\/IMG_20241218_233113-300x298.jpg 300w, https:\/\/cocinaenlinea.es\/wp-content\/uploads\/2024\/12\/IMG_20241218_233113-1024x1017.jpg 1024w, https:\/\/cocinaenlinea.es\/wp-content\/uploads\/2024\/12\/IMG_20241218_233113-150x150.jpg 150w, https:\/\/cocinaenlinea.es\/wp-content\/uploads\/2024\/12\/IMG_20241218_233113-768x763.jpg 768w, https:\/\/cocinaenlinea.es\/wp-content\/uploads\/2024\/12\/IMG_20241218_233113-600x596.jpg 600w, https:\/\/cocinaenlinea.es\/wp-content\/uploads\/2024\/12\/IMG_20241218_233113-100x100.jpg 100w, https:\/\/cocinaenlinea.es\/wp-content\/uploads\/2024\/12\/IMG_20241218_233113-50x50.jpg 50w\" sizes=\"(max-width: 1075px) 100vw, 1075px\" \/><figcaption id=\"caption-attachment-5129\" class=\"wp-caption-text\">Oplus_<\/figcaption><\/figure>\n<p>Versatilidad: Adecuado para gas, el\u00e9ctricas e inducci\u00f3n, cubriendo todas tus necesidades culinarias.<\/p>\n<figure id=\"attachment_5128\" aria-describedby=\"caption-attachment-5128\" style=\"width: 1080px\" class=\"wp-caption alignnone\"><img loading=\"lazy\" decoding=\"async\" class=\"size-full wp-image-5128\" src=\"https:\/\/cocinaenlinea.es\/wp-content\/uploads\/2024\/12\/IMG_20241218_233122.jpg\" alt=\"\" width=\"1080\" height=\"1053\" srcset=\"https:\/\/cocinaenlinea.es\/wp-content\/uploads\/2024\/12\/IMG_20241218_233122.jpg 1080w, https:\/\/cocinaenlinea.es\/wp-content\/uploads\/2024\/12\/IMG_20241218_233122-300x293.jpg 300w, https:\/\/cocinaenlinea.es\/wp-content\/uploads\/2024\/12\/IMG_20241218_233122-1024x998.jpg 1024w, https:\/\/cocinaenlinea.es\/wp-content\/uploads\/2024\/12\/IMG_20241218_233122-768x749.jpg 768w, https:\/\/cocinaenlinea.es\/wp-content\/uploads\/2024\/12\/IMG_20241218_233122-600x585.jpg 600w, https:\/\/cocinaenlinea.es\/wp-content\/uploads\/2024\/12\/IMG_20241218_233122-50x50.jpg 50w\" sizes=\"(max-width: 1080px) 100vw, 1080px\" \/><figcaption id=\"caption-attachment-5128\" class=\"wp-caption-text\">Oplus_<\/figcaption><\/figure>\n<p>Eficiencia energ\u00e9tica: Hechas de aluminio fundido a presi\u00f3n, las sartenes conducen el calor r\u00e1pidamente, cocinando tus alimentos de manera uniforme y ahorrando energ\u00eda.<\/p>\n<figure id=\"attachment_5127\" aria-describedby=\"caption-attachment-5127\" style=\"width: 1080px\" class=\"wp-caption alignnone\"><img loading=\"lazy\" decoding=\"async\" class=\"size-full wp-image-5127\" src=\"https:\/\/cocinaenlinea.es\/wp-content\/uploads\/2024\/12\/IMG_20241218_233133.jpg\" alt=\"\" width=\"1080\" height=\"1065\" srcset=\"https:\/\/cocinaenlinea.es\/wp-content\/uploads\/2024\/12\/IMG_20241218_233133.jpg 1080w, https:\/\/cocinaenlinea.es\/wp-content\/uploads\/2024\/12\/IMG_20241218_233133-300x296.jpg 300w, https:\/\/cocinaenlinea.es\/wp-content\/uploads\/2024\/12\/IMG_20241218_233133-1024x1010.jpg 1024w, https:\/\/cocinaenlinea.es\/wp-content\/uploads\/2024\/12\/IMG_20241218_233133-768x757.jpg 768w, https:\/\/cocinaenlinea.es\/wp-content\/uploads\/2024\/12\/IMG_20241218_233133-600x592.jpg 600w, https:\/\/cocinaenlinea.es\/wp-content\/uploads\/2024\/12\/IMG_20241218_233133-100x100.jpg 100w, https:\/\/cocinaenlinea.es\/wp-content\/uploads\/2024\/12\/IMG_20241218_233133-50x50.jpg 50w\" sizes=\"(max-width: 1080px) 100vw, 1080px\" \/><figcaption id=\"caption-attachment-5127\" class=\"wp-caption-text\">Oplus_<\/figcaption><\/figure>\n<p>Ergonom\u00eda superior: Mango termoaislante que garantiza un agarre c\u00f3modo y seguro, incluso a altas temperaturas.<\/p>\n<p>F\u00e1cil de limpiar: Su revestimiento antiadherente hace que la limpieza sea r\u00e1pida y sencilla, compatible con lavavajillas (\u00a1aunque recomendamos lavado a mano para su mayor durabilidad!).<\/p>\n<p>\u00a1Haz de cada comida un fest\u00edn!<\/p>\n<p>Con el set de sartenes Homelux, la cocina se convierte en un placer. \u00a1Haz tu pedido ahora y disfruta de un producto de calidad al mejor precio!<\/p>\n<p><img loading=\"lazy\" decoding=\"async\" class=\"alignnone size-full wp-image-3356\" src=\"https:\/\/cocinaenlinea.es\/wp-content\/uploads\/2022\/07\/AnyConv.com__3-8.webp\" alt=\"\" width=\"1080\" height=\"540\" srcset=\"https:\/\/cocinaenlinea.es\/wp-content\/uploads\/2022\/07\/AnyConv.com__3-8.webp 1080w, https:\/\/cocinaenlinea.es\/wp-content\/uploads\/2022\/07\/AnyConv.com__3-8-300x150.webp 300w, https:\/\/cocinaenlinea.es\/wp-content\/uploads\/2022\/07\/AnyConv.com__3-8-1024x512.webp 1024w, https:\/\/cocinaenlinea.es\/wp-content\/uploads\/2022\/07\/AnyConv.com__3-8-768x384.webp 768w, https:\/\/cocinaenlinea.es\/wp-content\/uploads\/2022\/07\/AnyConv.com__3-8-600x300.webp 600w\" sizes=\"(max-width: 1080px) 100vw, 1080px\" \/><\/p>\n<p><img loading=\"lazy\" decoding=\"async\" class=\"alignnone size-full wp-image-3357\" src=\"https:\/\/cocinaenlinea.es\/wp-content\/uploads\/2022\/07\/AnyConv.com__4-8.webp\" alt=\"\" width=\"1080\" height=\"540\" srcset=\"https:\/\/cocinaenlinea.es\/wp-content\/uploads\/2022\/07\/AnyConv.com__4-8.webp 1080w, https:\/\/cocinaenlinea.es\/wp-content\/uploads\/2022\/07\/AnyConv.com__4-8-300x150.webp 300w, https:\/\/cocinaenlinea.es\/wp-content\/uploads\/2022\/07\/AnyConv.com__4-8-1024x512.webp 1024w, https:\/\/cocinaenlinea.es\/wp-content\/uploads\/2022\/07\/AnyConv.com__4-8-768x384.webp 768w, https:\/\/cocinaenlinea.es\/wp-content\/uploads\/2022\/07\/AnyConv.com__4-8-600x300.webp 600w\" sizes=\"(max-width: 1080px) 100vw, 1080px\" \/><\/p>\n<p><img loading=\"lazy\" decoding=\"async\" class=\"size-full wp-image-4750 aligncenter\" src=\"https:\/\/cocinaenlinea.es\/wp-content\/uploads\/2024\/11\/images.jpeg\" alt=\"\" width=\"226\" height=\"223\" srcset=\"https:\/\/cocinaenlinea.es\/wp-content\/uploads\/2024\/11\/images.jpeg 226w, https:\/\/cocinaenlinea.es\/wp-content\/uploads\/2024\/11\/images-100x100.jpeg 100w, https:\/\/cocinaenlinea.es\/wp-content\/uploads\/2024\/11\/images-50x50.jpeg 50w\" sizes=\"(max-width: 226px) 100vw, 226px\" \/><\/p>\n","protected":false},"excerpt":{"rendered":"<p>\u00a1Transforma tu cocina con el set de sartenes Homelux por solo 35\u20ac! Env\u00edo gratis. \u00a1Disfruta de una experiencia de cocina sin igual con este completo juego de 3 sartenes! Perfecto para todo tipo de platos, este set incluye sartenes de 20 cm, 24 cm y 28 cm, ideales para fre\u00edr, saltear y cocinar todo lo [&hellip;]<\/p>\n","protected":false},"featured_media":5126,"template":"","meta":{"_kadence_starter_templates_imported_post":false},"product_brand":[],"product_cat":[16],"product_tag":[],"class_list":{"0":"post-5121","1":"product","2":"type-product","3":"status-publish","4":"has-post-thumbnail","6":"product_cat-articulos-de-cocina","8":"first","9":"outofstock","10":"sale","11":"shipping-taxable","12":"purchasable","13":"product-type-simple"},"_links":{"self":[{"href":"https:\/\/cocinaenlinea.es\/index.php?rest_route=\/wp\/v2\/product\/5121","targetHints":{"allow":["GET"]}}],"collection":[{"href":"https:\/\/cocinaenlinea.es\/index.php?rest_route=\/wp\/v2\/product"}],"about":[{"href":"https:\/\/cocinaenlinea.es\/index.php?rest_route=\/wp\/v2\/types\/product"}],"wp:featuredmedia":[{"embeddable":true,"href":"https:\/\/cocinaenlinea.es\/index.php?rest_route=\/wp\/v2\/media\/5126"}],"wp:attachment":[{"href":"https:\/\/cocinaenlinea.es\/index.php?rest_route=%2Fwp%2Fv2%2Fmedia&parent=5121"}],"wp:term":[{"taxonomy":"product_brand","embeddable":true,"href":"https:\/\/cocinaenlinea.es\/index.php?rest_route=%2Fwp%2Fv2%2Fproduct_brand&post=5121"},{"taxonomy":"product_cat","embeddable":true,"href":"https:\/\/cocinaenlinea.es\/index.php?rest_route=%2Fwp%2Fv2%2Fproduct_cat&post=5121"},{"taxonomy":"product_tag","embeddable":true,"href":"https:\/\/cocinaenlinea.es\/index.php?rest_route=%2Fwp%2Fv2%2Fproduct_tag&post=5121"}],"curies":[{"name":"wp","href":"https:\/\/api.w.org\/{rel}","templated":true}]}}