{"id":4587,"date":"2024-11-16T17:15:50","date_gmt":"2024-11-16T16:15:50","guid":{"rendered":"https:\/\/cocinaenlinea.es\/?post_type=product&#038;p=4587"},"modified":"2025-03-13T23:19:12","modified_gmt":"2025-03-13T22:19:12","slug":"alfombra-tapiso-toscana-elegancia-confort-y-facilidad-para-tu-hogar","status":"publish","type":"product","link":"https:\/\/cocinaenlinea.es\/?product=alfombra-tapiso-toscana-elegancia-confort-y-facilidad-para-tu-hogar","title":{"rendered":"Alfombra ITALIANA Elegancia, Confort y Facilidad para Tu Hogar"},"content":{"rendered":"<p>Alfombras Italiana Transforma tu hogar con la elegancia y funcionalidad de las alfombras italiana Bienvenido a un nuevo nivel de estilo y confort para tu hogar<\/p>\n<p><img fetchpriority=\"high\" decoding=\"async\" class=\"alignnone wp-image-4708\" src=\"https:\/\/cocinaenlinea.es\/wp-content\/uploads\/2024\/11\/462582569_2521534694845400_3945815190444214130_n-135x300.jpg\" alt=\"\" width=\"1080\" height=\"2005\" \/><\/p>\n<p><img decoding=\"async\" class=\"alignnone wp-image-4635 size-full\" src=\"https:\/\/cocinaenlinea.es\/wp-content\/uploads\/2024\/11\/462579422_1250886769565959_2079337634723136638_n.jpg\" alt=\"\" width=\"1080\" height=\"1825\" srcset=\"https:\/\/cocinaenlinea.es\/wp-content\/uploads\/2024\/11\/462579422_1250886769565959_2079337634723136638_n.jpg 1080w, https:\/\/cocinaenlinea.es\/wp-content\/uploads\/2024\/11\/462579422_1250886769565959_2079337634723136638_n-178x300.jpg 178w, https:\/\/cocinaenlinea.es\/wp-content\/uploads\/2024\/11\/462579422_1250886769565959_2079337634723136638_n-606x1024.jpg 606w, https:\/\/cocinaenlinea.es\/wp-content\/uploads\/2024\/11\/462579422_1250886769565959_2079337634723136638_n-768x1298.jpg 768w, https:\/\/cocinaenlinea.es\/wp-content\/uploads\/2024\/11\/462579422_1250886769565959_2079337634723136638_n-909x1536.jpg 909w, https:\/\/cocinaenlinea.es\/wp-content\/uploads\/2024\/11\/462579422_1250886769565959_2079337634723136638_n-1024x1730.jpg 1024w, https:\/\/cocinaenlinea.es\/wp-content\/uploads\/2024\/11\/462579422_1250886769565959_2079337634723136638_n-300x507.jpg 300w, https:\/\/cocinaenlinea.es\/wp-content\/uploads\/2024\/11\/462579422_1250886769565959_2079337634723136638_n-600x1014.jpg 600w\" sizes=\"(max-width: 1080px) 100vw, 1080px\" \/><\/p>\n<p>Descubre nuestras alfombras modernas y antideslizantes de la colecci\u00f3n italiana, dise\u00f1adas para quienes buscan combinar est\u00e9tica, calidad y facilidad de mantenimiento en un solo producto<\/p>\n<p><img decoding=\"async\" class=\"alignnone wp-image-4593 size-full\" src=\"https:\/\/cocinaenlinea.es\/wp-content\/uploads\/2024\/11\/462555209_538068749021988_7958898714816780983_n.jpg\" alt=\"\" width=\"940\" height=\"788\" srcset=\"https:\/\/cocinaenlinea.es\/wp-content\/uploads\/2024\/11\/462555209_538068749021988_7958898714816780983_n.jpg 940w, https:\/\/cocinaenlinea.es\/wp-content\/uploads\/2024\/11\/462555209_538068749021988_7958898714816780983_n-300x251.jpg 300w, https:\/\/cocinaenlinea.es\/wp-content\/uploads\/2024\/11\/462555209_538068749021988_7958898714816780983_n-768x644.jpg 768w, https:\/\/cocinaenlinea.es\/wp-content\/uploads\/2024\/11\/462555209_538068749021988_7958898714816780983_n-600x503.jpg 600w\" sizes=\"(max-width: 940px) 100vw, 940px\" \/><\/p>\n<h4>Caracter\u00edsticas que enamoran:<\/h4>\n<h4>Dise\u00f1o y versatilidad:<\/h4>\n<p>Hermosos estampados de moda en colores intensos que complementan perfectamente cualquier espacio:<\/p>\n<p>sal\u00f3n, dormitorio, cocina o ba\u00f1o.<\/p>\n<h4>Medidas adaptables:<\/h4>\n<p>Elige entre tama\u00f1os de 230\u00d7160 cm o 200\u00d7300 cm para ajustarse a tus necesidades.<\/p>\n<p>Espesor \u00f3ptimo:<\/p>\n<h3><span style=\"color: #0000ff;\">5 mm que proporcionan un aislamiento t\u00e9rmico excepcional.<\/span><\/h3>\n<p><img loading=\"lazy\" decoding=\"async\" class=\"alignnone wp-image-4636\" src=\"https:\/\/cocinaenlinea.es\/wp-content\/uploads\/2024\/11\/bloggif_6738c83969884.gif\" alt=\"\" width=\"1080\" height=\"609\" \/><\/p>\n<p><img loading=\"lazy\" decoding=\"async\" class=\"alignnone wp-image-4631 size-full\" src=\"https:\/\/cocinaenlinea.es\/wp-content\/uploads\/2024\/11\/462566485_546317544778174_2542253907392351160_n.jpg\" alt=\"\" width=\"1734\" height=\"1301\" srcset=\"https:\/\/cocinaenlinea.es\/wp-content\/uploads\/2024\/11\/462566485_546317544778174_2542253907392351160_n.jpg 1734w, https:\/\/cocinaenlinea.es\/wp-content\/uploads\/2024\/11\/462566485_546317544778174_2542253907392351160_n-300x225.jpg 300w, https:\/\/cocinaenlinea.es\/wp-content\/uploads\/2024\/11\/462566485_546317544778174_2542253907392351160_n-1024x768.jpg 1024w, https:\/\/cocinaenlinea.es\/wp-content\/uploads\/2024\/11\/462566485_546317544778174_2542253907392351160_n-768x576.jpg 768w, https:\/\/cocinaenlinea.es\/wp-content\/uploads\/2024\/11\/462566485_546317544778174_2542253907392351160_n-1536x1152.jpg 1536w, https:\/\/cocinaenlinea.es\/wp-content\/uploads\/2024\/11\/462566485_546317544778174_2542253907392351160_n-600x450.jpg 600w\" sizes=\"(max-width: 1734px) 100vw, 1734px\" \/><\/p>\n<h4>Hilo premium:<\/h4>\n<p>Fabricadas con 100% poli\u00e9ster, ideales para al\u00e9rgicos y hogares con ni\u00f1os o mascotas.<\/p>\n<p><img loading=\"lazy\" decoding=\"async\" class=\"alignnone wp-image-4633 size-full\" src=\"https:\/\/cocinaenlinea.es\/wp-content\/uploads\/2024\/11\/462570657_1121537533308158_7540042102815890121_n.jpg\" alt=\"\" width=\"1080\" height=\"1568\" srcset=\"https:\/\/cocinaenlinea.es\/wp-content\/uploads\/2024\/11\/462570657_1121537533308158_7540042102815890121_n.jpg 1080w, https:\/\/cocinaenlinea.es\/wp-content\/uploads\/2024\/11\/462570657_1121537533308158_7540042102815890121_n-207x300.jpg 207w, https:\/\/cocinaenlinea.es\/wp-content\/uploads\/2024\/11\/462570657_1121537533308158_7540042102815890121_n-705x1024.jpg 705w, https:\/\/cocinaenlinea.es\/wp-content\/uploads\/2024\/11\/462570657_1121537533308158_7540042102815890121_n-768x1115.jpg 768w, https:\/\/cocinaenlinea.es\/wp-content\/uploads\/2024\/11\/462570657_1121537533308158_7540042102815890121_n-1058x1536.jpg 1058w, https:\/\/cocinaenlinea.es\/wp-content\/uploads\/2024\/11\/462570657_1121537533308158_7540042102815890121_n-1024x1487.jpg 1024w, https:\/\/cocinaenlinea.es\/wp-content\/uploads\/2024\/11\/462570657_1121537533308158_7540042102815890121_n-300x436.jpg 300w, https:\/\/cocinaenlinea.es\/wp-content\/uploads\/2024\/11\/462570657_1121537533308158_7540042102815890121_n-600x871.jpg 600w\" sizes=\"(max-width: 1080px) 100vw, 1080px\" \/><\/p>\n<h4>Antideslizante :<\/h4>\n<p>La base segura garantiza estabilidad incluso en suelos h\u00famedos o resbaladizos.<\/p>\n<p><img loading=\"lazy\" decoding=\"async\" class=\"alignnone wp-image-4594 size-full\" src=\"https:\/\/cocinaenlinea.es\/wp-content\/uploads\/2024\/11\/462557662_2042795212820677_2625222555094277230_n.jpg\" alt=\"\" width=\"940\" height=\"788\" srcset=\"https:\/\/cocinaenlinea.es\/wp-content\/uploads\/2024\/11\/462557662_2042795212820677_2625222555094277230_n.jpg 940w, https:\/\/cocinaenlinea.es\/wp-content\/uploads\/2024\/11\/462557662_2042795212820677_2625222555094277230_n-300x251.jpg 300w, https:\/\/cocinaenlinea.es\/wp-content\/uploads\/2024\/11\/462557662_2042795212820677_2625222555094277230_n-768x644.jpg 768w, https:\/\/cocinaenlinea.es\/wp-content\/uploads\/2024\/11\/462557662_2042795212820677_2625222555094277230_n-600x503.jpg 600w\" sizes=\"(max-width: 940px) 100vw, 940px\" \/><\/p>\n<h3>F\u00e1ciles de mantener:<\/h3>\n<p><span style=\"color: #0000ff;\">Lavables a m\u00e1quina (m\u00e1x. 30 \u00b0C) y con pelo corto que evita la acumulaci\u00f3n de polvo y suciedad.<\/span><\/p>\n<p>Por qu\u00e9 elegir alfombra italiana:<\/p>\n<p><img loading=\"lazy\" decoding=\"async\" class=\"alignnone wp-image-4632 size-full\" src=\"https:\/\/cocinaenlinea.es\/wp-content\/uploads\/2024\/11\/462568059_1291436748541739_6752597629677486330_n.jpg\" alt=\"\" width=\"1080\" height=\"578\" srcset=\"https:\/\/cocinaenlinea.es\/wp-content\/uploads\/2024\/11\/462568059_1291436748541739_6752597629677486330_n.jpg 1080w, https:\/\/cocinaenlinea.es\/wp-content\/uploads\/2024\/11\/462568059_1291436748541739_6752597629677486330_n-300x161.jpg 300w, https:\/\/cocinaenlinea.es\/wp-content\/uploads\/2024\/11\/462568059_1291436748541739_6752597629677486330_n-1024x548.jpg 1024w, https:\/\/cocinaenlinea.es\/wp-content\/uploads\/2024\/11\/462568059_1291436748541739_6752597629677486330_n-768x411.jpg 768w, https:\/\/cocinaenlinea.es\/wp-content\/uploads\/2024\/11\/462568059_1291436748541739_6752597629677486330_n-600x321.jpg 600w\" sizes=\"(max-width: 1080px) 100vw, 1080px\" \/><\/p>\n<h4>Certificaci\u00f3n OEKO-TEX:<\/h4>\n<p>Garant\u00eda de seguridad para toda la familia y respeto por el medio ambiente.<\/p>\n<p><img loading=\"lazy\" decoding=\"async\" class=\"alignnone wp-image-4591 size-full\" src=\"https:\/\/cocinaenlinea.es\/wp-content\/uploads\/2024\/11\/462552219_1781171039085702_6264451833083008991_n.jpg\" alt=\"\" width=\"940\" height=\"788\" srcset=\"https:\/\/cocinaenlinea.es\/wp-content\/uploads\/2024\/11\/462552219_1781171039085702_6264451833083008991_n.jpg 940w, https:\/\/cocinaenlinea.es\/wp-content\/uploads\/2024\/11\/462552219_1781171039085702_6264451833083008991_n-300x251.jpg 300w, https:\/\/cocinaenlinea.es\/wp-content\/uploads\/2024\/11\/462552219_1781171039085702_6264451833083008991_n-768x644.jpg 768w, https:\/\/cocinaenlinea.es\/wp-content\/uploads\/2024\/11\/462552219_1781171039085702_6264451833083008991_n-600x503.jpg 600w\" sizes=\"(max-width: 940px) 100vw, 940px\" \/><\/p>\n<p>Compatibles con calefacci\u00f3n por suelo radiante.<\/p>\n<h4>Perfectas para cualquier espacio:<\/h4>\n<p>Desde el sal\u00f3n hasta el pasillo o el ba\u00f1o, estas alfombras aportan calidez, seguridad y estilo.<\/p>\n<h4>Compra sin complicaciones:<\/h4>\n<p>Env\u00edo gratis a toda Espa\u00f1a (excepto islas).<\/p>\n<p><img loading=\"lazy\" decoding=\"async\" class=\"alignnone wp-image-3431 size-full\" src=\"https:\/\/cocinaenlinea.es\/wp-content\/uploads\/2022\/07\/cropped-AnyConv.com__4-8.webp\" alt=\"\" width=\"1920\" height=\"759\" srcset=\"https:\/\/cocinaenlinea.es\/wp-content\/uploads\/2022\/07\/cropped-AnyConv.com__4-8.webp 1920w, https:\/\/cocinaenlinea.es\/wp-content\/uploads\/2022\/07\/cropped-AnyConv.com__4-8-300x119.webp 300w, https:\/\/cocinaenlinea.es\/wp-content\/uploads\/2022\/07\/cropped-AnyConv.com__4-8-1024x405.webp 1024w, https:\/\/cocinaenlinea.es\/wp-content\/uploads\/2022\/07\/cropped-AnyConv.com__4-8-768x304.webp 768w, https:\/\/cocinaenlinea.es\/wp-content\/uploads\/2022\/07\/cropped-AnyConv.com__4-8-1536x607.webp 1536w, https:\/\/cocinaenlinea.es\/wp-content\/uploads\/2022\/07\/cropped-AnyConv.com__4-8-600x237.webp 600w\" sizes=\"(max-width: 1920px) 100vw, 1920px\" \/><\/p>\n<h4>Paga contra reembolso:<\/h4>\n<h4>A trav\u00e9s de TIPSA, de forma segura y en efectivo.<\/h4>\n<p><img loading=\"lazy\" decoding=\"async\" class=\"alignnone wp-image-3359 size-full\" src=\"https:\/\/cocinaenlinea.es\/wp-content\/uploads\/2024\/08\/AnyConv.com__3-8.webp\" alt=\"\" width=\"1080\" height=\"540\" srcset=\"https:\/\/cocinaenlinea.es\/wp-content\/uploads\/2024\/08\/AnyConv.com__3-8.webp 1080w, https:\/\/cocinaenlinea.es\/wp-content\/uploads\/2024\/08\/AnyConv.com__3-8-300x150.webp 300w, https:\/\/cocinaenlinea.es\/wp-content\/uploads\/2024\/08\/AnyConv.com__3-8-1024x512.webp 1024w, https:\/\/cocinaenlinea.es\/wp-content\/uploads\/2024\/08\/AnyConv.com__3-8-768x384.webp 768w, https:\/\/cocinaenlinea.es\/wp-content\/uploads\/2024\/08\/AnyConv.com__3-8-600x300.webp 600w\" sizes=\"(max-width: 1080px) 100vw, 1080px\" \/><\/p>\n<p>Decora tu hogar con elegancia y funcionalidad. \u00a1Haz que tu hogar sea m\u00e1s acogedor hoy mismo con las alfombras Italianas!<\/p>\n","protected":false},"excerpt":{"rendered":"<p>Alfombras Italiana Transforma tu hogar con la elegancia y funcionalidad de las alfombras italiana Bienvenido a un nuevo nivel de estilo y confort para tu hogar Descubre nuestras alfombras modernas y antideslizantes de la colecci\u00f3n italiana, dise\u00f1adas para quienes buscan combinar est\u00e9tica, calidad y facilidad de mantenimiento en un solo producto Caracter\u00edsticas que enamoran: Dise\u00f1o [&hellip;]<\/p>\n","protected":false},"featured_media":4593,"template":"","meta":{"_kadence_starter_templates_imported_post":false},"product_brand":[],"product_cat":[15],"product_tag":[],"class_list":{"0":"post-4587","1":"product","2":"type-product","3":"status-publish","4":"has-post-thumbnail","6":"product_cat-ropa-de-cama","8":"first","9":"outofstock","10":"sale","11":"shipping-taxable","12":"purchasable","13":"product-type-variable"},"_links":{"self":[{"href":"https:\/\/cocinaenlinea.es\/index.php?rest_route=\/wp\/v2\/product\/4587","targetHints":{"allow":["GET"]}}],"collection":[{"href":"https:\/\/cocinaenlinea.es\/index.php?rest_route=\/wp\/v2\/product"}],"about":[{"href":"https:\/\/cocinaenlinea.es\/index.php?rest_route=\/wp\/v2\/types\/product"}],"wp:featuredmedia":[{"embeddable":true,"href":"https:\/\/cocinaenlinea.es\/index.php?rest_route=\/wp\/v2\/media\/4593"}],"wp:attachment":[{"href":"https:\/\/cocinaenlinea.es\/index.php?rest_route=%2Fwp%2Fv2%2Fmedia&parent=4587"}],"wp:term":[{"taxonomy":"product_brand","embeddable":true,"href":"https:\/\/cocinaenlinea.es\/index.php?rest_route=%2Fwp%2Fv2%2Fproduct_brand&post=4587"},{"taxonomy":"product_cat","embeddable":true,"href":"https:\/\/cocinaenlinea.es\/index.php?rest_route=%2Fwp%2Fv2%2Fproduct_cat&post=4587"},{"taxonomy":"product_tag","embeddable":true,"href":"https:\/\/cocinaenlinea.es\/index.php?rest_route=%2Fwp%2Fv2%2Fproduct_tag&post=4587"}],"curies":[{"name":"wp","href":"https:\/\/api.w.org\/{rel}","templated":true}]}}