{"id":394,"date":"2017-12-21T04:45:24","date_gmt":"2017-12-21T04:45:24","guid":{"rendered":"https:\/\/wordpress.gradientthemes.com\/brand-shop\/product\/dnk-black-shoes\/"},"modified":"2025-03-13T23:54:44","modified_gmt":"2025-03-13T22:54:44","slug":"dnk-black-shoes","status":"publish","type":"product","link":"https:\/\/cocinaenlinea.es\/?product=dnk-black-shoes","title":{"rendered":"COUJOUNTO EDREDONE RELLENO DE 7 PSZ CON LAS CORTINAS\u00a0"},"content":{"rendered":"<h2 dir=\"auto\"><em><strong>COUJOUNTO EDREDONE RELLENO DE 7 PSZ CON LAS CORTINAS\u00a0<\/strong><\/em><\/h2>\n<div dir=\"auto\"><em><strong>EDRED\u00d3N VERSACE DE 7 PIEZAS S\u00daPER PRESIOSO Y SUAVE CON LOS GASTOS DE ENVI\u00d3 GRATIS Y EL PAGO CONTRA REEMBOLSO<\/strong><\/em><\/div>\n<div dir=\"auto\"><em><strong>ENVI\u00d3 S\u00daPER R\u00c1PIDO 24H DONDE SEA EN ESPA\u00d1A<\/strong><\/em><\/div>\n<div dir=\"auto\"><em><strong>DETALLES \u2b07\ufe0f\u2b07\ufe0f<\/strong><\/em><\/div>\n<div dir=\"auto\"><\/div>\n<div dir=\"auto\"><em><strong><span class=\"pq6dq46d tbxw36s4 knj5qynh kvgmc6g5 ditlmg2l oygrvhab nvdbi5me sf5mxxl7 gl3lb2sf hhz5lgdu\"><img decoding=\"async\" src=\"https:\/\/www.facebook.com\/images\/emoji.php\/v9\/t14\/2\/16\/1f618.png\" alt=\"\ud83d\ude18\" width=\"16\" height=\"16\" \/><\/span>1-EDREDON 220 por 240cm<\/strong><\/em><\/div>\n<div dir=\"auto\"><\/div>\n<div dir=\"auto\"><em><strong><span class=\"pq6dq46d tbxw36s4 knj5qynh kvgmc6g5 ditlmg2l oygrvhab nvdbi5me sf5mxxl7 gl3lb2sf hhz5lgdu\"><img decoding=\"async\" src=\"https:\/\/www.facebook.com\/images\/emoji.php\/v9\/t14\/2\/16\/1f618.png\" alt=\"\ud83d\ude18\" width=\"16\" height=\"16\" \/><\/span>2-DOS FUNDAS DE ALMOHADA 50 por 70cm<\/strong><\/em><\/div>\n<div dir=\"auto\"><\/div>\n<div dir=\"auto\"><em><strong><span class=\"pq6dq46d tbxw36s4 knj5qynh kvgmc6g5 ditlmg2l oygrvhab nvdbi5me sf5mxxl7 gl3lb2sf hhz5lgdu\"><img decoding=\"async\" src=\"https:\/\/www.facebook.com\/images\/emoji.php\/v9\/t14\/2\/16\/1f618.png\" alt=\"\ud83d\ude18\" width=\"16\" height=\"16\" \/><\/span>2-DOS CORTINAS 240CM DE ANCHO X 300CM DE ALTO<\/strong><\/em><\/div>\n<h5 dir=\"auto\"><em><strong>\ud83d\ude0d1-VOLANTE DE LAS CORTINAAS<\/strong><\/em><\/h5>\n<div dir=\"auto\"><em><strong><span class=\"pq6dq46d tbxw36s4 knj5qynh kvgmc6g5 ditlmg2l oygrvhab nvdbi5me sf5mxxl7 gl3lb2sf hhz5lgdu\"><img decoding=\"async\" src=\"https:\/\/www.facebook.com\/images\/emoji.php\/v9\/t14\/2\/16\/1f618.png\" alt=\"\ud83d\ude18\" width=\"16\" height=\"16\" \/><\/span>1-FUNDA DE REFUERZO CARAMELO 45 por 28CM<\/strong><\/em><\/div>\n<div dir=\"auto\"><\/div>\n<div dir=\"auto\"><em><strong><span class=\"pq6dq46d tbxw36s4 knj5qynh kvgmc6g5 ditlmg2l oygrvhab nvdbi5me sf5mxxl7 gl3lb2sf hhz5lgdu\"><img decoding=\"async\" src=\"https:\/\/www.facebook.com\/images\/emoji.php\/v9\/t89\/2\/16\/1f970.png\" alt=\"\ud83e\udd70\" width=\"16\" height=\"16\" \/><\/span>ENVIO DESPONIBLE EN TODA ESPA\u00d1A<\/strong><\/em><\/div>\n<div dir=\"auto\">\n<h4><em><strong>\u2705- Devolucion en 15 dias\u00a0<\/strong><\/em><\/h4>\n<h4><em><strong>\ud83d\ude9a- Envio gratis y en 24h lo tiene en casa.<\/strong><\/em><\/h4>\n<h4><em><strong>\ud83d\udce6- Paga Contrareembolso<\/strong><\/em><\/h4>\n<\/div>\n","protected":false},"excerpt":{"rendered":"<div class=\"alzwoclg\" role=\"none\">\n<div class=\"alzwoclg cgu29s5g i15ihif8 aeinzg81 ov4vj3he\" role=\"none\" data-testid=\"message-container\">\n<div class=\"k88nbmki alzwoclg cqf1kptm adechonz siu44isn gv6qu0l5\" role=\"none\">\n<div class=\"alzwoclg mfclru0v\" role=\"none\">\n<div class=\"alzwoclg cqf1kptm gvxzyvdx om3e55n1 gldv74r8\">\n<div class=\"k88nbmki alzwoclg cqf1kptm adechonz siu44isn gvxzyvdx c7y9u1f0 lg77cbj3\" role=\"none\">\n<div class=\"om3e55n1 b0ur3jhr\">\n<div class=\"m8h3af8h l7ghb35v kjdc1dyq kmwttqpk gh25dzvf\"><span class=\"fxk3tzhb b2rh1bv3 gh55jysx m8h3af8h ewco64xe kjdc1dyq ms56khn7 bq6c9xl4 h7q9eq3y iryl7rsq\"><img decoding=\"async\" src=\"https:\/\/static.xx.fbcdn.net\/images\/emoji.php\/v9\/tba\/1\/32\/2b50.png\" alt=\"\u2b50\" width=\"32\" height=\"32\" \/><\/span><span class=\"fxk3tzhb b2rh1bv3 gh55jysx m8h3af8h ewco64xe kjdc1dyq ms56khn7 bq6c9xl4 h7q9eq3y iryl7rsq\"><img decoding=\"async\" src=\"https:\/\/static.xx.fbcdn.net\/images\/emoji.php\/v9\/tba\/1\/32\/2b50.png\" alt=\"\u2b50\" width=\"32\" height=\"32\" \/><\/span><span class=\"fxk3tzhb b2rh1bv3 gh55jysx m8h3af8h ewco64xe kjdc1dyq ms56khn7 bq6c9xl4 h7q9eq3y iryl7rsq\"><img decoding=\"async\" src=\"https:\/\/static.xx.fbcdn.net\/images\/emoji.php\/v9\/tba\/1\/32\/2b50.png\" alt=\"\u2b50\" width=\"32\" height=\"32\" \/><\/span><span class=\"fxk3tzhb b2rh1bv3 gh55jysx m8h3af8h ewco64xe kjdc1dyq ms56khn7 bq6c9xl4 h7q9eq3y iryl7rsq\"><img decoding=\"async\" src=\"https:\/\/static.xx.fbcdn.net\/images\/emoji.php\/v9\/tba\/1\/32\/2b50.png\" alt=\"\u2b50\" width=\"32\" height=\"32\" \/><\/span><span class=\"fxk3tzhb b2rh1bv3 gh55jysx m8h3af8h ewco64xe kjdc1dyq ms56khn7 bq6c9xl4 h7q9eq3y iryl7rsq\"><img decoding=\"async\" src=\"https:\/\/static.xx.fbcdn.net\/images\/emoji.php\/v9\/tba\/1\/32\/2b50.png\" alt=\"\u2b50\" width=\"32\" height=\"32\" \/><\/span><\/div>\n<\/div>\n<\/div>\n<\/div>\n<\/div>\n<\/div>\n<div class=\"k88nbmki alzwoclg cqf1kptm adechonz siu44isn gvxzyvdx c7y9u1f0 lg77cbj3\" role=\"none\">\n<div class=\"jez8cy9q alzwoclg cqf1kptm homhzfsx jcxyg2ei cgu29s5g om3e55n1 afopkvs9 p4n9ro91\" aria-hidden=\"true\">\n<div class=\"i85zmo3j homhzfsx alzwoclg ov4vj3he\" role=\"none\">\n<div class=\"i85zmo3j homhzfsx alzwoclg ov4vj3he\" role=\"none\">\n<div>\n<div class=\"qi72231t o9w3sbdw nu7423ey tav9wjvu flwp5yud tghlliq5 gkg15gwv s9ok87oh s9ljgwtm lxqftegz bf1zulr9 frfouenu bonavkto djs4p424 r7bn319e bdao358l fsf7x5fv tgm57n0e jez8cy9q s5oniofx m8h3af8h l7ghb35v kjdc1dyq kmwttqpk dnr7xe2t aeinzg81 srn514ro oxkhqvkx rl78xhln nch0832m om3e55n1 cr00lzj9 rn8ck1ys s3jn8y49 g4tp4svg o9erhkwx dzqi5evh hupbnkgi hvb2xoa8 jl2a5g8c f14ij5to l3ldwz01 alzwoclg icdlwmnq\" tabindex=\"0\" role=\"button\" aria-expanded=\"false\" aria-haspopup=\"menu\" aria-label=\"M\u00e1s\">\n<div class=\"kmwttqpk l7ghb35v mx6bq00g mwtcrujb alzwoclg qmqpeqxj e7u6y3za qwcclf47 nmlomj2f jez8cy9q jtronmds i85zmo3j jcxyg2ei hsphh064 fsf7x5fv qudkkb1i om3e55n1\">\n<div class=\"epnzikpj kmdng2my fupido9q l7ofbhzv beiy8v6c\"><\/div>\n<\/div>\n<\/div>\n<\/div>\n<\/div>\n<\/div>\n<\/div>\n<\/div>\n<div class=\"k88nbmki alzwoclg cqf1kptm adechonz siu44isn gvxzyvdx cgu29s5g lg77cbj3\" role=\"none\">\n<div class=\"cgu29s5g jg3vgc78\" role=\"none\"><\/div>\n<\/div>\n<\/div>\n<div class=\"k88nbmki alzwoclg cqf1kptm adechonz siu44isn gvxzyvdx c7y9u1f0 lg77cbj3\" role=\"none\">\n<div id=\"\" class=\"alzwoclg gldv74r8 lq84ybu9 hf30pyar kgzac55p\" role=\"none\" data-testid=\"messenger_delivery_status\">\n<div><\/div>\n<\/div>\n<\/div>\n<\/div>\n","protected":false},"featured_media":489,"template":"","meta":{"_kadence_starter_templates_imported_post":false},"product_brand":[],"product_cat":[15],"product_tag":[],"class_list":{"0":"post-394","1":"product","2":"type-product","3":"status-publish","4":"has-post-thumbnail","6":"product_cat-ropa-de-cama","8":"first","9":"outofstock","10":"sale","11":"shipping-taxable","12":"purchasable","13":"product-type-variable"},"_links":{"self":[{"href":"https:\/\/cocinaenlinea.es\/index.php?rest_route=\/wp\/v2\/product\/394","targetHints":{"allow":["GET"]}}],"collection":[{"href":"https:\/\/cocinaenlinea.es\/index.php?rest_route=\/wp\/v2\/product"}],"about":[{"href":"https:\/\/cocinaenlinea.es\/index.php?rest_route=\/wp\/v2\/types\/product"}],"wp:featuredmedia":[{"embeddable":true,"href":"https:\/\/cocinaenlinea.es\/index.php?rest_route=\/wp\/v2\/media\/489"}],"wp:attachment":[{"href":"https:\/\/cocinaenlinea.es\/index.php?rest_route=%2Fwp%2Fv2%2Fmedia&parent=394"}],"wp:term":[{"taxonomy":"product_brand","embeddable":true,"href":"https:\/\/cocinaenlinea.es\/index.php?rest_route=%2Fwp%2Fv2%2Fproduct_brand&post=394"},{"taxonomy":"product_cat","embeddable":true,"href":"https:\/\/cocinaenlinea.es\/index.php?rest_route=%2Fwp%2Fv2%2Fproduct_cat&post=394"},{"taxonomy":"product_tag","embeddable":true,"href":"https:\/\/cocinaenlinea.es\/index.php?rest_route=%2Fwp%2Fv2%2Fproduct_tag&post=394"}],"curies":[{"name":"wp","href":"https:\/\/api.w.org\/{rel}","templated":true}]}}