{"id":2545,"date":"2024-03-07T00:36:54","date_gmt":"2024-03-06T23:36:54","guid":{"rendered":"https:\/\/cocinaenlinea.es\/?post_type=product&#038;p=2545"},"modified":"2026-01-29T10:59:52","modified_gmt":"2026-01-29T09:59:52","slug":"%f0%9f%8c%bf-domina-tu-jardin-con-la-desbrozadora-alemana-de-43-cc-%f0%9f%8c%bf","status":"publish","type":"product","link":"https:\/\/cocinaenlinea.es\/?product=%f0%9f%8c%bf-domina-tu-jardin-con-la-desbrozadora-alemana-de-43-cc-%f0%9f%8c%bf","title":{"rendered":"\ud83c\udf3f Domina tu jard\u00edn con la Desbrozadora Alemana LINEA HD de 43 CC \/2,41CV\ud83c\udf3f (Servicio postventa Y INFORMACI\u00d3N REAL PODR\u00cdAS VER CONTENIDO DE LA CAJA ANTES DE PAGAR REPARTIDOR)"},"content":{"rendered":"<p><em>\u00bfBuscas potencia, versatilidad y comodidad en una sola herramienta? \u00a1Has llegado al lugar indicado! Con nuestra desbrozadora, equipada con un potente motor de 43 CC y 2,41cv, podr\u00e1s conquistar cualquier terreno con facilidad.<\/em><\/p>\n<p><img fetchpriority=\"high\" decoding=\"async\" class=\"alignnone wp-image-4167 size-full\" src=\"https:\/\/cocinaenlinea.es\/wp-content\/uploads\/2024\/03\/462560082_1676666499782699_7196881976679899056_n.jpg\" alt=\"\" width=\"1080\" height=\"1080\" srcset=\"https:\/\/cocinaenlinea.es\/wp-content\/uploads\/2024\/03\/462560082_1676666499782699_7196881976679899056_n.jpg 1080w, https:\/\/cocinaenlinea.es\/wp-content\/uploads\/2024\/03\/462560082_1676666499782699_7196881976679899056_n-300x300.jpg 300w, https:\/\/cocinaenlinea.es\/wp-content\/uploads\/2024\/03\/462560082_1676666499782699_7196881976679899056_n-1024x1024.jpg 1024w, https:\/\/cocinaenlinea.es\/wp-content\/uploads\/2024\/03\/462560082_1676666499782699_7196881976679899056_n-150x150.jpg 150w, https:\/\/cocinaenlinea.es\/wp-content\/uploads\/2024\/03\/462560082_1676666499782699_7196881976679899056_n-768x768.jpg 768w, https:\/\/cocinaenlinea.es\/wp-content\/uploads\/2024\/03\/462560082_1676666499782699_7196881976679899056_n-350x350.jpg 350w, https:\/\/cocinaenlinea.es\/wp-content\/uploads\/2024\/03\/462560082_1676666499782699_7196881976679899056_n-600x600.jpg 600w, https:\/\/cocinaenlinea.es\/wp-content\/uploads\/2024\/03\/462560082_1676666499782699_7196881976679899056_n-100x100.jpg 100w, https:\/\/cocinaenlinea.es\/wp-content\/uploads\/2024\/03\/462560082_1676666499782699_7196881976679899056_n-50x50.jpg 50w\" sizes=\"(max-width: 1080px) 100vw, 1080px\" \/><\/p>\n<p><em>\u2705Caracter\u00edsticas destacadas:<\/em><\/p>\n<p><em>&#8211; Potencia \u00f3ptima:Con 2.41 CV de potencia, nuestra desbrozadora es perfecta para cortar arbustos, zarzas y cualquier tipo de hierba en terrenos dif\u00edciles.<\/em><\/p>\n<p><em><img decoding=\"async\" class=\"alignnone size-full wp-image-2554\" src=\"https:\/\/cocinaenlinea.es\/wp-content\/uploads\/2024\/03\/desbrozadora-hd-6.jpg\" alt=\"\" width=\"800\" height=\"800\" srcset=\"https:\/\/cocinaenlinea.es\/wp-content\/uploads\/2024\/03\/desbrozadora-hd-6.jpg 800w, https:\/\/cocinaenlinea.es\/wp-content\/uploads\/2024\/03\/desbrozadora-hd-6-300x300.jpg 300w, https:\/\/cocinaenlinea.es\/wp-content\/uploads\/2024\/03\/desbrozadora-hd-6-150x150.jpg 150w, https:\/\/cocinaenlinea.es\/wp-content\/uploads\/2024\/03\/desbrozadora-hd-6-768x768.jpg 768w, https:\/\/cocinaenlinea.es\/wp-content\/uploads\/2024\/03\/desbrozadora-hd-6-350x350.jpg 350w, https:\/\/cocinaenlinea.es\/wp-content\/uploads\/2024\/03\/desbrozadora-hd-6-600x600.jpg 600w, https:\/\/cocinaenlinea.es\/wp-content\/uploads\/2024\/03\/desbrozadora-hd-6-100x100.jpg 100w, https:\/\/cocinaenlinea.es\/wp-content\/uploads\/2024\/03\/desbrozadora-hd-6-50x50.jpg 50w\" sizes=\"(max-width: 800px) 100vw, 800px\" \/><\/em><\/p>\n<p><em>\u2705Adaptador Universal de Cambio R\u00e1pido:<\/em><\/p>\n<p><em> Cambia entre el disco de 3 puntas y el disco de Nylon de manera f\u00e1cil y r\u00e1pida para adaptarte a cualquier tarea<\/em><\/p>\n<p><em><img decoding=\"async\" class=\"alignnone size-full wp-image-2553\" src=\"https:\/\/cocinaenlinea.es\/wp-content\/uploads\/2024\/03\/desbrozadora-hd-5.jpg\" alt=\"\" width=\"800\" height=\"800\" srcset=\"https:\/\/cocinaenlinea.es\/wp-content\/uploads\/2024\/03\/desbrozadora-hd-5.jpg 800w, https:\/\/cocinaenlinea.es\/wp-content\/uploads\/2024\/03\/desbrozadora-hd-5-300x300.jpg 300w, https:\/\/cocinaenlinea.es\/wp-content\/uploads\/2024\/03\/desbrozadora-hd-5-150x150.jpg 150w, https:\/\/cocinaenlinea.es\/wp-content\/uploads\/2024\/03\/desbrozadora-hd-5-768x768.jpg 768w, https:\/\/cocinaenlinea.es\/wp-content\/uploads\/2024\/03\/desbrozadora-hd-5-350x350.jpg 350w, https:\/\/cocinaenlinea.es\/wp-content\/uploads\/2024\/03\/desbrozadora-hd-5-600x600.jpg 600w, https:\/\/cocinaenlinea.es\/wp-content\/uploads\/2024\/03\/desbrozadora-hd-5-100x100.jpg 100w, https:\/\/cocinaenlinea.es\/wp-content\/uploads\/2024\/03\/desbrozadora-hd-5-50x50.jpg 50w\" sizes=\"(max-width: 800px) 100vw, 800px\" \/><\/em><\/p>\n<p><em>\u2705Versatilidad sin l\u00edmites:<\/em><\/p>\n<p><em>A\u00f1ade cualquier accesorio de corte que necesites, desde discos de 2 puntas hasta cabezales de cadena (no incluidos), para una mayor flexibilidad en tus trabajos de jardiner\u00eda.<\/em><\/p>\n<p><em><img loading=\"lazy\" decoding=\"async\" class=\"alignnone size-full wp-image-2552\" src=\"https:\/\/cocinaenlinea.es\/wp-content\/uploads\/2024\/03\/desbrozadora-hd-1.jpg\" alt=\"\" width=\"800\" height=\"800\" srcset=\"https:\/\/cocinaenlinea.es\/wp-content\/uploads\/2024\/03\/desbrozadora-hd-1.jpg 800w, https:\/\/cocinaenlinea.es\/wp-content\/uploads\/2024\/03\/desbrozadora-hd-1-300x300.jpg 300w, https:\/\/cocinaenlinea.es\/wp-content\/uploads\/2024\/03\/desbrozadora-hd-1-150x150.jpg 150w, https:\/\/cocinaenlinea.es\/wp-content\/uploads\/2024\/03\/desbrozadora-hd-1-768x768.jpg 768w, https:\/\/cocinaenlinea.es\/wp-content\/uploads\/2024\/03\/desbrozadora-hd-1-350x350.jpg 350w, https:\/\/cocinaenlinea.es\/wp-content\/uploads\/2024\/03\/desbrozadora-hd-1-600x600.jpg 600w, https:\/\/cocinaenlinea.es\/wp-content\/uploads\/2024\/03\/desbrozadora-hd-1-100x100.jpg 100w, https:\/\/cocinaenlinea.es\/wp-content\/uploads\/2024\/03\/desbrozadora-hd-1-50x50.jpg 50w\" sizes=\"(max-width: 800px) 100vw, 800px\" \/><\/em><\/p>\n<p><em>\u2705Comodidad en movimiento:<\/em><\/p>\n<p><em>Con tan solo 5.5 kg de peso y un sistema de SILENTBLOCKS que reduce las vibraciones, podr\u00e1s transportar y utilizar la desbrozadora sin esfuerzo.<\/em><\/p>\n<p><em><img loading=\"lazy\" decoding=\"async\" class=\"alignnone size-full wp-image-2551\" src=\"https:\/\/cocinaenlinea.es\/wp-content\/uploads\/2024\/03\/s-l1200-15.webp\" alt=\"\" width=\"1000\" height=\"650\" srcset=\"https:\/\/cocinaenlinea.es\/wp-content\/uploads\/2024\/03\/s-l1200-15.webp 1000w, https:\/\/cocinaenlinea.es\/wp-content\/uploads\/2024\/03\/s-l1200-15-300x195.webp 300w, https:\/\/cocinaenlinea.es\/wp-content\/uploads\/2024\/03\/s-l1200-15-768x499.webp 768w, https:\/\/cocinaenlinea.es\/wp-content\/uploads\/2024\/03\/s-l1200-15-600x390.webp 600w\" sizes=\"(max-width: 1000px) 100vw, 1000px\" \/><\/em><\/p>\n<p><em>\u2705Completo paquete de accesorios:<\/em><\/p>\n<p><em>Adem\u00e1s de los discos y cabezales, incluimos un kit de herramientas, bote para la mezcla de gasolina con aceite y un arn\u00e9s tipo bandolera para mayor comodidad durante el trabajo.<\/em><\/p>\n<p><em><img loading=\"lazy\" decoding=\"async\" class=\"alignnone wp-image-2548\" src=\"https:\/\/cocinaenlinea.es\/wp-content\/uploads\/2024\/03\/2037592.jpeg\" alt=\"\" width=\"1080\" height=\"725\" srcset=\"https:\/\/cocinaenlinea.es\/wp-content\/uploads\/2024\/03\/2037592.jpeg 350w, https:\/\/cocinaenlinea.es\/wp-content\/uploads\/2024\/03\/2037592-300x201.jpeg 300w\" sizes=\"(max-width: 1080px) 100vw, 1080px\" \/><\/em><\/p>\n<p><em>\u2705Especificaciones t\u00e9cnicas:<\/em><\/p>\n<p><em>&#8211; Cilindrada: 43 cc<\/em><\/p>\n<p><em>&#8211; Dep\u00f3sito de combustible: 0.55 l<\/em><\/p>\n<p><em>&#8211; Encendido: CDI<\/em><\/p>\n<p><em>&#8211; Motor: 2 tiempos<\/em><\/p>\n<p><em>&#8211; Di\u00e1metro de giro: 420 mm<\/em><\/p>\n<p><em><img loading=\"lazy\" decoding=\"async\" class=\"alignnone size-full wp-image-2547\" src=\"https:\/\/cocinaenlinea.es\/wp-content\/uploads\/2024\/03\/desbrozadora-de-gasolina-kraftroyal-motor-2t-arranque-manual-254-cc-10-hp.jpg\" alt=\"\" width=\"1000\" height=\"1000\" srcset=\"https:\/\/cocinaenlinea.es\/wp-content\/uploads\/2024\/03\/desbrozadora-de-gasolina-kraftroyal-motor-2t-arranque-manual-254-cc-10-hp.jpg 1000w, https:\/\/cocinaenlinea.es\/wp-content\/uploads\/2024\/03\/desbrozadora-de-gasolina-kraftroyal-motor-2t-arranque-manual-254-cc-10-hp-300x300.jpg 300w, https:\/\/cocinaenlinea.es\/wp-content\/uploads\/2024\/03\/desbrozadora-de-gasolina-kraftroyal-motor-2t-arranque-manual-254-cc-10-hp-150x150.jpg 150w, https:\/\/cocinaenlinea.es\/wp-content\/uploads\/2024\/03\/desbrozadora-de-gasolina-kraftroyal-motor-2t-arranque-manual-254-cc-10-hp-768x768.jpg 768w, https:\/\/cocinaenlinea.es\/wp-content\/uploads\/2024\/03\/desbrozadora-de-gasolina-kraftroyal-motor-2t-arranque-manual-254-cc-10-hp-350x350.jpg 350w, https:\/\/cocinaenlinea.es\/wp-content\/uploads\/2024\/03\/desbrozadora-de-gasolina-kraftroyal-motor-2t-arranque-manual-254-cc-10-hp-600x600.jpg 600w, https:\/\/cocinaenlinea.es\/wp-content\/uploads\/2024\/03\/desbrozadora-de-gasolina-kraftroyal-motor-2t-arranque-manual-254-cc-10-hp-100x100.jpg 100w, https:\/\/cocinaenlinea.es\/wp-content\/uploads\/2024\/03\/desbrozadora-de-gasolina-kraftroyal-motor-2t-arranque-manual-254-cc-10-hp-50x50.jpg 50w\" sizes=\"(max-width: 1000px) 100vw, 1000px\" \/> <img loading=\"lazy\" decoding=\"async\" class=\"alignnone size-full wp-image-2550\" src=\"https:\/\/cocinaenlinea.es\/wp-content\/uploads\/2024\/03\/s-l1200-13.webp\" alt=\"\" width=\"1024\" height=\"1024\" srcset=\"https:\/\/cocinaenlinea.es\/wp-content\/uploads\/2024\/03\/s-l1200-13.webp 1024w, https:\/\/cocinaenlinea.es\/wp-content\/uploads\/2024\/03\/s-l1200-13-300x300.webp 300w, https:\/\/cocinaenlinea.es\/wp-content\/uploads\/2024\/03\/s-l1200-13-150x150.webp 150w, https:\/\/cocinaenlinea.es\/wp-content\/uploads\/2024\/03\/s-l1200-13-768x768.webp 768w, https:\/\/cocinaenlinea.es\/wp-content\/uploads\/2024\/03\/s-l1200-13-350x350.webp 350w, https:\/\/cocinaenlinea.es\/wp-content\/uploads\/2024\/03\/s-l1200-13-600x600.webp 600w, https:\/\/cocinaenlinea.es\/wp-content\/uploads\/2024\/03\/s-l1200-13-100x100.webp 100w, https:\/\/cocinaenlinea.es\/wp-content\/uploads\/2024\/03\/s-l1200-13-50x50.webp 50w\" sizes=\"(max-width: 1024px) 100vw, 1024px\" \/> <img loading=\"lazy\" decoding=\"async\" class=\"alignnone size-full wp-image-2552\" src=\"https:\/\/cocinaenlinea.es\/wp-content\/uploads\/2024\/03\/desbrozadora-hd-1.jpg\" alt=\"\" width=\"800\" height=\"800\" srcset=\"https:\/\/cocinaenlinea.es\/wp-content\/uploads\/2024\/03\/desbrozadora-hd-1.jpg 800w, https:\/\/cocinaenlinea.es\/wp-content\/uploads\/2024\/03\/desbrozadora-hd-1-300x300.jpg 300w, https:\/\/cocinaenlinea.es\/wp-content\/uploads\/2024\/03\/desbrozadora-hd-1-150x150.jpg 150w, https:\/\/cocinaenlinea.es\/wp-content\/uploads\/2024\/03\/desbrozadora-hd-1-768x768.jpg 768w, https:\/\/cocinaenlinea.es\/wp-content\/uploads\/2024\/03\/desbrozadora-hd-1-350x350.jpg 350w, https:\/\/cocinaenlinea.es\/wp-content\/uploads\/2024\/03\/desbrozadora-hd-1-600x600.jpg 600w, https:\/\/cocinaenlinea.es\/wp-content\/uploads\/2024\/03\/desbrozadora-hd-1-100x100.jpg 100w, https:\/\/cocinaenlinea.es\/wp-content\/uploads\/2024\/03\/desbrozadora-hd-1-50x50.jpg 50w\" sizes=\"(max-width: 800px) 100vw, 800px\" \/> <img loading=\"lazy\" decoding=\"async\" class=\"alignnone wp-image-2555\" src=\"https:\/\/cocinaenlinea.es\/wp-content\/uploads\/2024\/03\/Best-Price-Brush-Cutter-Metal-Blade-52cc-Portable-Gasoline-Grass-Cutter-1.webp\" alt=\"\" width=\"1080\" height=\"1080\" srcset=\"https:\/\/cocinaenlinea.es\/wp-content\/uploads\/2024\/03\/Best-Price-Brush-Cutter-Metal-Blade-52cc-Portable-Gasoline-Grass-Cutter-1.webp 550w, https:\/\/cocinaenlinea.es\/wp-content\/uploads\/2024\/03\/Best-Price-Brush-Cutter-Metal-Blade-52cc-Portable-Gasoline-Grass-Cutter-1-300x300.webp 300w, https:\/\/cocinaenlinea.es\/wp-content\/uploads\/2024\/03\/Best-Price-Brush-Cutter-Metal-Blade-52cc-Portable-Gasoline-Grass-Cutter-1-150x150.webp 150w, https:\/\/cocinaenlinea.es\/wp-content\/uploads\/2024\/03\/Best-Price-Brush-Cutter-Metal-Blade-52cc-Portable-Gasoline-Grass-Cutter-1-350x350.webp 350w, https:\/\/cocinaenlinea.es\/wp-content\/uploads\/2024\/03\/Best-Price-Brush-Cutter-Metal-Blade-52cc-Portable-Gasoline-Grass-Cutter-1-100x100.webp 100w, https:\/\/cocinaenlinea.es\/wp-content\/uploads\/2024\/03\/Best-Price-Brush-Cutter-Metal-Blade-52cc-Portable-Gasoline-Grass-Cutter-1-50x50.webp 50w\" sizes=\"(max-width: 1080px) 100vw, 1080px\" \/> <img loading=\"lazy\" decoding=\"async\" class=\"alignnone wp-image-2556\" src=\"https:\/\/cocinaenlinea.es\/wp-content\/uploads\/2024\/03\/Best-Price-Brush-Cutter-Metal-Blade-52cc-Portable-Gasoline-Grass-Cutter-2.webp\" alt=\"\" width=\"1080\" height=\"1080\" srcset=\"https:\/\/cocinaenlinea.es\/wp-content\/uploads\/2024\/03\/Best-Price-Brush-Cutter-Metal-Blade-52cc-Portable-Gasoline-Grass-Cutter-2.webp 550w, https:\/\/cocinaenlinea.es\/wp-content\/uploads\/2024\/03\/Best-Price-Brush-Cutter-Metal-Blade-52cc-Portable-Gasoline-Grass-Cutter-2-300x300.webp 300w, https:\/\/cocinaenlinea.es\/wp-content\/uploads\/2024\/03\/Best-Price-Brush-Cutter-Metal-Blade-52cc-Portable-Gasoline-Grass-Cutter-2-150x150.webp 150w, https:\/\/cocinaenlinea.es\/wp-content\/uploads\/2024\/03\/Best-Price-Brush-Cutter-Metal-Blade-52cc-Portable-Gasoline-Grass-Cutter-2-350x350.webp 350w, https:\/\/cocinaenlinea.es\/wp-content\/uploads\/2024\/03\/Best-Price-Brush-Cutter-Metal-Blade-52cc-Portable-Gasoline-Grass-Cutter-2-100x100.webp 100w, https:\/\/cocinaenlinea.es\/wp-content\/uploads\/2024\/03\/Best-Price-Brush-Cutter-Metal-Blade-52cc-Portable-Gasoline-Grass-Cutter-2-50x50.webp 50w\" sizes=\"(max-width: 1080px) 100vw, 1080px\" \/><\/em><\/p>\n<p><em><img loading=\"lazy\" decoding=\"async\" class=\"alignnone wp-image-4180\" src=\"https:\/\/cocinaenlinea.es\/wp-content\/uploads\/2024\/03\/462547931_1110348663946966_6725143828170068405_n.jpg\" alt=\"\" width=\"1080\" height=\"1920\" srcset=\"https:\/\/cocinaenlinea.es\/wp-content\/uploads\/2024\/03\/462547931_1110348663946966_6725143828170068405_n.jpg 640w, https:\/\/cocinaenlinea.es\/wp-content\/uploads\/2024\/03\/462547931_1110348663946966_6725143828170068405_n-169x300.jpg 169w, https:\/\/cocinaenlinea.es\/wp-content\/uploads\/2024\/03\/462547931_1110348663946966_6725143828170068405_n-576x1024.jpg 576w, https:\/\/cocinaenlinea.es\/wp-content\/uploads\/2024\/03\/462547931_1110348663946966_6725143828170068405_n-300x533.jpg 300w, https:\/\/cocinaenlinea.es\/wp-content\/uploads\/2024\/03\/462547931_1110348663946966_6725143828170068405_n-600x1067.jpg 600w\" sizes=\"(max-width: 1080px) 100vw, 1080px\" \/> <img loading=\"lazy\" decoding=\"async\" class=\"alignnone wp-image-4183\" src=\"https:\/\/cocinaenlinea.es\/wp-content\/uploads\/2024\/03\/462561190_980951744046899_3738802828248758644_n.jpg\" alt=\"\" width=\"1080\" height=\"2391\" srcset=\"https:\/\/cocinaenlinea.es\/wp-content\/uploads\/2024\/03\/462561190_980951744046899_3738802828248758644_n.jpg 852w, https:\/\/cocinaenlinea.es\/wp-content\/uploads\/2024\/03\/462561190_980951744046899_3738802828248758644_n-136x300.jpg 136w, https:\/\/cocinaenlinea.es\/wp-content\/uploads\/2024\/03\/462561190_980951744046899_3738802828248758644_n-463x1024.jpg 463w, https:\/\/cocinaenlinea.es\/wp-content\/uploads\/2024\/03\/462561190_980951744046899_3738802828248758644_n-768x1700.jpg 768w, https:\/\/cocinaenlinea.es\/wp-content\/uploads\/2024\/03\/462561190_980951744046899_3738802828248758644_n-694x1536.jpg 694w, https:\/\/cocinaenlinea.es\/wp-content\/uploads\/2024\/03\/462561190_980951744046899_3738802828248758644_n-300x664.jpg 300w, https:\/\/cocinaenlinea.es\/wp-content\/uploads\/2024\/03\/462561190_980951744046899_3738802828248758644_n-600x1328.jpg 600w\" sizes=\"(max-width: 1080px) 100vw, 1080px\" \/>\u00a0 <\/em><\/p>\n<p><em>\u00a1No te pierdas esta oportunidad! Con 3 a\u00f1os de garant\u00eda<\/em><\/p>\n<p><em><img loading=\"lazy\" decoding=\"async\" class=\"alignnone wp-image-1983\" src=\"https:\/\/cocinaenlinea.es\/wp-content\/uploads\/2023\/12\/garantia-3-anos-1.png\" alt=\"\" width=\"1080\" height=\"1080\" srcset=\"https:\/\/cocinaenlinea.es\/wp-content\/uploads\/2023\/12\/garantia-3-anos-1.png 400w, https:\/\/cocinaenlinea.es\/wp-content\/uploads\/2023\/12\/garantia-3-anos-1-300x300.png 300w, https:\/\/cocinaenlinea.es\/wp-content\/uploads\/2023\/12\/garantia-3-anos-1-150x150.png 150w, https:\/\/cocinaenlinea.es\/wp-content\/uploads\/2023\/12\/garantia-3-anos-1-350x350.png 350w, https:\/\/cocinaenlinea.es\/wp-content\/uploads\/2023\/12\/garantia-3-anos-1-100x100.png 100w, https:\/\/cocinaenlinea.es\/wp-content\/uploads\/2023\/12\/garantia-3-anos-1-50x50.png 50w\" sizes=\"(max-width: 1080px) 100vw, 1080px\" \/><\/em><\/p>\n<p>&nbsp;<\/p>\n<p><em>y la opci\u00f3n de pagar contra reembolso<\/em><\/p>\n<p><img loading=\"lazy\" decoding=\"async\" class=\"alignnone wp-image-3357 size-full\" src=\"https:\/\/cocinaenlinea.es\/wp-content\/uploads\/2022\/07\/AnyConv.com__4-8.webp\" alt=\"\" width=\"1080\" height=\"540\" srcset=\"https:\/\/cocinaenlinea.es\/wp-content\/uploads\/2022\/07\/AnyConv.com__4-8.webp 1080w, https:\/\/cocinaenlinea.es\/wp-content\/uploads\/2022\/07\/AnyConv.com__4-8-300x150.webp 300w, https:\/\/cocinaenlinea.es\/wp-content\/uploads\/2022\/07\/AnyConv.com__4-8-1024x512.webp 1024w, https:\/\/cocinaenlinea.es\/wp-content\/uploads\/2022\/07\/AnyConv.com__4-8-768x384.webp 768w, https:\/\/cocinaenlinea.es\/wp-content\/uploads\/2022\/07\/AnyConv.com__4-8-600x300.webp 600w\" sizes=\"(max-width: 1080px) 100vw, 1080px\" \/><\/p>\n<p><img loading=\"lazy\" decoding=\"async\" class=\"alignnone wp-image-3359 size-full\" src=\"https:\/\/cocinaenlinea.es\/wp-content\/uploads\/2024\/08\/AnyConv.com__3-8.webp\" alt=\"\" width=\"1080\" height=\"540\" srcset=\"https:\/\/cocinaenlinea.es\/wp-content\/uploads\/2024\/08\/AnyConv.com__3-8.webp 1080w, https:\/\/cocinaenlinea.es\/wp-content\/uploads\/2024\/08\/AnyConv.com__3-8-300x150.webp 300w, https:\/\/cocinaenlinea.es\/wp-content\/uploads\/2024\/08\/AnyConv.com__3-8-1024x512.webp 1024w, https:\/\/cocinaenlinea.es\/wp-content\/uploads\/2024\/08\/AnyConv.com__3-8-768x384.webp 768w, https:\/\/cocinaenlinea.es\/wp-content\/uploads\/2024\/08\/AnyConv.com__3-8-600x300.webp 600w\" sizes=\"(max-width: 1080px) 100vw, 1080px\" \/><em>tu satisfacci\u00f3n est\u00e1 garantizada. Conquista tu jard\u00edn con la desbrozadora alemana de confianza.<\/em><\/p>\n<p><em>\u00bfSi Necesitar\u00e1s en futuro Cambiar Piezas? Solicita tu Presupuesto Ahora\ud83d\udd27<\/em><\/p>\n<p><em>\u00bfBuscas reemplazar piezas de tu desbrozadora? \u00a1Estamos aqu\u00ed para ayudarte! En nuestro taller especializado, ofrecemos servicios de cambio de piezas para garantizar el \u00f3ptimo rendimiento de tu equipo.<\/em><\/p>\n<p><img loading=\"lazy\" decoding=\"async\" class=\"alignnone wp-image-3000\" src=\"https:\/\/cocinaenlinea.es\/wp-content\/uploads\/2024\/03\/20180320_161607.jpg\" alt=\"\" width=\"1080\" height=\"675\" srcset=\"https:\/\/cocinaenlinea.es\/wp-content\/uploads\/2024\/03\/20180320_161607.jpg 560w, https:\/\/cocinaenlinea.es\/wp-content\/uploads\/2024\/03\/20180320_161607-300x188.jpg 300w\" sizes=\"(max-width: 1080px) 100vw, 1080px\" \/><\/p>\n<h3><em>\u2705 \u00bfQu\u00e9 Ofrecemos?<\/em><\/h3>\n<p><em>&#8211; Asesoramiento personalizado para identificar las piezas que necesitas cambiar.<\/em><\/p>\n<p><em>&#8211; Piezas de repuesto originales de alta calidad para mantener la fiabilidad de tu desbrozadora.<\/em><\/p>\n<p><em>&#8211; Profesionales expertos en la instalaci\u00f3n y ajuste de las nuevas piezas para un funcionamiento \u00f3ptimo.<\/em><\/p>\n<p>&nbsp;<\/p>\n<p><em>\ud83d\udcac \u00bfC\u00f3mo Solicitar tu Presupuesto?<\/em><\/p>\n<p><em>\u00a1Es f\u00e1cil! Simplemente cont\u00e1ctanos a trav\u00e9s de nuestro formulario en l\u00ednea o ll\u00e1manos directamente. Nuestro equipo estar\u00e1 encantado de brindarte un presupuesto personalizado y responder a todas tus preguntas.<\/em><\/p>\n<p>&nbsp;<\/p>\n<p><em>No esperes m\u00e1s, \u00a1asegura el rendimiento \u00f3ptimo de tu desbrozadora hoy mismo con nuestro servicio de cambio de piezas! \ud83d\udd29\ud83d\udee0\ufe0f<\/em><\/p>\n<h3><\/h3>\n<h3><\/h3>\n<h3><em><!--more--><\/em><\/h3>\n","protected":false},"excerpt":{"rendered":"<p>\u00bfBuscas potencia, versatilidad y comodidad en una sola herramienta? \u00a1Has llegado al lugar indicado! Con nuestra desbrozadora, equipada con un potente motor de 43 CC y 2,41cv, podr\u00e1s conquistar cualquier terreno con facilidad. \u2705Caracter\u00edsticas destacadas: &#8211; Potencia \u00f3ptima:Con 2.41 CV de potencia, nuestra desbrozadora es perfecta para cortar arbustos, zarzas y cualquier tipo de hierba [&hellip;]<\/p>\n","protected":false},"featured_media":7795,"template":"","meta":{"_kadence_starter_templates_imported_post":false},"product_brand":[],"product_cat":[18],"product_tag":[],"class_list":{"0":"post-2545","1":"product","2":"type-product","3":"status-publish","4":"has-post-thumbnail","6":"product_cat-herramienta","8":"first","9":"instock","10":"sale","11":"shipping-taxable","12":"purchasable","13":"product-type-simple"},"_links":{"self":[{"href":"https:\/\/cocinaenlinea.es\/index.php?rest_route=\/wp\/v2\/product\/2545","targetHints":{"allow":["GET"]}}],"collection":[{"href":"https:\/\/cocinaenlinea.es\/index.php?rest_route=\/wp\/v2\/product"}],"about":[{"href":"https:\/\/cocinaenlinea.es\/index.php?rest_route=\/wp\/v2\/types\/product"}],"wp:featuredmedia":[{"embeddable":true,"href":"https:\/\/cocinaenlinea.es\/index.php?rest_route=\/wp\/v2\/media\/7795"}],"wp:attachment":[{"href":"https:\/\/cocinaenlinea.es\/index.php?rest_route=%2Fwp%2Fv2%2Fmedia&parent=2545"}],"wp:term":[{"taxonomy":"product_brand","embeddable":true,"href":"https:\/\/cocinaenlinea.es\/index.php?rest_route=%2Fwp%2Fv2%2Fproduct_brand&post=2545"},{"taxonomy":"product_cat","embeddable":true,"href":"https:\/\/cocinaenlinea.es\/index.php?rest_route=%2Fwp%2Fv2%2Fproduct_cat&post=2545"},{"taxonomy":"product_tag","embeddable":true,"href":"https:\/\/cocinaenlinea.es\/index.php?rest_route=%2Fwp%2Fv2%2Fproduct_tag&post=2545"}],"curies":[{"name":"wp","href":"https:\/\/api.w.org\/{rel}","templated":true}]}}