{"id":2482,"date":"2024-02-27T15:54:00","date_gmt":"2024-02-27T14:54:00","guid":{"rendered":"https:\/\/cocinaenlinea.es\/?post_type=product&#038;p=2482"},"modified":"2025-04-14T20:21:39","modified_gmt":"2025-04-14T18:21:39","slug":"limpieza-sin-limites-con-nuestro-limpiador-inalambrico-de-alta-presion","status":"publish","type":"product","link":"https:\/\/cocinaenlinea.es\/?product=limpieza-sin-limites-con-nuestro-limpiador-inalambrico-de-alta-presion","title":{"rendered":"Limpieza sin l\u00edmites con nuestro Limpiador Inal\u00e1mbrico de Alta Presi\u00f3n"},"content":{"rendered":"<h4><em>\ud83c\udf0a\u00a1Limpieza sin l\u00edmites con nuestro Limpiador Inal\u00e1mbrico de Alta Presi\u00f3n!<\/em><\/h4>\n<h4><em><img fetchpriority=\"high\" decoding=\"async\" class=\"alignnone size-full wp-image-2497\" src=\"https:\/\/cocinaenlinea.es\/wp-content\/uploads\/2024\/02\/1088369777308520644.jpg\" alt=\"\" width=\"1000\" height=\"1000\" srcset=\"https:\/\/cocinaenlinea.es\/wp-content\/uploads\/2024\/02\/1088369777308520644.jpg 1000w, https:\/\/cocinaenlinea.es\/wp-content\/uploads\/2024\/02\/1088369777308520644-300x300.jpg 300w, https:\/\/cocinaenlinea.es\/wp-content\/uploads\/2024\/02\/1088369777308520644-150x150.jpg 150w, https:\/\/cocinaenlinea.es\/wp-content\/uploads\/2024\/02\/1088369777308520644-768x768.jpg 768w, https:\/\/cocinaenlinea.es\/wp-content\/uploads\/2024\/02\/1088369777308520644-350x350.jpg 350w, https:\/\/cocinaenlinea.es\/wp-content\/uploads\/2024\/02\/1088369777308520644-600x600.jpg 600w, https:\/\/cocinaenlinea.es\/wp-content\/uploads\/2024\/02\/1088369777308520644-100x100.jpg 100w, https:\/\/cocinaenlinea.es\/wp-content\/uploads\/2024\/02\/1088369777308520644-50x50.jpg 50w\" sizes=\"(max-width: 1000px) 100vw, 1000px\" \/><\/em><\/h4>\n<h4><em>\u00bfBuscas un aliado confiable para tus tareas de limpieza? \u00a1No busques m\u00e1s! Nuestro Limpiador Inal\u00e1mbrico de Alta Presi\u00f3n es la soluci\u00f3n perfecta para todas tus necesidades de limpieza. Con una presi\u00f3n de hasta 45 bar y una potencia de 240 W, este potente dispositivo transformar\u00e1 la forma en que limpias.<\/em><\/h4>\n<h4><em><img decoding=\"async\" class=\"alignnone size-full wp-image-2496\" src=\"https:\/\/cocinaenlinea.es\/wp-content\/uploads\/2024\/02\/5878595522016465198.jpg\" alt=\"\" width=\"960\" height=\"960\" srcset=\"https:\/\/cocinaenlinea.es\/wp-content\/uploads\/2024\/02\/5878595522016465198.jpg 960w, https:\/\/cocinaenlinea.es\/wp-content\/uploads\/2024\/02\/5878595522016465198-300x300.jpg 300w, https:\/\/cocinaenlinea.es\/wp-content\/uploads\/2024\/02\/5878595522016465198-150x150.jpg 150w, https:\/\/cocinaenlinea.es\/wp-content\/uploads\/2024\/02\/5878595522016465198-768x768.jpg 768w, https:\/\/cocinaenlinea.es\/wp-content\/uploads\/2024\/02\/5878595522016465198-350x350.jpg 350w, https:\/\/cocinaenlinea.es\/wp-content\/uploads\/2024\/02\/5878595522016465198-600x600.jpg 600w, https:\/\/cocinaenlinea.es\/wp-content\/uploads\/2024\/02\/5878595522016465198-100x100.jpg 100w, https:\/\/cocinaenlinea.es\/wp-content\/uploads\/2024\/02\/5878595522016465198-50x50.jpg 50w\" sizes=\"(max-width: 960px) 100vw, 960px\" \/><\/em><\/h4>\n<h4><em>\u2728Caracter\u00edsticas destacadas:<\/em><\/h4>\n<h4><em>&#8211; Versatilidad incomparable: La pistola de agua multifuncional te permite cambiar el tipo de agua seg\u00fan tus necesidades. Desde un flujo suave hasta un chorro potente, puedes ajustarlo f\u00e1cilmente girando la boquilla.<\/em><\/h4>\n<h4><em><img decoding=\"async\" class=\"alignnone size-full wp-image-2495\" src=\"https:\/\/cocinaenlinea.es\/wp-content\/uploads\/2024\/02\/1088267866-1836099569.png\" alt=\"\" width=\"1000\" height=\"1000\" srcset=\"https:\/\/cocinaenlinea.es\/wp-content\/uploads\/2024\/02\/1088267866-1836099569.png 1000w, https:\/\/cocinaenlinea.es\/wp-content\/uploads\/2024\/02\/1088267866-1836099569-300x300.png 300w, https:\/\/cocinaenlinea.es\/wp-content\/uploads\/2024\/02\/1088267866-1836099569-150x150.png 150w, https:\/\/cocinaenlinea.es\/wp-content\/uploads\/2024\/02\/1088267866-1836099569-768x768.png 768w, https:\/\/cocinaenlinea.es\/wp-content\/uploads\/2024\/02\/1088267866-1836099569-350x350.png 350w, https:\/\/cocinaenlinea.es\/wp-content\/uploads\/2024\/02\/1088267866-1836099569-600x600.png 600w, https:\/\/cocinaenlinea.es\/wp-content\/uploads\/2024\/02\/1088267866-1836099569-100x100.png 100w, https:\/\/cocinaenlinea.es\/wp-content\/uploads\/2024\/02\/1088267866-1836099569-50x50.png 50w\" sizes=\"(max-width: 1000px) 100vw, 1000px\" \/><\/em><\/h4>\n<h4><em>&#8211; Filtro de acero inoxidable: Equipado con un filtro fino de acero inoxidable, garantiza una limpieza m\u00e1s r\u00e1pida y eficiente al filtrar las impurezas del agua.<\/em><\/h4>\n<h4><em><img loading=\"lazy\" decoding=\"async\" class=\"alignnone size-full wp-image-2494\" src=\"https:\/\/cocinaenlinea.es\/wp-content\/uploads\/2024\/02\/1718769386257125068-1.jpg\" alt=\"\" width=\"800\" height=\"800\" srcset=\"https:\/\/cocinaenlinea.es\/wp-content\/uploads\/2024\/02\/1718769386257125068-1.jpg 800w, https:\/\/cocinaenlinea.es\/wp-content\/uploads\/2024\/02\/1718769386257125068-1-300x300.jpg 300w, https:\/\/cocinaenlinea.es\/wp-content\/uploads\/2024\/02\/1718769386257125068-1-150x150.jpg 150w, https:\/\/cocinaenlinea.es\/wp-content\/uploads\/2024\/02\/1718769386257125068-1-768x768.jpg 768w, https:\/\/cocinaenlinea.es\/wp-content\/uploads\/2024\/02\/1718769386257125068-1-350x350.jpg 350w, https:\/\/cocinaenlinea.es\/wp-content\/uploads\/2024\/02\/1718769386257125068-1-600x600.jpg 600w, https:\/\/cocinaenlinea.es\/wp-content\/uploads\/2024\/02\/1718769386257125068-1-100x100.jpg 100w, https:\/\/cocinaenlinea.es\/wp-content\/uploads\/2024\/02\/1718769386257125068-1-50x50.jpg 50w\" sizes=\"(max-width: 800px) 100vw, 800px\" \/><\/em><\/h4>\n<h4><em>&#8211; Duraci\u00f3n de la bater\u00eda: Con una potente bater\u00eda de litio, disfrutar\u00e1s de una vida \u00fatil prolongada del dispositivo, lo que te permite realizar tus tareas de limpieza sin interrupciones.<\/em><\/h4>\n<h4><em><img loading=\"lazy\" decoding=\"async\" class=\"alignnone size-full wp-image-2493\" src=\"https:\/\/cocinaenlinea.es\/wp-content\/uploads\/2024\/02\/1394159815735402358.jpg\" alt=\"\" width=\"960\" height=\"960\" srcset=\"https:\/\/cocinaenlinea.es\/wp-content\/uploads\/2024\/02\/1394159815735402358.jpg 960w, https:\/\/cocinaenlinea.es\/wp-content\/uploads\/2024\/02\/1394159815735402358-300x300.jpg 300w, https:\/\/cocinaenlinea.es\/wp-content\/uploads\/2024\/02\/1394159815735402358-150x150.jpg 150w, https:\/\/cocinaenlinea.es\/wp-content\/uploads\/2024\/02\/1394159815735402358-768x768.jpg 768w, https:\/\/cocinaenlinea.es\/wp-content\/uploads\/2024\/02\/1394159815735402358-350x350.jpg 350w, https:\/\/cocinaenlinea.es\/wp-content\/uploads\/2024\/02\/1394159815735402358-600x600.jpg 600w, https:\/\/cocinaenlinea.es\/wp-content\/uploads\/2024\/02\/1394159815735402358-100x100.jpg 100w, https:\/\/cocinaenlinea.es\/wp-content\/uploads\/2024\/02\/1394159815735402358-50x50.jpg 50w\" sizes=\"(max-width: 960px) 100vw, 960px\" \/><\/em><\/h4>\n<h4><em><img loading=\"lazy\" decoding=\"async\" class=\"alignnone size-full wp-image-2492\" src=\"https:\/\/cocinaenlinea.es\/wp-content\/uploads\/2024\/02\/1606301417-1812358016.jpg\" alt=\"\" width=\"800\" height=\"800\" srcset=\"https:\/\/cocinaenlinea.es\/wp-content\/uploads\/2024\/02\/1606301417-1812358016.jpg 800w, https:\/\/cocinaenlinea.es\/wp-content\/uploads\/2024\/02\/1606301417-1812358016-300x300.jpg 300w, https:\/\/cocinaenlinea.es\/wp-content\/uploads\/2024\/02\/1606301417-1812358016-150x150.jpg 150w, https:\/\/cocinaenlinea.es\/wp-content\/uploads\/2024\/02\/1606301417-1812358016-768x768.jpg 768w, https:\/\/cocinaenlinea.es\/wp-content\/uploads\/2024\/02\/1606301417-1812358016-350x350.jpg 350w, https:\/\/cocinaenlinea.es\/wp-content\/uploads\/2024\/02\/1606301417-1812358016-600x600.jpg 600w, https:\/\/cocinaenlinea.es\/wp-content\/uploads\/2024\/02\/1606301417-1812358016-100x100.jpg 100w, https:\/\/cocinaenlinea.es\/wp-content\/uploads\/2024\/02\/1606301417-1812358016-50x50.jpg 50w\" sizes=\"(max-width: 800px) 100vw, 800px\" \/><\/em><\/h4>\n<h4><em>&#8211; Usos m\u00faltiples: Desde lavar autos hasta regar el jard\u00edn, este limpiador es ideal para una variedad de aplicaciones, incluyendo la limpieza del hogar, barcos, patios, bicicletas, y mucho m\u00e1s.<\/em><\/h4>\n<h4><em><img loading=\"lazy\" decoding=\"async\" class=\"alignnone size-full wp-image-2491\" src=\"https:\/\/cocinaenlinea.es\/wp-content\/uploads\/2024\/02\/10896961611963890412.jpg\" alt=\"\" width=\"1000\" height=\"1000\" srcset=\"https:\/\/cocinaenlinea.es\/wp-content\/uploads\/2024\/02\/10896961611963890412.jpg 1000w, https:\/\/cocinaenlinea.es\/wp-content\/uploads\/2024\/02\/10896961611963890412-300x300.jpg 300w, https:\/\/cocinaenlinea.es\/wp-content\/uploads\/2024\/02\/10896961611963890412-150x150.jpg 150w, https:\/\/cocinaenlinea.es\/wp-content\/uploads\/2024\/02\/10896961611963890412-768x768.jpg 768w, https:\/\/cocinaenlinea.es\/wp-content\/uploads\/2024\/02\/10896961611963890412-350x350.jpg 350w, https:\/\/cocinaenlinea.es\/wp-content\/uploads\/2024\/02\/10896961611963890412-600x600.jpg 600w, https:\/\/cocinaenlinea.es\/wp-content\/uploads\/2024\/02\/10896961611963890412-100x100.jpg 100w, https:\/\/cocinaenlinea.es\/wp-content\/uploads\/2024\/02\/10896961611963890412-50x50.jpg 50w\" sizes=\"(max-width: 1000px) 100vw, 1000px\" \/><\/em><\/h4>\n<h4><em><img loading=\"lazy\" decoding=\"async\" class=\"alignnone size-full wp-image-2484\" src=\"https:\/\/cocinaenlinea.es\/wp-content\/uploads\/2024\/02\/14282705331598783576.jpg\" alt=\"\" width=\"800\" height=\"800\" srcset=\"https:\/\/cocinaenlinea.es\/wp-content\/uploads\/2024\/02\/14282705331598783576.jpg 800w, https:\/\/cocinaenlinea.es\/wp-content\/uploads\/2024\/02\/14282705331598783576-300x300.jpg 300w, https:\/\/cocinaenlinea.es\/wp-content\/uploads\/2024\/02\/14282705331598783576-150x150.jpg 150w, https:\/\/cocinaenlinea.es\/wp-content\/uploads\/2024\/02\/14282705331598783576-768x768.jpg 768w, https:\/\/cocinaenlinea.es\/wp-content\/uploads\/2024\/02\/14282705331598783576-350x350.jpg 350w, https:\/\/cocinaenlinea.es\/wp-content\/uploads\/2024\/02\/14282705331598783576-600x600.jpg 600w, https:\/\/cocinaenlinea.es\/wp-content\/uploads\/2024\/02\/14282705331598783576-100x100.jpg 100w, https:\/\/cocinaenlinea.es\/wp-content\/uploads\/2024\/02\/14282705331598783576-50x50.jpg 50w\" sizes=\"(max-width: 800px) 100vw, 800px\" \/><\/em><\/h4>\n<h4><em>Especificaciones:<\/em><\/h4>\n<h4><em>&#8211; Tipo:Lavadora de autos \/ M\u00e1quina de limpieza<\/em><\/h4>\n<h4><em>&#8211; Material: ABS + Acero inoxidable<\/em><\/h4>\n<h4><em>&#8211; Color:*Rojo<\/em><\/h4>\n<h4><em>&#8211; Voltaje de salida: 88VF<\/em><\/h4>\n<h4><em>&#8211; Potencia: 800W<\/em><\/h4>\n<h4><em>&#8211; Bater\u00eda: 20000mAh<\/em><\/h4>\n<h4><em>&#8211; Presi\u00f3n m\u00e1xima: 45 bar<\/em><\/h4>\n<h4><em>&#8211; Tiempo de trabajo: Hasta 40 minutos<\/em><\/h4>\n<h4><em>&#8211; Longitud del tubo de salida: 5m<\/em><\/h4>\n<h4><em>&#8211; Opciones de bater\u00eda:1pc \/ 2pcs (no incluidas)<\/em><\/h4>\n<h4><em><img loading=\"lazy\" decoding=\"async\" class=\"alignnone size-full wp-image-2490\" src=\"https:\/\/cocinaenlinea.es\/wp-content\/uploads\/2024\/02\/1461645278837274014.jpg\" alt=\"\" width=\"960\" height=\"960\" srcset=\"https:\/\/cocinaenlinea.es\/wp-content\/uploads\/2024\/02\/1461645278837274014.jpg 960w, https:\/\/cocinaenlinea.es\/wp-content\/uploads\/2024\/02\/1461645278837274014-300x300.jpg 300w, https:\/\/cocinaenlinea.es\/wp-content\/uploads\/2024\/02\/1461645278837274014-150x150.jpg 150w, https:\/\/cocinaenlinea.es\/wp-content\/uploads\/2024\/02\/1461645278837274014-768x768.jpg 768w, https:\/\/cocinaenlinea.es\/wp-content\/uploads\/2024\/02\/1461645278837274014-350x350.jpg 350w, https:\/\/cocinaenlinea.es\/wp-content\/uploads\/2024\/02\/1461645278837274014-600x600.jpg 600w, https:\/\/cocinaenlinea.es\/wp-content\/uploads\/2024\/02\/1461645278837274014-100x100.jpg 100w, https:\/\/cocinaenlinea.es\/wp-content\/uploads\/2024\/02\/1461645278837274014-50x50.jpg 50w\" sizes=\"(max-width: 960px) 100vw, 960px\" \/><\/em><\/h4>\n<h4><em>\u2728Oferta exclusiva _50%\u00a0<\/em><\/h4>\n<h4><em>&#8211; Env\u00edo GRATIS: \u00a1Recibe tu limpiador en la puerta de tu hogar sin costo adicional!<\/em><\/h4>\n<h4><em><img loading=\"lazy\" decoding=\"async\" class=\"aligncenter wp-image-1988\" src=\"https:\/\/cocinaenlinea.es\/wp-content\/uploads\/2023\/12\/images-9-1.jpeg\" alt=\"\" width=\"1080\" height=\"953\" \/><\/em><\/h4>\n<h4><em>&#8211; Garant\u00eda de 3 a\u00f1os: Estamos tan seguros de la calidad de nuestro producto que ofrecemos una garant\u00eda extendida de 3 a\u00f1os para tu tranquilidad.<\/em><\/h4>\n<h4><em><img loading=\"lazy\" decoding=\"async\" class=\"alignnone size-full wp-image-1983\" src=\"https:\/\/cocinaenlinea.es\/wp-content\/uploads\/2023\/12\/garantia-3-anos-1.png\" alt=\"\" width=\"400\" height=\"400\" srcset=\"https:\/\/cocinaenlinea.es\/wp-content\/uploads\/2023\/12\/garantia-3-anos-1.png 400w, https:\/\/cocinaenlinea.es\/wp-content\/uploads\/2023\/12\/garantia-3-anos-1-300x300.png 300w, https:\/\/cocinaenlinea.es\/wp-content\/uploads\/2023\/12\/garantia-3-anos-1-150x150.png 150w, https:\/\/cocinaenlinea.es\/wp-content\/uploads\/2023\/12\/garantia-3-anos-1-350x350.png 350w, https:\/\/cocinaenlinea.es\/wp-content\/uploads\/2023\/12\/garantia-3-anos-1-100x100.png 100w, https:\/\/cocinaenlinea.es\/wp-content\/uploads\/2023\/12\/garantia-3-anos-1-50x50.png 50w\" sizes=\"(max-width: 400px) 100vw, 400px\" \/><\/em><\/h4>\n<h4><em>&#8211; Pago contra reembolso con Tipsa: Aprovecha la comodidad y seguridad del pago contra<\/em><\/h4>\n<h4><em><img loading=\"lazy\" decoding=\"async\" class=\"aligncenter wp-image-1996\" src=\"https:\/\/cocinaenlinea.es\/wp-content\/uploads\/2023\/12\/images-11.jpeg\" alt=\"\" width=\"1080\" height=\"719\" \/><\/em><\/h4>\n<h4><em> reembolso con Tipsa. Paga al recibir tu pedido en la puerta de tu hogar.<\/em><\/h4>\n<h4><em><img loading=\"lazy\" decoding=\"async\" class=\"aligncenter wp-image-1984\" src=\"https:\/\/cocinaenlinea.es\/wp-content\/uploads\/2023\/12\/1631375030961-1.jpeg\" alt=\"\" width=\"1080\" height=\"1080\" srcset=\"https:\/\/cocinaenlinea.es\/wp-content\/uploads\/2023\/12\/1631375030961-1.jpeg 200w, https:\/\/cocinaenlinea.es\/wp-content\/uploads\/2023\/12\/1631375030961-1-150x150.jpeg 150w, https:\/\/cocinaenlinea.es\/wp-content\/uploads\/2023\/12\/1631375030961-1-100x100.jpeg 100w, https:\/\/cocinaenlinea.es\/wp-content\/uploads\/2023\/12\/1631375030961-1-50x50.jpeg 50w\" sizes=\"(max-width: 1080px) 100vw, 1080px\" \/><\/em><\/h4>\n<h4><em><img loading=\"lazy\" decoding=\"async\" class=\"alignnone size-full wp-image-2489\" src=\"https:\/\/cocinaenlinea.es\/wp-content\/uploads\/2024\/02\/10897167721629151875.png\" alt=\"\" width=\"1000\" height=\"1000\" srcset=\"https:\/\/cocinaenlinea.es\/wp-content\/uploads\/2024\/02\/10897167721629151875.png 1000w, https:\/\/cocinaenlinea.es\/wp-content\/uploads\/2024\/02\/10897167721629151875-300x300.png 300w, https:\/\/cocinaenlinea.es\/wp-content\/uploads\/2024\/02\/10897167721629151875-150x150.png 150w, https:\/\/cocinaenlinea.es\/wp-content\/uploads\/2024\/02\/10897167721629151875-768x768.png 768w, https:\/\/cocinaenlinea.es\/wp-content\/uploads\/2024\/02\/10897167721629151875-350x350.png 350w, https:\/\/cocinaenlinea.es\/wp-content\/uploads\/2024\/02\/10897167721629151875-600x600.png 600w, https:\/\/cocinaenlinea.es\/wp-content\/uploads\/2024\/02\/10897167721629151875-100x100.png 100w, https:\/\/cocinaenlinea.es\/wp-content\/uploads\/2024\/02\/10897167721629151875-50x50.png 50w\" sizes=\"(max-width: 1000px) 100vw, 1000px\" \/><\/em><\/h4>\n<h4><em>\u00a1Haz que la limpieza sea m\u00e1s f\u00e1cil y eficiente con nuestro Limpiador Inal\u00e1mbrico de Alta Presi\u00f3n!<\/em><\/h4>\n<p><img loading=\"lazy\" decoding=\"async\" class=\"alignnone size-full wp-image-2503\" src=\"https:\/\/cocinaenlinea.es\/wp-content\/uploads\/2024\/02\/historia-promocion-peluqueria-clientes-comentarios-moderna-marron_20240228_162750_0000.png\" alt=\"\" width=\"1080\" height=\"1920\" srcset=\"https:\/\/cocinaenlinea.es\/wp-content\/uploads\/2024\/02\/historia-promocion-peluqueria-clientes-comentarios-moderna-marron_20240228_162750_0000.png 1080w, https:\/\/cocinaenlinea.es\/wp-content\/uploads\/2024\/02\/historia-promocion-peluqueria-clientes-comentarios-moderna-marron_20240228_162750_0000-169x300.png 169w, https:\/\/cocinaenlinea.es\/wp-content\/uploads\/2024\/02\/historia-promocion-peluqueria-clientes-comentarios-moderna-marron_20240228_162750_0000-576x1024.png 576w, https:\/\/cocinaenlinea.es\/wp-content\/uploads\/2024\/02\/historia-promocion-peluqueria-clientes-comentarios-moderna-marron_20240228_162750_0000-768x1365.png 768w, https:\/\/cocinaenlinea.es\/wp-content\/uploads\/2024\/02\/historia-promocion-peluqueria-clientes-comentarios-moderna-marron_20240228_162750_0000-864x1536.png 864w, https:\/\/cocinaenlinea.es\/wp-content\/uploads\/2024\/02\/historia-promocion-peluqueria-clientes-comentarios-moderna-marron_20240228_162750_0000-1024x1820.png 1024w, https:\/\/cocinaenlinea.es\/wp-content\/uploads\/2024\/02\/historia-promocion-peluqueria-clientes-comentarios-moderna-marron_20240228_162750_0000-300x533.png 300w, https:\/\/cocinaenlinea.es\/wp-content\/uploads\/2024\/02\/historia-promocion-peluqueria-clientes-comentarios-moderna-marron_20240228_162750_0000-600x1067.png 600w\" sizes=\"(max-width: 1080px) 100vw, 1080px\" \/> <img loading=\"lazy\" decoding=\"async\" class=\"alignnone size-full wp-image-2504\" src=\"https:\/\/cocinaenlinea.es\/wp-content\/uploads\/2024\/02\/historia-promocion-peluqueria-clientes-comentarios-moderna-marron_20240228_161514_0000.png\" alt=\"\" width=\"1080\" height=\"1920\" srcset=\"https:\/\/cocinaenlinea.es\/wp-content\/uploads\/2024\/02\/historia-promocion-peluqueria-clientes-comentarios-moderna-marron_20240228_161514_0000.png 1080w, https:\/\/cocinaenlinea.es\/wp-content\/uploads\/2024\/02\/historia-promocion-peluqueria-clientes-comentarios-moderna-marron_20240228_161514_0000-169x300.png 169w, https:\/\/cocinaenlinea.es\/wp-content\/uploads\/2024\/02\/historia-promocion-peluqueria-clientes-comentarios-moderna-marron_20240228_161514_0000-576x1024.png 576w, https:\/\/cocinaenlinea.es\/wp-content\/uploads\/2024\/02\/historia-promocion-peluqueria-clientes-comentarios-moderna-marron_20240228_161514_0000-768x1365.png 768w, https:\/\/cocinaenlinea.es\/wp-content\/uploads\/2024\/02\/historia-promocion-peluqueria-clientes-comentarios-moderna-marron_20240228_161514_0000-864x1536.png 864w, https:\/\/cocinaenlinea.es\/wp-content\/uploads\/2024\/02\/historia-promocion-peluqueria-clientes-comentarios-moderna-marron_20240228_161514_0000-1024x1820.png 1024w, https:\/\/cocinaenlinea.es\/wp-content\/uploads\/2024\/02\/historia-promocion-peluqueria-clientes-comentarios-moderna-marron_20240228_161514_0000-300x533.png 300w, https:\/\/cocinaenlinea.es\/wp-content\/uploads\/2024\/02\/historia-promocion-peluqueria-clientes-comentarios-moderna-marron_20240228_161514_0000-600x1067.png 600w\" sizes=\"(max-width: 1080px) 100vw, 1080px\" \/><\/p>\n<p><img loading=\"lazy\" decoding=\"async\" class=\"alignnone size-full wp-image-2505\" src=\"https:\/\/cocinaenlinea.es\/wp-content\/uploads\/2024\/02\/historia-promocion-peluqueria-clientes-comentarios-moderna-marron_20240228_155216_0000.png\" alt=\"\" width=\"1080\" height=\"1920\" srcset=\"https:\/\/cocinaenlinea.es\/wp-content\/uploads\/2024\/02\/historia-promocion-peluqueria-clientes-comentarios-moderna-marron_20240228_155216_0000.png 1080w, https:\/\/cocinaenlinea.es\/wp-content\/uploads\/2024\/02\/historia-promocion-peluqueria-clientes-comentarios-moderna-marron_20240228_155216_0000-169x300.png 169w, https:\/\/cocinaenlinea.es\/wp-content\/uploads\/2024\/02\/historia-promocion-peluqueria-clientes-comentarios-moderna-marron_20240228_155216_0000-576x1024.png 576w, https:\/\/cocinaenlinea.es\/wp-content\/uploads\/2024\/02\/historia-promocion-peluqueria-clientes-comentarios-moderna-marron_20240228_155216_0000-768x1365.png 768w, https:\/\/cocinaenlinea.es\/wp-content\/uploads\/2024\/02\/historia-promocion-peluqueria-clientes-comentarios-moderna-marron_20240228_155216_0000-864x1536.png 864w, https:\/\/cocinaenlinea.es\/wp-content\/uploads\/2024\/02\/historia-promocion-peluqueria-clientes-comentarios-moderna-marron_20240228_155216_0000-1024x1820.png 1024w, https:\/\/cocinaenlinea.es\/wp-content\/uploads\/2024\/02\/historia-promocion-peluqueria-clientes-comentarios-moderna-marron_20240228_155216_0000-300x533.png 300w, https:\/\/cocinaenlinea.es\/wp-content\/uploads\/2024\/02\/historia-promocion-peluqueria-clientes-comentarios-moderna-marron_20240228_155216_0000-600x1067.png 600w\" sizes=\"(max-width: 1080px) 100vw, 1080px\" \/><\/p>\n","protected":false},"excerpt":{"rendered":"<p>\ud83c\udf0a\u00a1Limpieza sin l\u00edmites con nuestro Limpiador Inal\u00e1mbrico de Alta Presi\u00f3n! \u00bfBuscas un aliado confiable para tus tareas de limpieza? \u00a1No busques m\u00e1s! Nuestro Limpiador Inal\u00e1mbrico de Alta Presi\u00f3n es la soluci\u00f3n perfecta para todas tus necesidades de limpieza. Con una presi\u00f3n de hasta 45 bar y una potencia de 240 W, este potente dispositivo transformar\u00e1 [&hellip;]<\/p>\n","protected":false},"featured_media":2483,"template":"","meta":{"_kadence_starter_templates_imported_post":false},"product_brand":[],"product_cat":[18],"product_tag":[199],"class_list":{"0":"post-2482","1":"product","2":"type-product","3":"status-publish","4":"has-post-thumbnail","6":"product_cat-herramienta","7":"product_tag-199","9":"first","10":"instock","11":"sale","12":"shipping-taxable","13":"purchasable","14":"product-type-simple"},"_links":{"self":[{"href":"https:\/\/cocinaenlinea.es\/index.php?rest_route=\/wp\/v2\/product\/2482","targetHints":{"allow":["GET"]}}],"collection":[{"href":"https:\/\/cocinaenlinea.es\/index.php?rest_route=\/wp\/v2\/product"}],"about":[{"href":"https:\/\/cocinaenlinea.es\/index.php?rest_route=\/wp\/v2\/types\/product"}],"wp:featuredmedia":[{"embeddable":true,"href":"https:\/\/cocinaenlinea.es\/index.php?rest_route=\/wp\/v2\/media\/2483"}],"wp:attachment":[{"href":"https:\/\/cocinaenlinea.es\/index.php?rest_route=%2Fwp%2Fv2%2Fmedia&parent=2482"}],"wp:term":[{"taxonomy":"product_brand","embeddable":true,"href":"https:\/\/cocinaenlinea.es\/index.php?rest_route=%2Fwp%2Fv2%2Fproduct_brand&post=2482"},{"taxonomy":"product_cat","embeddable":true,"href":"https:\/\/cocinaenlinea.es\/index.php?rest_route=%2Fwp%2Fv2%2Fproduct_cat&post=2482"},{"taxonomy":"product_tag","embeddable":true,"href":"https:\/\/cocinaenlinea.es\/index.php?rest_route=%2Fwp%2Fv2%2Fproduct_tag&post=2482"}],"curies":[{"name":"wp","href":"https:\/\/api.w.org\/{rel}","templated":true}]}}