{"id":2035,"date":"2023-12-29T23:20:14","date_gmt":"2023-12-29T22:20:14","guid":{"rendered":"https:\/\/cocinaenlinea.es\/?post_type=product&#038;p=2035"},"modified":"2025-03-13T23:19:58","modified_gmt":"2025-03-13T22:19:58","slug":"edredon-6-pcs-de-terciopelo-y-algodon-la-combinacion-perfecta-de-suavidad-calidez-y-elegancia","status":"publish","type":"product","link":"https:\/\/cocinaenlinea.es\/?product=edredon-6-pcs-de-terciopelo-y-algodon-la-combinacion-perfecta-de-suavidad-calidez-y-elegancia","title":{"rendered":"Edred\u00f3n 6 Pcs de terciopelo y algod\u00f3n: la combinaci\u00f3n perfecta de suavidad, calidez y elegancia"},"content":{"rendered":"<blockquote><p><strong>Disfruta del m\u00e1ximo confort y elegancia con nuestro edred\u00f3n de terciopelo y algod\u00f3n<\/strong><\/p><\/blockquote>\n<p><img fetchpriority=\"high\" decoding=\"async\" class=\"alignnone wp-image-4539 size-full\" src=\"https:\/\/cocinaenlinea.es\/wp-content\/uploads\/2023\/12\/411911280_921815042899230_3987448093554897225_n.jpg\" alt=\"\" width=\"1024\" height=\"917\" srcset=\"https:\/\/cocinaenlinea.es\/wp-content\/uploads\/2023\/12\/411911280_921815042899230_3987448093554897225_n.jpg 1024w, https:\/\/cocinaenlinea.es\/wp-content\/uploads\/2023\/12\/411911280_921815042899230_3987448093554897225_n-300x269.jpg 300w, https:\/\/cocinaenlinea.es\/wp-content\/uploads\/2023\/12\/411911280_921815042899230_3987448093554897225_n-768x688.jpg 768w, https:\/\/cocinaenlinea.es\/wp-content\/uploads\/2023\/12\/411911280_921815042899230_3987448093554897225_n-600x537.jpg 600w\" sizes=\"(max-width: 1024px) 100vw, 1024px\" \/><\/p>\n<p><strong>\u00bfBuscas renovar tu dormitorio con un toque de lujo y calidez? Te presentamos nuestro exclusivo conjunto de edred\u00f3n de 6 piezas, hecho con tela de terciopelo y dentro de algod\u00f3n. Un edred\u00f3n suave, c\u00e1lido y lujoso que te har\u00e1 sentir como en un palacio.<\/strong><\/p>\n<p><img decoding=\"async\" class=\"alignnone wp-image-4541 size-full\" src=\"https:\/\/cocinaenlinea.es\/wp-content\/uploads\/2023\/12\/412667203_639505401520365_1608265841346489925_n-1.jpg\" alt=\"\" width=\"1024\" height=\"918\" srcset=\"https:\/\/cocinaenlinea.es\/wp-content\/uploads\/2023\/12\/412667203_639505401520365_1608265841346489925_n-1.jpg 1024w, https:\/\/cocinaenlinea.es\/wp-content\/uploads\/2023\/12\/412667203_639505401520365_1608265841346489925_n-1-300x269.jpg 300w, https:\/\/cocinaenlinea.es\/wp-content\/uploads\/2023\/12\/412667203_639505401520365_1608265841346489925_n-1-768x689.jpg 768w, https:\/\/cocinaenlinea.es\/wp-content\/uploads\/2023\/12\/412667203_639505401520365_1608265841346489925_n-1-600x538.jpg 600w\" sizes=\"(max-width: 1024px) 100vw, 1024px\" \/> <img decoding=\"async\" class=\"alignnone wp-image-4542 size-full\" src=\"https:\/\/cocinaenlinea.es\/wp-content\/uploads\/2023\/12\/412737359_1046877369933714_2508303063625849401_n-1.jpg\" alt=\"\" width=\"1024\" height=\"916\" srcset=\"https:\/\/cocinaenlinea.es\/wp-content\/uploads\/2023\/12\/412737359_1046877369933714_2508303063625849401_n-1.jpg 1024w, https:\/\/cocinaenlinea.es\/wp-content\/uploads\/2023\/12\/412737359_1046877369933714_2508303063625849401_n-1-300x268.jpg 300w, https:\/\/cocinaenlinea.es\/wp-content\/uploads\/2023\/12\/412737359_1046877369933714_2508303063625849401_n-1-768x687.jpg 768w, https:\/\/cocinaenlinea.es\/wp-content\/uploads\/2023\/12\/412737359_1046877369933714_2508303063625849401_n-1-600x537.jpg 600w\" sizes=\"(max-width: 1024px) 100vw, 1024px\" \/> <img loading=\"lazy\" decoding=\"async\" class=\"alignnone wp-image-4545 size-full\" src=\"https:\/\/cocinaenlinea.es\/wp-content\/uploads\/2023\/12\/412657646_337723205690972_969559807633026096_n.jpg\" alt=\"\" width=\"1024\" height=\"917\" srcset=\"https:\/\/cocinaenlinea.es\/wp-content\/uploads\/2023\/12\/412657646_337723205690972_969559807633026096_n.jpg 1024w, https:\/\/cocinaenlinea.es\/wp-content\/uploads\/2023\/12\/412657646_337723205690972_969559807633026096_n-300x269.jpg 300w, https:\/\/cocinaenlinea.es\/wp-content\/uploads\/2023\/12\/412657646_337723205690972_969559807633026096_n-768x688.jpg 768w, https:\/\/cocinaenlinea.es\/wp-content\/uploads\/2023\/12\/412657646_337723205690972_969559807633026096_n-600x537.jpg 600w\" sizes=\"(max-width: 1024px) 100vw, 1024px\" \/><\/p>\n<p><strong>Nuestro edred\u00f3n de terciopelo y algod\u00f3n est\u00e1 fabricado con materiales de alta calidad y con un cuidado proceso artesanal. El terciopelo le da un aspecto sofisticado y glamuroso, mientras que el algod\u00f3n le aporta transpirabilidad, hipoalergenicidad y durabilidad. Adem\u00e1s, el edred\u00f3n est\u00e1 acolchado con un patr\u00f3n decorativo de costuras que le da un acabado m\u00e1s bonito y resistente.<\/strong><\/p>\n<p><img loading=\"lazy\" decoding=\"async\" class=\"alignnone wp-image-4543 size-full\" src=\"https:\/\/cocinaenlinea.es\/wp-content\/uploads\/2023\/12\/415179509_307286695017472_4488711630842262967_n-1.jpg\" alt=\"\" width=\"1024\" height=\"916\" srcset=\"https:\/\/cocinaenlinea.es\/wp-content\/uploads\/2023\/12\/415179509_307286695017472_4488711630842262967_n-1.jpg 1024w, https:\/\/cocinaenlinea.es\/wp-content\/uploads\/2023\/12\/415179509_307286695017472_4488711630842262967_n-1-300x268.jpg 300w, https:\/\/cocinaenlinea.es\/wp-content\/uploads\/2023\/12\/415179509_307286695017472_4488711630842262967_n-1-768x687.jpg 768w, https:\/\/cocinaenlinea.es\/wp-content\/uploads\/2023\/12\/415179509_307286695017472_4488711630842262967_n-1-600x537.jpg 600w\" sizes=\"(max-width: 1024px) 100vw, 1024px\" \/><\/p>\n<p><strong>El conjunto incluye dos fundas de almohada, dos fundas de coj\u00edn y una funda de refuerzo a juego, para que tengas el conjunto completo. Disponible en varios colores: verde, lila, rojo y gris. Elige el que m\u00e1s te guste y combina con tu decoraci\u00f3n<\/strong>.<\/p>\n<p><img loading=\"lazy\" decoding=\"async\" class=\"alignnone wp-image-4544 size-full\" src=\"https:\/\/cocinaenlinea.es\/wp-content\/uploads\/2023\/12\/412118665_1872507546480983_4306143692790627690_n.jpg\" alt=\"\" width=\"1024\" height=\"916\" srcset=\"https:\/\/cocinaenlinea.es\/wp-content\/uploads\/2023\/12\/412118665_1872507546480983_4306143692790627690_n.jpg 1024w, https:\/\/cocinaenlinea.es\/wp-content\/uploads\/2023\/12\/412118665_1872507546480983_4306143692790627690_n-300x268.jpg 300w, https:\/\/cocinaenlinea.es\/wp-content\/uploads\/2023\/12\/412118665_1872507546480983_4306143692790627690_n-768x687.jpg 768w, https:\/\/cocinaenlinea.es\/wp-content\/uploads\/2023\/12\/412118665_1872507546480983_4306143692790627690_n-600x537.jpg 600w\" sizes=\"(max-width: 1024px) 100vw, 1024px\" \/><\/p>\n<p><strong>No lo dudes m\u00e1s y haz tu pedido hoy mismo. Te garantizamos que quedar\u00e1s encantado con la calidad y el dise\u00f1o de nuestro edred\u00f3n de 6 piezas.<\/strong><\/p>\n<p><img loading=\"lazy\" decoding=\"async\" class=\"aligncenter wp-image-1988\" src=\"https:\/\/cocinaenlinea.es\/wp-content\/uploads\/2023\/12\/images-9-1.jpeg\" alt=\"\" width=\"1080\" height=\"953\" \/><\/p>\n<p><strong>Adem\u00e1s, te ofrecemos env\u00edo gratis y s\u00faper r\u00e1pido <\/strong><\/p>\n<p><strong>en 24\/48 horas<\/strong><\/p>\n<p><img loading=\"lazy\" decoding=\"async\" class=\"aligncenter wp-image-1984\" src=\"https:\/\/cocinaenlinea.es\/wp-content\/uploads\/2023\/12\/1631375030961-1.jpeg\" alt=\"\" width=\"1080\" height=\"1080\" srcset=\"https:\/\/cocinaenlinea.es\/wp-content\/uploads\/2023\/12\/1631375030961-1.jpeg 200w, https:\/\/cocinaenlinea.es\/wp-content\/uploads\/2023\/12\/1631375030961-1-150x150.jpeg 150w, https:\/\/cocinaenlinea.es\/wp-content\/uploads\/2023\/12\/1631375030961-1-100x100.jpeg 100w, https:\/\/cocinaenlinea.es\/wp-content\/uploads\/2023\/12\/1631375030961-1-50x50.jpeg 50w\" sizes=\"(max-width: 1080px) 100vw, 1080px\" \/><\/p>\n<p><strong>pago contra reembolso y devoluci\u00f3n gratuita si no quedas satisfecho.<\/strong><\/p>\n<p><img loading=\"lazy\" decoding=\"async\" class=\"alignnone wp-image-1996\" src=\"https:\/\/cocinaenlinea.es\/wp-content\/uploads\/2023\/12\/images-11.jpeg\" alt=\"\" width=\"1080\" height=\"719\" \/><\/p>\n<p><strong>Compra ahora y recibe tu edred\u00f3n en 24\/48 horas<\/strong><\/p>\n<p><strong>Opiniones y comentarios de clientes<\/strong> \u2b07\ufe0f\u2b07\ufe0f\u2b07\ufe0f<\/p>\n<p>&nbsp;<\/p>\n<p><img loading=\"lazy\" decoding=\"async\" class=\"alignnone wp-image-2085 size-full\" src=\"https:\/\/cocinaenlinea.es\/wp-content\/uploads\/2023\/12\/IMG_20240102_181117.jpg\" alt=\"\" width=\"1080\" height=\"2400\" srcset=\"https:\/\/cocinaenlinea.es\/wp-content\/uploads\/2023\/12\/IMG_20240102_181117.jpg 1080w, https:\/\/cocinaenlinea.es\/wp-content\/uploads\/2023\/12\/IMG_20240102_181117-135x300.jpg 135w, https:\/\/cocinaenlinea.es\/wp-content\/uploads\/2023\/12\/IMG_20240102_181117-461x1024.jpg 461w, https:\/\/cocinaenlinea.es\/wp-content\/uploads\/2023\/12\/IMG_20240102_181117-768x1707.jpg 768w, https:\/\/cocinaenlinea.es\/wp-content\/uploads\/2023\/12\/IMG_20240102_181117-691x1536.jpg 691w, https:\/\/cocinaenlinea.es\/wp-content\/uploads\/2023\/12\/IMG_20240102_181117-922x2048.jpg 922w, https:\/\/cocinaenlinea.es\/wp-content\/uploads\/2023\/12\/IMG_20240102_181117-1024x2276.jpg 1024w, https:\/\/cocinaenlinea.es\/wp-content\/uploads\/2023\/12\/IMG_20240102_181117-300x667.jpg 300w, https:\/\/cocinaenlinea.es\/wp-content\/uploads\/2023\/12\/IMG_20240102_181117-600x1333.jpg 600w\" sizes=\"(max-width: 1080px) 100vw, 1080px\" \/><\/p>\n<p><img loading=\"lazy\" decoding=\"async\" class=\"alignnone wp-image-2086 size-full\" src=\"https:\/\/cocinaenlinea.es\/wp-content\/uploads\/2023\/12\/IMG_20240102_181021.jpg\" alt=\"\" width=\"1080\" height=\"2400\" srcset=\"https:\/\/cocinaenlinea.es\/wp-content\/uploads\/2023\/12\/IMG_20240102_181021.jpg 1080w, https:\/\/cocinaenlinea.es\/wp-content\/uploads\/2023\/12\/IMG_20240102_181021-135x300.jpg 135w, https:\/\/cocinaenlinea.es\/wp-content\/uploads\/2023\/12\/IMG_20240102_181021-461x1024.jpg 461w, https:\/\/cocinaenlinea.es\/wp-content\/uploads\/2023\/12\/IMG_20240102_181021-768x1707.jpg 768w, https:\/\/cocinaenlinea.es\/wp-content\/uploads\/2023\/12\/IMG_20240102_181021-691x1536.jpg 691w, https:\/\/cocinaenlinea.es\/wp-content\/uploads\/2023\/12\/IMG_20240102_181021-922x2048.jpg 922w, https:\/\/cocinaenlinea.es\/wp-content\/uploads\/2023\/12\/IMG_20240102_181021-1024x2276.jpg 1024w, https:\/\/cocinaenlinea.es\/wp-content\/uploads\/2023\/12\/IMG_20240102_181021-300x667.jpg 300w, https:\/\/cocinaenlinea.es\/wp-content\/uploads\/2023\/12\/IMG_20240102_181021-600x1333.jpg 600w\" sizes=\"(max-width: 1080px) 100vw, 1080px\" \/><\/p>\n<p>&nbsp;<\/p>\n","protected":false},"excerpt":{"rendered":"<p>Disfruta del m\u00e1ximo confort y elegancia con nuestro edred\u00f3n de terciopelo y algod\u00f3n \u00bfBuscas renovar tu dormitorio con un toque de lujo y calidez? Te presentamos nuestro exclusivo conjunto de edred\u00f3n de 6 piezas, hecho con tela de terciopelo y dentro de algod\u00f3n. Un edred\u00f3n suave, c\u00e1lido y lujoso que te har\u00e1 sentir como en [&hellip;]<\/p>\n","protected":false},"featured_media":4539,"template":"","meta":{"_kadence_starter_templates_imported_post":false},"product_brand":[],"product_cat":[15],"product_tag":[],"class_list":{"0":"post-2035","1":"product","2":"type-product","3":"status-publish","4":"has-post-thumbnail","6":"product_cat-ropa-de-cama","7":"pa_rojo-lila","8":"pa_rojo-lila-con-blanco","9":"pa_rojo-rojo","10":"pa_rojo-rojo-con-blanco","11":"pa_rojo-verde","12":"pa_rojo-verde-con-blanco","14":"first","15":"outofstock","16":"sale","17":"shipping-taxable","18":"purchasable","19":"product-type-variable"},"_links":{"self":[{"href":"https:\/\/cocinaenlinea.es\/index.php?rest_route=\/wp\/v2\/product\/2035","targetHints":{"allow":["GET"]}}],"collection":[{"href":"https:\/\/cocinaenlinea.es\/index.php?rest_route=\/wp\/v2\/product"}],"about":[{"href":"https:\/\/cocinaenlinea.es\/index.php?rest_route=\/wp\/v2\/types\/product"}],"wp:featuredmedia":[{"embeddable":true,"href":"https:\/\/cocinaenlinea.es\/index.php?rest_route=\/wp\/v2\/media\/4539"}],"wp:attachment":[{"href":"https:\/\/cocinaenlinea.es\/index.php?rest_route=%2Fwp%2Fv2%2Fmedia&parent=2035"}],"wp:term":[{"taxonomy":"product_brand","embeddable":true,"href":"https:\/\/cocinaenlinea.es\/index.php?rest_route=%2Fwp%2Fv2%2Fproduct_brand&post=2035"},{"taxonomy":"product_cat","embeddable":true,"href":"https:\/\/cocinaenlinea.es\/index.php?rest_route=%2Fwp%2Fv2%2Fproduct_cat&post=2035"},{"taxonomy":"product_tag","embeddable":true,"href":"https:\/\/cocinaenlinea.es\/index.php?rest_route=%2Fwp%2Fv2%2Fproduct_tag&post=2035"}],"curies":[{"name":"wp","href":"https:\/\/api.w.org\/{rel}","templated":true}]}}