{"id":1969,"date":"2023-12-17T17:13:41","date_gmt":"2023-12-17T16:13:41","guid":{"rendered":"https:\/\/cocinaenlinea.es\/?post_type=product&#038;p=1969"},"modified":"2026-03-23T14:17:37","modified_gmt":"2026-03-23T13:17:37","slug":"generador-gasolina-9500w-extreme-tools","status":"publish","type":"product","link":"https:\/\/cocinaenlinea.es\/?product=generador-gasolina-9500w-extreme-tools","title":{"rendered":"Generador El\u00e9ctrico Extreme Tools 5500W Gasolina 3x230V + 1x400V Trif\u00e1sico | Taller, Obra y Hogar | Env\u00edo 24\/48h"},"content":{"rendered":"<h2>Generador Extreme Tools 5500W a gasolina 4 tiempos, ideal para hogar, taller u obra. Entrega urgente 24\/48h en toda Espa\u00f1a.<\/h2>\n<p>\u2705 Pago contra reembolso<\/p>\n<p>\u2705 Garant\u00eda 3 a\u00f1os<\/p>\n<p>\u2705 3 tomas de 230V + 1 toma 400V trif\u00e1sica<\/p>\n<p>\u2705 Motor 6,5CV \u2013 196 cc \u2013 15L de dep\u00f3sito<\/p>\n<p>\ud83d\udce6 \u00a1Entrega inmediata y 100% segura!<\/p>\n<div style=\"width: 820px;\" class=\"wp-video\"><video class=\"wp-video-shortcode\" id=\"video-1969-1\" width=\"820\" height=\"461\" preload=\"metadata\" controls=\"controls\"><source type=\"video\/mp4\" src=\"https:\/\/cocinaenlinea.es\/wp-content\/uploads\/2023\/12\/Untitled-video-Made-with-Clipchamp.mp4?_=1\" \/><a href=\"https:\/\/cocinaenlinea.es\/wp-content\/uploads\/2023\/12\/Untitled-video-Made-with-Clipchamp.mp4\">https:\/\/cocinaenlinea.es\/wp-content\/uploads\/2023\/12\/Untitled-video-Made-with-Clipchamp.mp4<\/a><\/video><\/div>\n<p><em><!--more--><\/em><\/p>\n<p>Potente generador Extreme Tools EX9500W a gasolina<\/p>\n<p>El generador profesional Extreme Tools de 9500W es ideal para emergencias en el hogar, trabajos en taller o uso en obra.<\/p>\n<p>Funciona con motor de gasolina de 4 tiempos, ofrece gran autonom\u00eda y arranque por cuerda<\/p>\n<p>ESPECIFICACIONES T\u00c9CNICAS:<\/p>\n<p>Potencia m\u00e1xima: 5500W<\/p>\n<p>3 tomas de 230V + 1 trif\u00e1sica 400V<\/p>\n<p>Motor de 6,5 CV y 196 cm\u00b3<\/p>\n<p>Motor de gasolina de 4 tiempos<\/p>\n<p>Arranque manual por cuerda<\/p>\n<p>Dep\u00f3sito de 15 litros<\/p>\n<p>Autonom\u00eda de 10 horas al 70% de carga<\/p>\n<p>Nivel de ruido: 65 dB a 7 metros<\/p>\n<p>Protecci\u00f3n contra sobrecarga<\/p>\n<p>Medidor de voltaje y varilla para nivel de aceite<\/p>\n<p>Cig\u00fce\u00f1al apoyado en ambos lados para mayor vida \u00fatil<\/p>\n<p><img fetchpriority=\"high\" decoding=\"async\" class=\"alignnone wp-image-6565\" src=\"https:\/\/cocinaenlinea.es\/wp-content\/uploads\/2023\/12\/480792120_1354561208888978_1451773029154756054_n-e1742256562418.jpg\" alt=\"\" width=\"1080\" height=\"1937\" srcset=\"https:\/\/cocinaenlinea.es\/wp-content\/uploads\/2023\/12\/480792120_1354561208888978_1451773029154756054_n-e1742256562418.jpg 921w, https:\/\/cocinaenlinea.es\/wp-content\/uploads\/2023\/12\/480792120_1354561208888978_1451773029154756054_n-e1742256562418-167x300.jpg 167w, https:\/\/cocinaenlinea.es\/wp-content\/uploads\/2023\/12\/480792120_1354561208888978_1451773029154756054_n-e1742256562418-571x1024.jpg 571w, https:\/\/cocinaenlinea.es\/wp-content\/uploads\/2023\/12\/480792120_1354561208888978_1451773029154756054_n-e1742256562418-768x1378.jpg 768w, https:\/\/cocinaenlinea.es\/wp-content\/uploads\/2023\/12\/480792120_1354561208888978_1451773029154756054_n-e1742256562418-856x1536.jpg 856w, https:\/\/cocinaenlinea.es\/wp-content\/uploads\/2023\/12\/480792120_1354561208888978_1451773029154756054_n-e1742256562418-300x538.jpg 300w, https:\/\/cocinaenlinea.es\/wp-content\/uploads\/2023\/12\/480792120_1354561208888978_1451773029154756054_n-e1742256562418-600x1076.jpg 600w\" sizes=\"(max-width: 1080px) 100vw, 1080px\" \/><\/p>\n<p><img decoding=\"async\" class=\"alignnone size-full wp-image-6566\" src=\"https:\/\/cocinaenlinea.es\/wp-content\/uploads\/2023\/12\/485228906_673835361884242_8334641639656834979_n.jpg\" alt=\"\" width=\"1280\" height=\"960\" srcset=\"https:\/\/cocinaenlinea.es\/wp-content\/uploads\/2023\/12\/485228906_673835361884242_8334641639656834979_n.jpg 1280w, https:\/\/cocinaenlinea.es\/wp-content\/uploads\/2023\/12\/485228906_673835361884242_8334641639656834979_n-300x225.jpg 300w, https:\/\/cocinaenlinea.es\/wp-content\/uploads\/2023\/12\/485228906_673835361884242_8334641639656834979_n-1024x768.jpg 1024w, https:\/\/cocinaenlinea.es\/wp-content\/uploads\/2023\/12\/485228906_673835361884242_8334641639656834979_n-768x576.jpg 768w, https:\/\/cocinaenlinea.es\/wp-content\/uploads\/2023\/12\/485228906_673835361884242_8334641639656834979_n-600x450.jpg 600w\" sizes=\"(max-width: 1280px) 100vw, 1280px\" \/><\/p>\n<p><em>La entrega se realiza sin materiales de funcionamiento, antes de arrancar por primera vez rellenar 0,6L de aceite 10W30 \/ 10W40<\/em><\/p>\n<p><img decoding=\"async\" class=\"alignnone size-full wp-image-6567\" src=\"https:\/\/cocinaenlinea.es\/wp-content\/uploads\/2023\/12\/481132518_1708195129733509_80691383007640339_n.jpg\" alt=\"\" width=\"1280\" height=\"960\" srcset=\"https:\/\/cocinaenlinea.es\/wp-content\/uploads\/2023\/12\/481132518_1708195129733509_80691383007640339_n.jpg 1280w, https:\/\/cocinaenlinea.es\/wp-content\/uploads\/2023\/12\/481132518_1708195129733509_80691383007640339_n-300x225.jpg 300w, https:\/\/cocinaenlinea.es\/wp-content\/uploads\/2023\/12\/481132518_1708195129733509_80691383007640339_n-1024x768.jpg 1024w, https:\/\/cocinaenlinea.es\/wp-content\/uploads\/2023\/12\/481132518_1708195129733509_80691383007640339_n-768x576.jpg 768w, https:\/\/cocinaenlinea.es\/wp-content\/uploads\/2023\/12\/481132518_1708195129733509_80691383007640339_n-600x450.jpg 600w\" sizes=\"(max-width: 1280px) 100vw, 1280px\" \/><\/p>\n<p><em>\u26a1\ufe0e 3 enchufes de 230 voltios y 1 de 400 V disponibles<\/em><\/p>\n<p><img loading=\"lazy\" decoding=\"async\" class=\"alignnone size-full wp-image-6568\" src=\"https:\/\/cocinaenlinea.es\/wp-content\/uploads\/2023\/12\/483777673_505451162634806_3192249256094452029_n.jpg\" alt=\"\" width=\"1280\" height=\"960\" srcset=\"https:\/\/cocinaenlinea.es\/wp-content\/uploads\/2023\/12\/483777673_505451162634806_3192249256094452029_n.jpg 1280w, https:\/\/cocinaenlinea.es\/wp-content\/uploads\/2023\/12\/483777673_505451162634806_3192249256094452029_n-300x225.jpg 300w, https:\/\/cocinaenlinea.es\/wp-content\/uploads\/2023\/12\/483777673_505451162634806_3192249256094452029_n-1024x768.jpg 1024w, https:\/\/cocinaenlinea.es\/wp-content\/uploads\/2023\/12\/483777673_505451162634806_3192249256094452029_n-768x576.jpg 768w, https:\/\/cocinaenlinea.es\/wp-content\/uploads\/2023\/12\/483777673_505451162634806_3192249256094452029_n-600x450.jpg 600w\" sizes=\"(max-width: 1280px) 100vw, 1280px\" \/><\/p>\n<p><em>\u26a1\ufe0e Motor de gasolina de 6,5 CV Motor de gasolina de 4 tiempos con cilindrada de 196 cm\u00b3 con arranque por cuerda<\/em><\/p>\n<p><img loading=\"lazy\" decoding=\"async\" class=\"alignnone size-full wp-image-6569\" src=\"https:\/\/cocinaenlinea.es\/wp-content\/uploads\/2023\/12\/483857165_673601461980006_8079327084946778019_n.jpg\" alt=\"\" width=\"1280\" height=\"960\" srcset=\"https:\/\/cocinaenlinea.es\/wp-content\/uploads\/2023\/12\/483857165_673601461980006_8079327084946778019_n.jpg 1280w, https:\/\/cocinaenlinea.es\/wp-content\/uploads\/2023\/12\/483857165_673601461980006_8079327084946778019_n-300x225.jpg 300w, https:\/\/cocinaenlinea.es\/wp-content\/uploads\/2023\/12\/483857165_673601461980006_8079327084946778019_n-1024x768.jpg 1024w, https:\/\/cocinaenlinea.es\/wp-content\/uploads\/2023\/12\/483857165_673601461980006_8079327084946778019_n-768x576.jpg 768w, https:\/\/cocinaenlinea.es\/wp-content\/uploads\/2023\/12\/483857165_673601461980006_8079327084946778019_n-600x450.jpg 600w\" sizes=\"(max-width: 1280px) 100vw, 1280px\" \/><\/p>\n<p><em>\u26a1\ufe0e Tanque de 15 litros con indicador de combustible para aproximadamente 10 horas de funcionamiento con 2\/3 de carga<\/em><\/p>\n<p><em><img loading=\"lazy\" decoding=\"async\" class=\"alignnone wp-image-1979\" src=\"https:\/\/cocinaenlinea.es\/wp-content\/uploads\/2023\/12\/19617_9209957035063.jpg\" alt=\"\" width=\"1080\" height=\"810\" srcset=\"https:\/\/cocinaenlinea.es\/wp-content\/uploads\/2023\/12\/19617_9209957035063.jpg 800w, https:\/\/cocinaenlinea.es\/wp-content\/uploads\/2023\/12\/19617_9209957035063-300x225.jpg 300w, https:\/\/cocinaenlinea.es\/wp-content\/uploads\/2023\/12\/19617_9209957035063-768x576.jpg 768w, https:\/\/cocinaenlinea.es\/wp-content\/uploads\/2023\/12\/19617_9209957035063-600x450.jpg 600w\" sizes=\"(max-width: 1080px) 100vw, 1080px\" \/><\/em><\/p>\n<p><em>\u26a1\ufe0e Protecci\u00f3n contra sobrecarga integrada, medidor de voltaje y varilla medidora de nivel de aceite<\/em><\/p>\n<p><em><img loading=\"lazy\" decoding=\"async\" class=\"alignnone wp-image-1980\" src=\"https:\/\/cocinaenlinea.es\/wp-content\/uploads\/2023\/12\/19617_2926145189712.jpg\" alt=\"\" width=\"1080\" height=\"810\" srcset=\"https:\/\/cocinaenlinea.es\/wp-content\/uploads\/2023\/12\/19617_2926145189712.jpg 800w, https:\/\/cocinaenlinea.es\/wp-content\/uploads\/2023\/12\/19617_2926145189712-300x225.jpg 300w, https:\/\/cocinaenlinea.es\/wp-content\/uploads\/2023\/12\/19617_2926145189712-768x576.jpg 768w, https:\/\/cocinaenlinea.es\/wp-content\/uploads\/2023\/12\/19617_2926145189712-600x450.jpg 600w\" sizes=\"(max-width: 1080px) 100vw, 1080px\" \/><\/em><\/p>\n<p><em>\u26a1\ufe0e Cig\u00fce\u00f1al apoyado en ambos lados para una larga vida \u00fatil<\/em><\/p>\n<p><img loading=\"lazy\" decoding=\"async\" class=\"alignnone size-full wp-image-6570\" src=\"https:\/\/cocinaenlinea.es\/wp-content\/uploads\/2023\/12\/483819662_2372854396418766_786641438371424601_n.jpg\" alt=\"\" width=\"1280\" height=\"960\" srcset=\"https:\/\/cocinaenlinea.es\/wp-content\/uploads\/2023\/12\/483819662_2372854396418766_786641438371424601_n.jpg 1280w, https:\/\/cocinaenlinea.es\/wp-content\/uploads\/2023\/12\/483819662_2372854396418766_786641438371424601_n-300x225.jpg 300w, https:\/\/cocinaenlinea.es\/wp-content\/uploads\/2023\/12\/483819662_2372854396418766_786641438371424601_n-1024x768.jpg 1024w, https:\/\/cocinaenlinea.es\/wp-content\/uploads\/2023\/12\/483819662_2372854396418766_786641438371424601_n-768x576.jpg 768w, https:\/\/cocinaenlinea.es\/wp-content\/uploads\/2023\/12\/483819662_2372854396418766_786641438371424601_n-600x450.jpg 600w\" sizes=\"(max-width: 1280px) 100vw, 1280px\" \/><\/p>\n<p><img loading=\"lazy\" decoding=\"async\" class=\"alignnone size-full wp-image-6571\" src=\"https:\/\/cocinaenlinea.es\/wp-content\/uploads\/2023\/12\/483874544_1295169181564731_9025638629354083110_n.jpg\" alt=\"\" width=\"1280\" height=\"960\" srcset=\"https:\/\/cocinaenlinea.es\/wp-content\/uploads\/2023\/12\/483874544_1295169181564731_9025638629354083110_n.jpg 1280w, https:\/\/cocinaenlinea.es\/wp-content\/uploads\/2023\/12\/483874544_1295169181564731_9025638629354083110_n-300x225.jpg 300w, https:\/\/cocinaenlinea.es\/wp-content\/uploads\/2023\/12\/483874544_1295169181564731_9025638629354083110_n-1024x768.jpg 1024w, https:\/\/cocinaenlinea.es\/wp-content\/uploads\/2023\/12\/483874544_1295169181564731_9025638629354083110_n-768x576.jpg 768w, https:\/\/cocinaenlinea.es\/wp-content\/uploads\/2023\/12\/483874544_1295169181564731_9025638629354083110_n-600x450.jpg 600w\" sizes=\"(max-width: 1280px) 100vw, 1280px\" \/><\/p>\n<p><img loading=\"lazy\" decoding=\"async\" class=\"alignnone wp-image-3863\" src=\"https:\/\/cocinaenlinea.es\/wp-content\/uploads\/2023\/01\/h14.webp\" alt=\"\" width=\"1080\" height=\"1080\" srcset=\"https:\/\/cocinaenlinea.es\/wp-content\/uploads\/2023\/01\/h14.webp 480w, https:\/\/cocinaenlinea.es\/wp-content\/uploads\/2023\/01\/h14-300x300.webp 300w, https:\/\/cocinaenlinea.es\/wp-content\/uploads\/2023\/01\/h14-150x150.webp 150w, https:\/\/cocinaenlinea.es\/wp-content\/uploads\/2023\/01\/h14-350x350.webp 350w, https:\/\/cocinaenlinea.es\/wp-content\/uploads\/2023\/01\/h14-100x100.webp 100w, https:\/\/cocinaenlinea.es\/wp-content\/uploads\/2023\/01\/h14-50x50.webp 50w\" sizes=\"(max-width: 1080px) 100vw, 1080px\" \/><\/p>\n<p><strong>Silenciador de Escape para Extreme TOOLS PROFESIONAL\u00a0 de 5500W \u2013 Reducci\u00f3n M\u00e1xima de Ruido<\/strong><br \/>\nReduce eficazmente el ruido de tu generador STOOLS PROFESIONAL<strong> W-5500-3<\/strong>\u00a0sin comprometer su rendimiento. Este silenciador est\u00e1 dise\u00f1ado espec\u00edficamente para generadores, garantizando un funcionamiento m\u00e1s silencioso y eficiente.<\/p>\n<p><img loading=\"lazy\" decoding=\"async\" class=\"alignnone wp-image-3864\" src=\"https:\/\/cocinaenlinea.es\/wp-content\/uploads\/2023\/01\/h6.webp\" alt=\"\" width=\"1080\" height=\"1080\" srcset=\"https:\/\/cocinaenlinea.es\/wp-content\/uploads\/2023\/01\/h6.webp 480w, https:\/\/cocinaenlinea.es\/wp-content\/uploads\/2023\/01\/h6-300x300.webp 300w, https:\/\/cocinaenlinea.es\/wp-content\/uploads\/2023\/01\/h6-150x150.webp 150w, https:\/\/cocinaenlinea.es\/wp-content\/uploads\/2023\/01\/h6-350x350.webp 350w, https:\/\/cocinaenlinea.es\/wp-content\/uploads\/2023\/01\/h6-100x100.webp 100w, https:\/\/cocinaenlinea.es\/wp-content\/uploads\/2023\/01\/h6-50x50.webp 50w\" sizes=\"(max-width: 1080px) 100vw, 1080px\" \/><\/p>\n<p><strong>Bobina de Generador extreme tools\u00a0 W-5500-3 \u2013 Potencia y Durabilidad<\/strong><br \/>\nEsta bobina de alta calidad es un componente esencial para el generador STOOLS PROFESIONAL<strong> W-5500-3<\/strong>, dise\u00f1ada para garantizar un rendimiento el\u00e9ctrico \u00f3ptimo. Fabricada con materiales duraderos y resistentes al desgaste, asegura una transmisi\u00f3n de energ\u00eda constante y eficiente.<\/p>\n<p><em>\u26a1\ufe0e Nivel de potencia sonora LWA: 80 dB (A) &#8211; Ruido de funcionamiento a 7 m: 65 dB<\/em><\/p>\n<p><img loading=\"lazy\" decoding=\"async\" class=\"alignnone size-full wp-image-3671\" src=\"https:\/\/cocinaenlinea.es\/wp-content\/uploads\/2024\/02\/1726006521622.jpg\" alt=\"\" width=\"5906\" height=\"9052\" srcset=\"https:\/\/cocinaenlinea.es\/wp-content\/uploads\/2024\/02\/1726006521622.jpg 5906w, https:\/\/cocinaenlinea.es\/wp-content\/uploads\/2024\/02\/1726006521622-196x300.jpg 196w, https:\/\/cocinaenlinea.es\/wp-content\/uploads\/2024\/02\/1726006521622-668x1024.jpg 668w, https:\/\/cocinaenlinea.es\/wp-content\/uploads\/2024\/02\/1726006521622-768x1177.jpg 768w, https:\/\/cocinaenlinea.es\/wp-content\/uploads\/2024\/02\/1726006521622-1002x1536.jpg 1002w, https:\/\/cocinaenlinea.es\/wp-content\/uploads\/2024\/02\/1726006521622-1336x2048.jpg 1336w, https:\/\/cocinaenlinea.es\/wp-content\/uploads\/2024\/02\/1726006521622-1024x1569.jpg 1024w, https:\/\/cocinaenlinea.es\/wp-content\/uploads\/2024\/02\/1726006521622-300x460.jpg 300w, https:\/\/cocinaenlinea.es\/wp-content\/uploads\/2024\/02\/1726006521622-600x920.jpg 600w\" sizes=\"(max-width: 5906px) 100vw, 5906px\" \/><img loading=\"lazy\" decoding=\"async\" class=\"alignnone wp-image-3356 size-full\" src=\"https:\/\/cocinaenlinea.es\/wp-content\/uploads\/2022\/07\/AnyConv.com__3-8.webp\" alt=\"\" width=\"1080\" height=\"540\" srcset=\"https:\/\/cocinaenlinea.es\/wp-content\/uploads\/2022\/07\/AnyConv.com__3-8.webp 1080w, https:\/\/cocinaenlinea.es\/wp-content\/uploads\/2022\/07\/AnyConv.com__3-8-300x150.webp 300w, https:\/\/cocinaenlinea.es\/wp-content\/uploads\/2022\/07\/AnyConv.com__3-8-1024x512.webp 1024w, https:\/\/cocinaenlinea.es\/wp-content\/uploads\/2022\/07\/AnyConv.com__3-8-768x384.webp 768w, https:\/\/cocinaenlinea.es\/wp-content\/uploads\/2022\/07\/AnyConv.com__3-8-600x300.webp 600w\" sizes=\"(max-width: 1080px) 100vw, 1080px\" \/><\/p>\n<p><em><img loading=\"lazy\" decoding=\"async\" class=\"alignnone wp-image-1983\" src=\"https:\/\/cocinaenlinea.es\/wp-content\/uploads\/2023\/12\/garantia-3-anos-1.png\" alt=\"\" width=\"1080\" height=\"1080\" srcset=\"https:\/\/cocinaenlinea.es\/wp-content\/uploads\/2023\/12\/garantia-3-anos-1.png 400w, https:\/\/cocinaenlinea.es\/wp-content\/uploads\/2023\/12\/garantia-3-anos-1-300x300.png 300w, https:\/\/cocinaenlinea.es\/wp-content\/uploads\/2023\/12\/garantia-3-anos-1-150x150.png 150w, https:\/\/cocinaenlinea.es\/wp-content\/uploads\/2023\/12\/garantia-3-anos-1-350x350.png 350w, https:\/\/cocinaenlinea.es\/wp-content\/uploads\/2023\/12\/garantia-3-anos-1-100x100.png 100w, https:\/\/cocinaenlinea.es\/wp-content\/uploads\/2023\/12\/garantia-3-anos-1-50x50.png 50w\" sizes=\"(max-width: 1080px) 100vw, 1080px\" \/><\/em><\/p>\n<p><em><img loading=\"lazy\" decoding=\"async\" class=\"alignnone wp-image-1984\" src=\"https:\/\/cocinaenlinea.es\/wp-content\/uploads\/2023\/12\/1631375030961-1.jpeg\" alt=\"\" width=\"1080\" height=\"1080\" srcset=\"https:\/\/cocinaenlinea.es\/wp-content\/uploads\/2023\/12\/1631375030961-1.jpeg 200w, https:\/\/cocinaenlinea.es\/wp-content\/uploads\/2023\/12\/1631375030961-1-150x150.jpeg 150w, https:\/\/cocinaenlinea.es\/wp-content\/uploads\/2023\/12\/1631375030961-1-100x100.jpeg 100w, https:\/\/cocinaenlinea.es\/wp-content\/uploads\/2023\/12\/1631375030961-1-50x50.jpeg 50w\" sizes=\"(max-width: 1080px) 100vw, 1080px\" \/><\/em><\/p>\n<p><em><img loading=\"lazy\" decoding=\"async\" class=\"alignnone wp-image-1988\" src=\"https:\/\/cocinaenlinea.es\/wp-content\/uploads\/2023\/12\/images-9-1.jpeg\" alt=\"\" width=\"800\" height=\"706\" \/><\/em><\/p>\n<p><em><img loading=\"lazy\" decoding=\"async\" class=\"alignnone size-full wp-image-3672\" src=\"https:\/\/cocinaenlinea.es\/wp-content\/uploads\/2024\/02\/1726006537413.jpg\" alt=\"\" width=\"1441\" height=\"1080\" srcset=\"https:\/\/cocinaenlinea.es\/wp-content\/uploads\/2024\/02\/1726006537413.jpg 1441w, https:\/\/cocinaenlinea.es\/wp-content\/uploads\/2024\/02\/1726006537413-300x225.jpg 300w, https:\/\/cocinaenlinea.es\/wp-content\/uploads\/2024\/02\/1726006537413-1024x767.jpg 1024w, https:\/\/cocinaenlinea.es\/wp-content\/uploads\/2024\/02\/1726006537413-768x576.jpg 768w, https:\/\/cocinaenlinea.es\/wp-content\/uploads\/2024\/02\/1726006537413-600x450.jpg 600w\" sizes=\"(max-width: 1441px) 100vw, 1441px\" \/><\/em><\/p>\n<blockquote><p><span style=\"color: #ff0000;\"><strong>\ud83e\uddd1\u200d\ud83d\udd27\ud83e\uddf0<em>Ofrecemos una amplia gama de piezas de repuesto disponibles para todas tus necesidades garantizando calidad y resistencia para cualquier trabaj<\/em><\/strong><\/span><\/p><\/blockquote>\n<h3><strong>IMPORTANTE:<\/strong><\/h3>\n<p>Se entrega sin aceite ni gasolina.<\/p>\n<p>Antes del primer uso debes rellenar<\/p>\n<p>con 0,6 litros de aceite 10W30 o 10W40<\/p>\n<h2><strong>VENTAJAS DE COMPRA:<\/strong><\/h2>\n<p>Pago contra reembolso disponible<\/p>\n<p>Env\u00edo gratuito en 24\/48h<\/p>\n<p>Devoluci\u00f3n f\u00e1cil y sin complicaciones<\/p>\n<p>Amplio stock de piezas de repuesto<\/p>\n<p>Asistencia por WhatsApp antes y despu\u00e9s de la compra<\/p>\n<p>&nbsp;<\/p>\n","protected":false},"excerpt":{"rendered":"<p>Generador Extreme Tools 5500W a gasolina 4 tiempos, ideal para hogar, taller u obra. Entrega urgente 24\/48h en toda Espa\u00f1a. \u2705 Pago contra reembolso \u2705 Garant\u00eda 3 a\u00f1os \u2705 3 tomas de 230V + 1 toma 400V trif\u00e1sica \u2705 Motor 6,5CV \u2013 196 cc \u2013 15L de dep\u00f3sito \ud83d\udce6 \u00a1Entrega inmediata y 100% segura!<\/p>\n","protected":false},"featured_media":6566,"template":"","meta":{"_kadence_starter_templates_imported_post":false},"product_brand":[],"product_cat":[18],"product_tag":[],"class_list":{"0":"post-1969","1":"product","2":"type-product","3":"status-publish","4":"has-post-thumbnail","6":"product_cat-herramienta","8":"first","9":"instock","10":"sale","11":"shipping-taxable","12":"purchasable","13":"product-type-simple"},"_links":{"self":[{"href":"https:\/\/cocinaenlinea.es\/index.php?rest_route=\/wp\/v2\/product\/1969","targetHints":{"allow":["GET"]}}],"collection":[{"href":"https:\/\/cocinaenlinea.es\/index.php?rest_route=\/wp\/v2\/product"}],"about":[{"href":"https:\/\/cocinaenlinea.es\/index.php?rest_route=\/wp\/v2\/types\/product"}],"wp:featuredmedia":[{"embeddable":true,"href":"https:\/\/cocinaenlinea.es\/index.php?rest_route=\/wp\/v2\/media\/6566"}],"wp:attachment":[{"href":"https:\/\/cocinaenlinea.es\/index.php?rest_route=%2Fwp%2Fv2%2Fmedia&parent=1969"}],"wp:term":[{"taxonomy":"product_brand","embeddable":true,"href":"https:\/\/cocinaenlinea.es\/index.php?rest_route=%2Fwp%2Fv2%2Fproduct_brand&post=1969"},{"taxonomy":"product_cat","embeddable":true,"href":"https:\/\/cocinaenlinea.es\/index.php?rest_route=%2Fwp%2Fv2%2Fproduct_cat&post=1969"},{"taxonomy":"product_tag","embeddable":true,"href":"https:\/\/cocinaenlinea.es\/index.php?rest_route=%2Fwp%2Fv2%2Fproduct_tag&post=1969"}],"curies":[{"name":"wp","href":"https:\/\/api.w.org\/{rel}","templated":true}]}}