{"id":1723,"date":"2023-06-24T04:20:38","date_gmt":"2023-06-24T02:20:38","guid":{"rendered":"https:\/\/cocinaenlinea.es\/?post_type=product&#038;p=1723"},"modified":"2025-03-13T23:17:25","modified_gmt":"2025-03-13T22:17:25","slug":"picadora-de-carne-multifuncional-sheffler-%f0%9f%87%a9%f0%9f%87%aa-1000-w-6-litros","status":"publish","type":"product","link":"https:\/\/cocinaenlinea.es\/?product=picadora-de-carne-multifuncional-sheffler-%f0%9f%87%a9%f0%9f%87%aa-1000-w-6-litros","title":{"rendered":"Picadora de carne multifuncional SHEFFLER \ud83c\udde9\ud83c\uddea 1000 W \/ 6 Litros"},"content":{"rendered":"<p>\ud83d\udca5OFERTA ESPECIAL SOLO HOY DTO 50% + Regalo set de cuchillos \ud83c\udf81<br \/>\nPicadora de carne multifuncional SHEFFLER \ud83c\udde9\ud83c\uddea 1000 W \/ 6 Litros<br \/>\nCategor\u00eda de producto: Electrodom\u00e9sticos de cocina<br \/>\nmolinillo de alimentos est\u00e1 equipado con 4 cuchillas de acero inoxidable y 2 modos para elegir. Puede picar, moler varios ingredientes, como cebollas, carne, jam\u00f3n, ajo, cebolla, hierbas peque\u00f1as. La picadora el\u00e9ctrica es un regalo ideal\ud83c\udf81<br \/>\nVoltaje: 220 V 50 H<br \/>\nPoder: 1000W<br \/>\nCapacidad: 6.0L<br \/>\nLongitud del cable de alimentaci\u00f3n: 120 CM<br \/>\nHoja: acero inoxidable<br \/>\nCuchillo: dos juegos<br \/>\nVivienda: acero inoxidable<br \/>\nColor plata<br \/>\nPeso: 3.5kg<br \/>\nTama\u00f1o: 29 * 21 * 35 cm<br \/>\n\ud83d\udcaf Garant\u00eda 2 A\u00f1os<br \/>\n\ud83d\ude9a Env\u00edo gratis y super r\u00e1pido 24\/48H<br \/>\n\ud83d\udcb5Pagar contra reembolso efectivo<\/p>\n","protected":false},"excerpt":{"rendered":"<p>\ud83d\udca5OFERTA ESPECIAL SOLO HOY DTO 50% + Regalo set de cuchillos \ud83c\udf81 Picadora de carne multifuncional SHEFFLER \ud83c\udde9\ud83c\uddea 1000 W \/ 6 Litros Categor\u00eda de producto: Electrodom\u00e9sticos de cocina molinillo de alimentos est\u00e1 equipado con 4 cuchillas de acero inoxidable y 2 modos para elegir. Puede picar, moler varios ingredientes, como cebollas, carne, jam\u00f3n, ajo, [&hellip;]<\/p>\n","protected":false},"featured_media":1733,"template":"","meta":{"_kadence_starter_templates_imported_post":false},"product_brand":[],"product_cat":[87],"product_tag":[],"class_list":{"0":"post-1723","1":"product","2":"type-product","3":"status-publish","4":"has-post-thumbnail","6":"product_cat-pequenos-electrodomesticos","8":"first","9":"outofstock","10":"sale","11":"shipping-taxable","12":"purchasable","13":"product-type-simple"},"_links":{"self":[{"href":"https:\/\/cocinaenlinea.es\/index.php?rest_route=\/wp\/v2\/product\/1723","targetHints":{"allow":["GET"]}}],"collection":[{"href":"https:\/\/cocinaenlinea.es\/index.php?rest_route=\/wp\/v2\/product"}],"about":[{"href":"https:\/\/cocinaenlinea.es\/index.php?rest_route=\/wp\/v2\/types\/product"}],"wp:featuredmedia":[{"embeddable":true,"href":"https:\/\/cocinaenlinea.es\/index.php?rest_route=\/wp\/v2\/media\/1733"}],"wp:attachment":[{"href":"https:\/\/cocinaenlinea.es\/index.php?rest_route=%2Fwp%2Fv2%2Fmedia&parent=1723"}],"wp:term":[{"taxonomy":"product_brand","embeddable":true,"href":"https:\/\/cocinaenlinea.es\/index.php?rest_route=%2Fwp%2Fv2%2Fproduct_brand&post=1723"},{"taxonomy":"product_cat","embeddable":true,"href":"https:\/\/cocinaenlinea.es\/index.php?rest_route=%2Fwp%2Fv2%2Fproduct_cat&post=1723"},{"taxonomy":"product_tag","embeddable":true,"href":"https:\/\/cocinaenlinea.es\/index.php?rest_route=%2Fwp%2Fv2%2Fproduct_tag&post=1723"}],"curies":[{"name":"wp","href":"https:\/\/api.w.org\/{rel}","templated":true}]}}