{"id":148,"date":"2022-09-03T23:30:57","date_gmt":"2022-09-03T21:30:57","guid":{"rendered":"https:\/\/cocinaenlinea.es\/?post_type=product&#038;p=148"},"modified":"2025-03-13T23:54:35","modified_gmt":"2025-03-13T22:54:35","slug":"homelux-bateria-10-piezas-revetemento-antiadhesivo-marmol","status":"publish","type":"product","link":"https:\/\/cocinaenlinea.es\/?product=homelux-bateria-10-piezas-revetemento-antiadhesivo-marmol","title":{"rendered":"HOMELUX BATER\u00cdA 10 PIEZAS REV\u00caTEMENTO ANTIADHESIVO M\u00c1RMOL"},"content":{"rendered":"<p>GERMANY SAXE HOMELUX BATER\u00cdA 10 PIEZAS REV\u00caTEMENTO ANTIADHESIVO M\u00c1RMOL NOTAS DE CUIDADO : seco . 1. Antes del primer uso, retire la etiqueta, enjuague con agua y agua. Aplique: 2. Aceite fino (excepto mantequilla y manteca) para el mantenimiento antes del uso. SONTRE use una esp\u00e1tula de nailon, pl\u00e1stico o madera cuando cocine, para evitar que las esp\u00e1tulas afiladas o los utensilios met\u00e1licos da\u00f1en la superficie de la sart\u00e9n antiadherente. Calienta la cocina de manera uniforme, usa solo fuego mediano a peque\u00f1o, no solo la comida deliciosa tambi\u00e9n puede ser energ\u00eda para cocinar. despu\u00e9s de su uso a una temperatura ligeramente m\u00e1s baja, y luego se lava con agua, no se puede lavar inmediatamente con agua fr\u00eda<\/p>\n<div class=\"__fb-dark-mode om3e55n1\" role=\"row\">\n<div class=\"\">\n<div class=\"alzwoclg cqf1kptm om3e55n1\" tabindex=\"0\" role=\"gridcell\" data-scope=\"messages_table\" data-release-focus-from=\"CLICK\">\n<div class=\"alzwoclg\" role=\"none\">\n<div class=\"alzwoclg cgu29s5g i15ihif8 aeinzg81 ov4vj3he\" role=\"none\" data-testid=\"message-container\">\n<div class=\"k88nbmki alzwoclg cqf1kptm adechonz siu44isn gv6qu0l5\" role=\"none\">\n<div class=\"alzwoclg mfclru0v\" role=\"none\">\n<div class=\"alzwoclg cqf1kptm gvxzyvdx om3e55n1 gldv74r8\">\n<div class=\"k88nbmki alzwoclg cqf1kptm adechonz siu44isn gvxzyvdx c7y9u1f0 lg77cbj3\" role=\"none\">\n<div class=\"om3e55n1 b0ur3jhr\">\n<div class=\"m8h3af8h l7ghb35v kjdc1dyq kmwttqpk gh25dzvf\"><span class=\"fxk3tzhb b2rh1bv3 gh55jysx m8h3af8h ewco64xe kjdc1dyq ms56khn7 bq6c9xl4 h7q9eq3y iryl7rsq\"><img decoding=\"async\" src=\"https:\/\/static.xx.fbcdn.net\/images\/emoji.php\/v9\/t51\/1\/32\/1f69b.png\" alt=\"\ud83d\ude9b\" width=\"32\" height=\"32\" \/> ENVIO GRATIS Y SUPER RAPIDO 24\/48 HORAS<\/span><\/div>\n<\/div>\n<\/div>\n<\/div>\n<\/div>\n<\/div>\n<\/div>\n<\/div>\n<\/div>\n<\/div>\n<\/div>\n<div class=\"__fb-dark-mode om3e55n1\" role=\"row\">\n<div class=\"\">\n<div class=\"alzwoclg cqf1kptm om3e55n1\" tabindex=\"0\" role=\"gridcell\" data-scope=\"messages_table\" data-release-focus-from=\"CLICK\">\n<div class=\"alzwoclg\" role=\"none\">\n<div class=\"alzwoclg cgu29s5g i15ihif8 aeinzg81 ov4vj3he\" role=\"none\" data-testid=\"message-container\">\n<div class=\"k88nbmki alzwoclg cqf1kptm adechonz siu44isn gv6qu0l5\" role=\"none\">\n<div class=\"alzwoclg mfclru0v\" role=\"none\">\n<div class=\"alzwoclg cqf1kptm gvxzyvdx om3e55n1 gldv74r8\">\n<div class=\"k88nbmki alzwoclg cqf1kptm adechonz siu44isn gvxzyvdx c7y9u1f0 lg77cbj3\" role=\"none\">\n<div class=\"om3e55n1 b0ur3jhr\">\n<div class=\"m8h3af8h l7ghb35v kjdc1dyq kmwttqpk gh25dzvf\"><span class=\"fxk3tzhb b2rh1bv3 gh55jysx m8h3af8h ewco64xe kjdc1dyq ms56khn7 bq6c9xl4 h7q9eq3y iryl7rsq\"><img decoding=\"async\" src=\"https:\/\/static.xx.fbcdn.net\/images\/emoji.php\/v9\/t1c\/1\/32\/1f4b8.png\" alt=\"\ud83d\udcb8\" width=\"32\" height=\"32\" \/>PAGOS CONTRAREEMBOLSO<\/span><\/div>\n<\/div>\n<\/div>\n<\/div>\n<\/div>\n<\/div>\n<\/div>\n<\/div>\n<\/div>\n<\/div>\n<\/div>\n<p>&nbsp;<\/p>\n","protected":false},"excerpt":{"rendered":"<div class=\"alzwoclg\" role=\"none\">\n<div class=\"alzwoclg cgu29s5g i15ihif8 aeinzg81 ov4vj3he\" role=\"none\" data-testid=\"message-container\">\n<div class=\"k88nbmki alzwoclg cqf1kptm adechonz siu44isn gv6qu0l5\" role=\"none\">\n<div class=\"alzwoclg mfclru0v\" role=\"none\">\n<div class=\"alzwoclg cqf1kptm gvxzyvdx om3e55n1 gldv74r8\">\n<div class=\"k88nbmki alzwoclg cqf1kptm adechonz siu44isn gvxzyvdx c7y9u1f0 lg77cbj3\" role=\"none\">\n<div class=\"om3e55n1 b0ur3jhr\">\n<div class=\"m8h3af8h l7ghb35v kjdc1dyq kmwttqpk gh25dzvf\"><span class=\"fxk3tzhb b2rh1bv3 gh55jysx m8h3af8h ewco64xe kjdc1dyq ms56khn7 bq6c9xl4 h7q9eq3y iryl7rsq\"><img decoding=\"async\" src=\"https:\/\/static.xx.fbcdn.net\/images\/emoji.php\/v9\/tba\/1\/32\/2b50.png\" alt=\"\u2b50\" width=\"32\" height=\"32\" \/><\/span><span class=\"fxk3tzhb b2rh1bv3 gh55jysx m8h3af8h ewco64xe kjdc1dyq ms56khn7 bq6c9xl4 h7q9eq3y iryl7rsq\"><img decoding=\"async\" src=\"https:\/\/static.xx.fbcdn.net\/images\/emoji.php\/v9\/tba\/1\/32\/2b50.png\" alt=\"\u2b50\" width=\"32\" height=\"32\" \/><\/span><span class=\"fxk3tzhb b2rh1bv3 gh55jysx m8h3af8h ewco64xe kjdc1dyq ms56khn7 bq6c9xl4 h7q9eq3y iryl7rsq\"><img decoding=\"async\" src=\"https:\/\/static.xx.fbcdn.net\/images\/emoji.php\/v9\/tba\/1\/32\/2b50.png\" alt=\"\u2b50\" width=\"32\" height=\"32\" \/><\/span><span class=\"fxk3tzhb b2rh1bv3 gh55jysx m8h3af8h ewco64xe kjdc1dyq ms56khn7 bq6c9xl4 h7q9eq3y iryl7rsq\"><img decoding=\"async\" src=\"https:\/\/static.xx.fbcdn.net\/images\/emoji.php\/v9\/tba\/1\/32\/2b50.png\" alt=\"\u2b50\" width=\"32\" height=\"32\" \/><\/span><span class=\"fxk3tzhb b2rh1bv3 gh55jysx m8h3af8h ewco64xe kjdc1dyq ms56khn7 bq6c9xl4 h7q9eq3y iryl7rsq\"><img decoding=\"async\" src=\"https:\/\/static.xx.fbcdn.net\/images\/emoji.php\/v9\/tba\/1\/32\/2b50.png\" alt=\"\u2b50\" width=\"32\" height=\"32\" \/><\/span><\/div>\n<\/div>\n<\/div>\n<\/div>\n<\/div>\n<div class=\"k88nbmki alzwoclg cqf1kptm adechonz siu44isn gvxzyvdx c7y9u1f0 lg77cbj3\" role=\"none\"><\/div>\n<\/div>\n<div class=\"k88nbmki alzwoclg cqf1kptm adechonz siu44isn gvxzyvdx c7y9u1f0 lg77cbj3\" role=\"none\">\n<div class=\"jez8cy9q alzwoclg cqf1kptm homhzfsx jcxyg2ei cgu29s5g om3e55n1 afopkvs9 p4n9ro91\" aria-hidden=\"true\">\n<div class=\"i85zmo3j homhzfsx alzwoclg ov4vj3he\" role=\"none\">\n<div class=\"i85zmo3j homhzfsx alzwoclg ov4vj3he\" role=\"none\">\n<div>\n<div class=\"qi72231t o9w3sbdw nu7423ey tav9wjvu flwp5yud tghlliq5 gkg15gwv s9ok87oh s9ljgwtm lxqftegz bf1zulr9 frfouenu bonavkto djs4p424 r7bn319e bdao358l fsf7x5fv tgm57n0e jez8cy9q s5oniofx m8h3af8h l7ghb35v kjdc1dyq kmwttqpk dnr7xe2t aeinzg81 srn514ro oxkhqvkx rl78xhln nch0832m om3e55n1 cr00lzj9 rn8ck1ys s3jn8y49 g4tp4svg o9erhkwx dzqi5evh hupbnkgi hvb2xoa8 jl2a5g8c f14ij5to l3ldwz01 alzwoclg icdlwmnq\" tabindex=\"0\" role=\"button\" aria-expanded=\"false\" aria-haspopup=\"menu\" aria-label=\"Reaccionar\">\n<div class=\"kmwttqpk l7ghb35v mx6bq00g mwtcrujb alzwoclg qmqpeqxj e7u6y3za qwcclf47 nmlomj2f jez8cy9q jtronmds i85zmo3j jcxyg2ei hsphh064 fsf7x5fv qudkkb1i om3e55n1\">\n<div class=\"epnzikpj kmdng2my fupido9q l7ofbhzv beiy8v6c\"><\/div>\n<\/div>\n<\/div>\n<\/div>\n<div>\n<div class=\"kmwttqpk l7ghb35v mx6bq00g mwtcrujb alzwoclg qmqpeqxj e7u6y3za qwcclf47 nmlomj2f jez8cy9q jtronmds i85zmo3j jcxyg2ei hsphh064 fsf7x5fv qudkkb1i om3e55n1\">\n<div class=\"qi72231t o9w3sbdw nu7423ey tav9wjvu flwp5yud tghlliq5 gkg15gwv s9ok87oh s9ljgwtm lxqftegz bf1zulr9 frfouenu bonavkto djs4p424 r7bn319e bdao358l fsf7x5fv tgm57n0e jez8cy9q s5oniofx m8h3af8h l7ghb35v kjdc1dyq kmwttqpk dnr7xe2t aeinzg81 srn514ro oxkhqvkx rl78xhln nch0832m om3e55n1 cr00lzj9 rn8ck1ys s3jn8y49 g4tp4svg o9erhkwx dzqi5evh hupbnkgi hvb2xoa8 jl2a5g8c f14ij5to l3ldwz01 alzwoclg icdlwmnq\" tabindex=\"0\" role=\"button\" aria-label=\"Responder\">\n<div class=\"epnzikpj kmdng2my fupido9q l7ofbhzv beiy8v6c\"><\/div>\n<\/div>\n<\/div>\n<\/div>\n<div>\n<div class=\"qi72231t o9w3sbdw nu7423ey tav9wjvu flwp5yud tghlliq5 gkg15gwv s9ok87oh s9ljgwtm lxqftegz bf1zulr9 frfouenu bonavkto djs4p424 r7bn319e bdao358l fsf7x5fv tgm57n0e jez8cy9q s5oniofx m8h3af8h l7ghb35v kjdc1dyq kmwttqpk dnr7xe2t aeinzg81 srn514ro oxkhqvkx rl78xhln nch0832m om3e55n1 cr00lzj9 rn8ck1ys s3jn8y49 g4tp4svg o9erhkwx dzqi5evh hupbnkgi hvb2xoa8 jl2a5g8c f14ij5to l3ldwz01 alzwoclg icdlwmnq\" tabindex=\"0\" role=\"button\" aria-expanded=\"false\" aria-haspopup=\"menu\" aria-label=\"M\u00e1s\">\n<div class=\"kmwttqpk l7ghb35v mx6bq00g mwtcrujb alzwoclg qmqpeqxj e7u6y3za qwcclf47 nmlomj2f jez8cy9q jtronmds i85zmo3j jcxyg2ei hsphh064 fsf7x5fv qudkkb1i om3e55n1\">\n<div class=\"epnzikpj kmdng2my fupido9q l7ofbhzv beiy8v6c\"><\/div>\n<\/div>\n<\/div>\n<\/div>\n<\/div>\n<\/div>\n<\/div>\n<\/div>\n<div class=\"k88nbmki alzwoclg cqf1kptm adechonz siu44isn gvxzyvdx cgu29s5g lg77cbj3\" role=\"none\">\n<div class=\"cgu29s5g jg3vgc78\" role=\"none\"><\/div>\n<\/div>\n<\/div>\n<div class=\"k88nbmki alzwoclg cqf1kptm adechonz siu44isn gvxzyvdx c7y9u1f0 lg77cbj3\" role=\"none\">\n<div id=\"\" class=\"alzwoclg gldv74r8 lq84ybu9 hf30pyar kgzac55p\" role=\"none\" data-testid=\"messenger_delivery_status\">\n<div><\/div>\n<\/div>\n<\/div>\n<\/div>\n","protected":false},"featured_media":623,"template":"","meta":{"_kadence_starter_templates_imported_post":false},"product_brand":[],"product_cat":[16],"product_tag":[19,35],"class_list":{"0":"post-148","1":"product","2":"type-product","3":"status-publish","4":"has-post-thumbnail","6":"product_cat-articulos-de-cocina","7":"product_tag-swiss-line","8":"product_tag-35","10":"first","11":"outofstock","12":"sale","13":"shipping-taxable","14":"purchasable","15":"product-type-simple"},"_links":{"self":[{"href":"https:\/\/cocinaenlinea.es\/index.php?rest_route=\/wp\/v2\/product\/148","targetHints":{"allow":["GET"]}}],"collection":[{"href":"https:\/\/cocinaenlinea.es\/index.php?rest_route=\/wp\/v2\/product"}],"about":[{"href":"https:\/\/cocinaenlinea.es\/index.php?rest_route=\/wp\/v2\/types\/product"}],"wp:featuredmedia":[{"embeddable":true,"href":"https:\/\/cocinaenlinea.es\/index.php?rest_route=\/wp\/v2\/media\/623"}],"wp:attachment":[{"href":"https:\/\/cocinaenlinea.es\/index.php?rest_route=%2Fwp%2Fv2%2Fmedia&parent=148"}],"wp:term":[{"taxonomy":"product_brand","embeddable":true,"href":"https:\/\/cocinaenlinea.es\/index.php?rest_route=%2Fwp%2Fv2%2Fproduct_brand&post=148"},{"taxonomy":"product_cat","embeddable":true,"href":"https:\/\/cocinaenlinea.es\/index.php?rest_route=%2Fwp%2Fv2%2Fproduct_cat&post=148"},{"taxonomy":"product_tag","embeddable":true,"href":"https:\/\/cocinaenlinea.es\/index.php?rest_route=%2Fwp%2Fv2%2Fproduct_tag&post=148"}],"curies":[{"name":"wp","href":"https:\/\/api.w.org\/{rel}","templated":true}]}}