{"id":1408,"date":"2022-12-02T17:23:44","date_gmt":"2022-12-02T16:23:44","guid":{"rendered":"https:\/\/cocinaenlinea.es\/?post_type=product&#038;p=1408"},"modified":"2025-10-10T23:44:42","modified_gmt":"2025-10-10T21:44:42","slug":"set-edredon-de-lujo-5-piezas2-alfombras-versace2-cojines","status":"publish","type":"product","link":"https:\/\/cocinaenlinea.es\/?product=set-edredon-de-lujo-5-piezas2-alfombras-versace2-cojines","title":{"rendered":"set Manta de lujo 5 piezas+2 alfombras versace+2 cojines !SOLO HOY!"},"content":{"rendered":"<p><strong><em>LA MANTA PREMIUM ITALIANA DE VERSACE DE TERCIOPELO GREUSA (240\u00d7220)\u00a0<\/em><\/strong><br \/>\n<strong>+ DOS ALFOMBRAS VERSACE<\/strong><br \/>\n<strong>+ DOS ALMOHADONES<\/strong><br \/>\n<strong>\u2705CAMBIO DE COLORES DESPONIBLE<\/strong><\/p>\n<div style=\"width: 820px;\" class=\"wp-video\"><video class=\"wp-video-shortcode\" id=\"video-1408-1\" width=\"820\" height=\"1230\" preload=\"metadata\" controls=\"controls\"><source type=\"video\/mp4\" src=\"https:\/\/cocinaenlinea.es\/wp-content\/uploads\/2022\/12\/Untitled-video-Made-with-Clipchamp-26.mp4?_=1\" \/><a href=\"https:\/\/cocinaenlinea.es\/wp-content\/uploads\/2022\/12\/Untitled-video-Made-with-Clipchamp-26.mp4\">https:\/\/cocinaenlinea.es\/wp-content\/uploads\/2022\/12\/Untitled-video-Made-with-Clipchamp-26.mp4<\/a><\/video><\/div>\n<p>\u00a1Dale un toque de lujo y calidez a tus noches con nuestra manta de terciopelo s\u00faper suave de 5 piezas! Ideal para esas noches fr\u00edas, este set premium incluye una manta gruesa, dos fundas de almohada y alfombrillas a juego.<\/p>\n<p><img fetchpriority=\"high\" decoding=\"async\" class=\"alignnone wp-image-5078\" src=\"https:\/\/cocinaenlinea.es\/wp-content\/uploads\/2022\/12\/IMG-20241113-WA00732.jpg\" alt=\"\" width=\"1080\" height=\"1440\" srcset=\"https:\/\/cocinaenlinea.es\/wp-content\/uploads\/2022\/12\/IMG-20241113-WA00732.jpg 1200w, https:\/\/cocinaenlinea.es\/wp-content\/uploads\/2022\/12\/IMG-20241113-WA00732-225x300.jpg 225w, https:\/\/cocinaenlinea.es\/wp-content\/uploads\/2022\/12\/IMG-20241113-WA00732-768x1024.jpg 768w, https:\/\/cocinaenlinea.es\/wp-content\/uploads\/2022\/12\/IMG-20241113-WA00732-1152x1536.jpg 1152w, https:\/\/cocinaenlinea.es\/wp-content\/uploads\/2022\/12\/IMG-20241113-WA00732-1024x1365.jpg 1024w, https:\/\/cocinaenlinea.es\/wp-content\/uploads\/2022\/12\/IMG-20241113-WA00732-300x400.jpg 300w, https:\/\/cocinaenlinea.es\/wp-content\/uploads\/2022\/12\/IMG-20241113-WA00732-600x800.jpg 600w\" sizes=\"(max-width: 1080px) 100vw, 1080px\" \/><\/p>\n<p>Caracter\u00edsticas:<\/p>\n<p>&#8211; Peso total de 10 kg, perfecta para una sensaci\u00f3n de confort y abrigo.<\/p>\n<p>&#8211; Material de terciopelo ultra suave que te envolver\u00e1 en una textura suave y acogedora.<\/p>\n<p>&#8211; Precio especial: solo 59\u20ac<\/p>\n<p>&#8211; Pago contra reembolso con la seguridad de Tipsa.<\/p>\n<p>&#8211; Garant\u00eda de satisfacci\u00f3n: 30 d\u00edas para devoluciones sin problemas.<\/p>\n<p>Solo quedan unas pocas unidades, \u00a1asegura la tuya y disfruta de noches c\u00e1lidas y con estilo!<\/p>\n<p><em><strong>\ud83d\ude9a- Envio 24h lo tiene en casa<\/strong><\/em><\/p>\n<p><em><strong>\ud83d\udce6- Pagos Contrareembolso<\/strong><\/em><\/p>\n<p>&nbsp;<\/p>\n<p><img decoding=\"async\" class=\"alignnone wp-image-3359 size-full\" src=\"https:\/\/cocinaenlinea.es\/wp-content\/uploads\/2024\/08\/AnyConv.com__3-8.webp\" alt=\"\" width=\"1080\" height=\"540\" srcset=\"https:\/\/cocinaenlinea.es\/wp-content\/uploads\/2024\/08\/AnyConv.com__3-8.webp 1080w, https:\/\/cocinaenlinea.es\/wp-content\/uploads\/2024\/08\/AnyConv.com__3-8-300x150.webp 300w, https:\/\/cocinaenlinea.es\/wp-content\/uploads\/2024\/08\/AnyConv.com__3-8-1024x512.webp 1024w, https:\/\/cocinaenlinea.es\/wp-content\/uploads\/2024\/08\/AnyConv.com__3-8-768x384.webp 768w, https:\/\/cocinaenlinea.es\/wp-content\/uploads\/2024\/08\/AnyConv.com__3-8-600x300.webp 600w\" sizes=\"(max-width: 1080px) 100vw, 1080px\" \/><\/p>\n","protected":false},"excerpt":{"rendered":"<p>LA MANTA PREMIUM ITALIANA DE VERSACE DE TERCIOPELO GREUSA (240\u00d7220)\u00a0 + DOS ALFOMBRAS VERSACE + DOS ALMOHADONES \u2705CAMBIO DE COLORES DESPONIBLE \u00a1Dale un toque de lujo y calidez a tus noches con nuestra manta de terciopelo s\u00faper suave de 5 piezas! Ideal para esas noches fr\u00edas, este set premium incluye una manta gruesa, dos fundas [&hellip;]<\/p>\n","protected":false},"featured_media":4887,"template":"","meta":{"_kadence_starter_templates_imported_post":false},"product_brand":[],"product_cat":[15],"product_tag":[],"class_list":{"0":"post-1408","1":"product","2":"type-product","3":"status-publish","4":"has-post-thumbnail","6":"product_cat-ropa-de-cama","8":"first","9":"instock","10":"sale","11":"shipping-taxable","12":"purchasable","13":"product-type-variable"},"_links":{"self":[{"href":"https:\/\/cocinaenlinea.es\/index.php?rest_route=\/wp\/v2\/product\/1408","targetHints":{"allow":["GET"]}}],"collection":[{"href":"https:\/\/cocinaenlinea.es\/index.php?rest_route=\/wp\/v2\/product"}],"about":[{"href":"https:\/\/cocinaenlinea.es\/index.php?rest_route=\/wp\/v2\/types\/product"}],"wp:featuredmedia":[{"embeddable":true,"href":"https:\/\/cocinaenlinea.es\/index.php?rest_route=\/wp\/v2\/media\/4887"}],"wp:attachment":[{"href":"https:\/\/cocinaenlinea.es\/index.php?rest_route=%2Fwp%2Fv2%2Fmedia&parent=1408"}],"wp:term":[{"taxonomy":"product_brand","embeddable":true,"href":"https:\/\/cocinaenlinea.es\/index.php?rest_route=%2Fwp%2Fv2%2Fproduct_brand&post=1408"},{"taxonomy":"product_cat","embeddable":true,"href":"https:\/\/cocinaenlinea.es\/index.php?rest_route=%2Fwp%2Fv2%2Fproduct_cat&post=1408"},{"taxonomy":"product_tag","embeddable":true,"href":"https:\/\/cocinaenlinea.es\/index.php?rest_route=%2Fwp%2Fv2%2Fproduct_tag&post=1408"}],"curies":[{"name":"wp","href":"https:\/\/api.w.org\/{rel}","templated":true}]}}