{"id":1301,"date":"2022-11-15T01:24:42","date_gmt":"2022-11-15T00:24:42","guid":{"rendered":"https:\/\/cocinaenlinea.es\/?post_type=product&#038;p=1301"},"modified":"2025-03-13T23:17:33","modified_gmt":"2025-03-13T22:17:33","slug":"molinillo-electrico-de-granos-de-hierbas","status":"publish","type":"product","link":"https:\/\/cocinaenlinea.es\/?product=molinillo-electrico-de-granos-de-hierbas","title":{"rendered":"Molinillo el\u00e9ctrico de granos de hierbas"},"content":{"rendered":"<h4>MATERIAL PREMIUM- Hecho de acero inoxidable de grado alimenticio, esta m\u00e1quina de molienda para grano es resistente y duradera, aumenta la resistencia al desgaste. Tambi\u00e9n ofrece las cuchillas afiladas de acero inoxidable, se pueden pulverizar f\u00e1cilmente. ALTA SEGURIDAD- Dise\u00f1ado con el bot\u00f3n protector de sobrecarga. Cuando se produce un exceso de trabajo, se apagar\u00e1 autom\u00e1ticamente y se reiniciar\u00e1 f\u00e1cilmente con el bot\u00f3n (mejor despu\u00e9s de 10 minutos). Puede proteger el motor de quemaduras, extendi\u00f3 la vida \u00fatil de la m\u00e1quina de molienda de polvo. MOTOR POTENTE: nuestro molinillo de grano el\u00e9ctrico est\u00e1 equipado con un potente motor de cobre de 1400 vatios, con una alta velocidad de rotaci\u00f3n de 27000r \/ min, puede obtener el polvo fino y delicado solo en pocos minutos. F\u00e1cil de operar.<\/h4>\n<h3><img fetchpriority=\"high\" decoding=\"async\" class=\"alignnone wp-image-9968 aligncenter\" src=\"https:\/\/altacalidadweb.com\/wp-content\/uploads\/2022\/05\/garnatia--300x168.jpg\" alt=\"\" width=\"479\" height=\"268\" \/><\/h3>\n","protected":false},"excerpt":{"rendered":"<p>MATERIAL PREMIUM- Hecho de acero inoxidable de grado alimenticio, esta m\u00e1quina de molienda para grano es resistente y duradera, aumenta la resistencia al desgaste. Tambi\u00e9n ofrece las cuchillas afiladas de acero inoxidable, se pueden pulverizar f\u00e1cilmente. ALTA SEGURIDAD- Dise\u00f1ado con el bot\u00f3n protector de sobrecarga. Cuando se produce un exceso de trabajo, se apagar\u00e1 autom\u00e1ticamente [&hellip;]<\/p>\n","protected":false},"featured_media":1302,"template":"","meta":{"_kadence_starter_templates_imported_post":false},"product_brand":[],"product_cat":[87],"product_tag":[],"class_list":{"0":"post-1301","1":"product","2":"type-product","3":"status-publish","4":"has-post-thumbnail","6":"product_cat-pequenos-electrodomesticos","8":"first","9":"outofstock","10":"sale","11":"shipping-taxable","12":"purchasable","13":"product-type-simple"},"_links":{"self":[{"href":"https:\/\/cocinaenlinea.es\/index.php?rest_route=\/wp\/v2\/product\/1301","targetHints":{"allow":["GET"]}}],"collection":[{"href":"https:\/\/cocinaenlinea.es\/index.php?rest_route=\/wp\/v2\/product"}],"about":[{"href":"https:\/\/cocinaenlinea.es\/index.php?rest_route=\/wp\/v2\/types\/product"}],"wp:featuredmedia":[{"embeddable":true,"href":"https:\/\/cocinaenlinea.es\/index.php?rest_route=\/wp\/v2\/media\/1302"}],"wp:attachment":[{"href":"https:\/\/cocinaenlinea.es\/index.php?rest_route=%2Fwp%2Fv2%2Fmedia&parent=1301"}],"wp:term":[{"taxonomy":"product_brand","embeddable":true,"href":"https:\/\/cocinaenlinea.es\/index.php?rest_route=%2Fwp%2Fv2%2Fproduct_brand&post=1301"},{"taxonomy":"product_cat","embeddable":true,"href":"https:\/\/cocinaenlinea.es\/index.php?rest_route=%2Fwp%2Fv2%2Fproduct_cat&post=1301"},{"taxonomy":"product_tag","embeddable":true,"href":"https:\/\/cocinaenlinea.es\/index.php?rest_route=%2Fwp%2Fv2%2Fproduct_tag&post=1301"}],"curies":[{"name":"wp","href":"https:\/\/api.w.org\/{rel}","templated":true}]}}