{"id":1058,"date":"2022-10-15T16:35:03","date_gmt":"2022-10-15T14:35:03","guid":{"rendered":"https:\/\/cocinaenlinea.es\/?post_type=product&#038;p=1058"},"modified":"2025-03-13T23:22:14","modified_gmt":"2025-03-13T22:22:14","slug":"cocina-electrica-2-fuegos-2000w","status":"publish","type":"product","link":"https:\/\/cocinaenlinea.es\/?product=cocina-electrica-2-fuegos-2000w","title":{"rendered":"Cocina El\u00e9ctrica 2 Fuegos 2000W"},"content":{"rendered":"<p>Cocina El\u00e9ctrica 2 Fuegos 2000W MUVIP Hazte ya con la Cocina El\u00e9ctrica 2 Fuegos 2000W MUVIP ideal para tu hogar. Especificaciones &#8211; Potencia: 2000W &#8211; Indicador luminoso &#8211; 5 niveles de potencia &#8211; 15.5cm de di\u00e1metro por cada placa &#8211; Termostado con sistema de seguridad anti-sobrecalentamiento.<\/p>\n<p>&#8211; Dimensiones: 46\u00d724\u00d77.5cm<img fetchpriority=\"high\" decoding=\"async\" class=\"aligncenter wp-image-9968\" src=\"https:\/\/altacalidadweb.com\/wp-content\/uploads\/2022\/05\/garnatia--300x168.jpg\" alt=\"\" width=\"355\" height=\"199\" \/><\/p>\n","protected":false},"excerpt":{"rendered":"<p><span class=\"x3nfvp2 x1j61x8r x1fcty0u xdj266r xhhsvwb xat24cr xgzva0m xxymvpz x10w6t97 x1td3qas\"><img decoding=\"async\" src=\"https:\/\/static.xx.fbcdn.net\/images\/emoji.php\/v9\/tba\/1\/32\/2b50.png\" alt=\"\u2b50\" width=\"32\" height=\"32\" \/><\/span><span class=\"x3nfvp2 x1j61x8r x1fcty0u xdj266r xhhsvwb xat24cr xgzva0m xxymvpz x10w6t97 x1td3qas\"><img decoding=\"async\" src=\"https:\/\/static.xx.fbcdn.net\/images\/emoji.php\/v9\/tba\/1\/32\/2b50.png\" alt=\"\u2b50\" width=\"32\" height=\"32\" \/><\/span><span class=\"x3nfvp2 x1j61x8r x1fcty0u xdj266r xhhsvwb xat24cr xgzva0m xxymvpz x10w6t97 x1td3qas\"><img decoding=\"async\" src=\"https:\/\/static.xx.fbcdn.net\/images\/emoji.php\/v9\/tba\/1\/32\/2b50.png\" alt=\"\u2b50\" width=\"32\" height=\"32\" \/><\/span><span class=\"x3nfvp2 x1j61x8r x1fcty0u xdj266r xhhsvwb xat24cr xgzva0m xxymvpz x10w6t97 x1td3qas\"><img decoding=\"async\" src=\"https:\/\/static.xx.fbcdn.net\/images\/emoji.php\/v9\/tba\/1\/32\/2b50.png\" alt=\"\u2b50\" width=\"32\" height=\"32\" \/><\/span><span class=\"x3nfvp2 x1j61x8r x1fcty0u xdj266r xhhsvwb xat24cr xgzva0m xxymvpz x10w6t97 x1td3qas\"><img decoding=\"async\" src=\"https:\/\/static.xx.fbcdn.net\/images\/emoji.php\/v9\/tba\/1\/32\/2b50.png\" alt=\"\u2b50\" width=\"32\" height=\"32\" \/><\/span><\/p>\n","protected":false},"featured_media":1059,"template":"","meta":{"_kadence_starter_templates_imported_post":false},"product_brand":[],"product_cat":[87],"product_tag":[],"class_list":{"0":"post-1058","1":"product","2":"type-product","3":"status-publish","4":"has-post-thumbnail","6":"product_cat-pequenos-electrodomesticos","8":"first","9":"outofstock","10":"sale","11":"shipping-taxable","12":"purchasable","13":"product-type-simple"},"_links":{"self":[{"href":"https:\/\/cocinaenlinea.es\/index.php?rest_route=\/wp\/v2\/product\/1058","targetHints":{"allow":["GET"]}}],"collection":[{"href":"https:\/\/cocinaenlinea.es\/index.php?rest_route=\/wp\/v2\/product"}],"about":[{"href":"https:\/\/cocinaenlinea.es\/index.php?rest_route=\/wp\/v2\/types\/product"}],"wp:featuredmedia":[{"embeddable":true,"href":"https:\/\/cocinaenlinea.es\/index.php?rest_route=\/wp\/v2\/media\/1059"}],"wp:attachment":[{"href":"https:\/\/cocinaenlinea.es\/index.php?rest_route=%2Fwp%2Fv2%2Fmedia&parent=1058"}],"wp:term":[{"taxonomy":"product_brand","embeddable":true,"href":"https:\/\/cocinaenlinea.es\/index.php?rest_route=%2Fwp%2Fv2%2Fproduct_brand&post=1058"},{"taxonomy":"product_cat","embeddable":true,"href":"https:\/\/cocinaenlinea.es\/index.php?rest_route=%2Fwp%2Fv2%2Fproduct_cat&post=1058"},{"taxonomy":"product_tag","embeddable":true,"href":"https:\/\/cocinaenlinea.es\/index.php?rest_route=%2Fwp%2Fv2%2Fproduct_tag&post=1058"}],"curies":[{"name":"wp","href":"https:\/\/api.w.org\/{rel}","templated":true}]}}