{"id":1021,"date":"2022-10-15T00:17:27","date_gmt":"2022-10-14T22:17:27","guid":{"rendered":"https:\/\/cocinaenlinea.es\/?post_type=product&#038;p=1021"},"modified":"2025-03-13T23:22:43","modified_gmt":"2025-03-13T22:22:43","slug":"olla-acero-inoxidable-8l-10-l","status":"publish","type":"product","link":"https:\/\/cocinaenlinea.es\/?product=olla-acero-inoxidable-8l-10-l","title":{"rendered":"olla acero inoxidable 8L \/ 10 L"},"content":{"rendered":"<p>Olla express de 24cm (6L)\/26 cm ( 8L) inoxidable de color aluminio. Son aptas para gas, el\u00e9ctrica, el\u00e9ctrica radiante, inducci\u00f3n y vitrocer\u00e1mica. Categor\u00eda: Ollas ACERO INOXIDABLE Descripci\u00f3n Componentes principales V\u00e1lvula reguladora de presi\u00f3n V\u00e1lvula de seguridad Mando apertura cierre Barra de anclaje Enganches barra anclaje Tapa Junta<\/p>\n<h3><em><strong>\u2705- Garant\u00eda 3 a\u00f1os.<\/strong><\/em><\/h3>\n<h3><em><strong>\ud83d\ude9a- Envio gratis 24\/48 h<\/strong><\/em><\/h3>\n<h3><em><strong>\ud83d\udce6- Pagar Contrareembolso.<\/strong><\/em><\/h3>\n<div class=\"woocommerce-tabs wc-tabs-wrapper\">\n<div id=\"tab-description\" class=\"woocommerce-Tabs-panel woocommerce-Tabs-panel--description panel entry-content wc-tab\" role=\"tabpanel\" aria-labelledby=\"tab-title-description\">\n<h3><img fetchpriority=\"high\" decoding=\"async\" class=\"alignnone wp-image-9968 aligncenter\" src=\"http:\/\/altacalidadweb.com\/wp-content\/uploads\/2022\/05\/garnatia--300x168.jpg\" alt=\"\" width=\"346\" height=\"194\" \/><\/h3>\n<\/div>\n<\/div>\n","protected":false},"excerpt":{"rendered":"<p><span class=\"x3nfvp2 x1j61x8r x1fcty0u xdj266r xhhsvwb xat24cr xgzva0m xxymvpz x10w6t97 x1td3qas\"><img decoding=\"async\" src=\"https:\/\/static.xx.fbcdn.net\/images\/emoji.php\/v9\/tba\/1\/32\/2b50.png\" alt=\"\u2b50\" width=\"32\" height=\"32\" \/><\/span><span class=\"x3nfvp2 x1j61x8r x1fcty0u xdj266r xhhsvwb xat24cr xgzva0m xxymvpz x10w6t97 x1td3qas\"><img decoding=\"async\" src=\"https:\/\/static.xx.fbcdn.net\/images\/emoji.php\/v9\/tba\/1\/32\/2b50.png\" alt=\"\u2b50\" width=\"32\" height=\"32\" \/><\/span><span class=\"x3nfvp2 x1j61x8r x1fcty0u xdj266r xhhsvwb xat24cr xgzva0m xxymvpz x10w6t97 x1td3qas\"><img decoding=\"async\" src=\"https:\/\/static.xx.fbcdn.net\/images\/emoji.php\/v9\/tba\/1\/32\/2b50.png\" alt=\"\u2b50\" width=\"32\" height=\"32\" \/><\/span><span class=\"x3nfvp2 x1j61x8r x1fcty0u xdj266r xhhsvwb xat24cr xgzva0m xxymvpz x10w6t97 x1td3qas\"><img decoding=\"async\" src=\"https:\/\/static.xx.fbcdn.net\/images\/emoji.php\/v9\/tba\/1\/32\/2b50.png\" alt=\"\u2b50\" width=\"32\" height=\"32\" \/><\/span><span class=\"x3nfvp2 x1j61x8r x1fcty0u xdj266r xhhsvwb xat24cr xgzva0m xxymvpz x10w6t97 x1td3qas\"><img decoding=\"async\" src=\"https:\/\/static.xx.fbcdn.net\/images\/emoji.php\/v9\/tba\/1\/32\/2b50.png\" alt=\"\u2b50\" width=\"32\" height=\"32\" \/><\/span><\/p>\n","protected":false},"featured_media":1022,"template":"","meta":{"_kadence_starter_templates_imported_post":false},"product_brand":[],"product_cat":[16],"product_tag":[],"class_list":{"0":"post-1021","1":"product","2":"type-product","3":"status-publish","4":"has-post-thumbnail","6":"product_cat-articulos-de-cocina","8":"first","9":"outofstock","10":"sale","11":"shipping-taxable","12":"purchasable","13":"product-type-variable"},"_links":{"self":[{"href":"https:\/\/cocinaenlinea.es\/index.php?rest_route=\/wp\/v2\/product\/1021","targetHints":{"allow":["GET"]}}],"collection":[{"href":"https:\/\/cocinaenlinea.es\/index.php?rest_route=\/wp\/v2\/product"}],"about":[{"href":"https:\/\/cocinaenlinea.es\/index.php?rest_route=\/wp\/v2\/types\/product"}],"wp:featuredmedia":[{"embeddable":true,"href":"https:\/\/cocinaenlinea.es\/index.php?rest_route=\/wp\/v2\/media\/1022"}],"wp:attachment":[{"href":"https:\/\/cocinaenlinea.es\/index.php?rest_route=%2Fwp%2Fv2%2Fmedia&parent=1021"}],"wp:term":[{"taxonomy":"product_brand","embeddable":true,"href":"https:\/\/cocinaenlinea.es\/index.php?rest_route=%2Fwp%2Fv2%2Fproduct_brand&post=1021"},{"taxonomy":"product_cat","embeddable":true,"href":"https:\/\/cocinaenlinea.es\/index.php?rest_route=%2Fwp%2Fv2%2Fproduct_cat&post=1021"},{"taxonomy":"product_tag","embeddable":true,"href":"https:\/\/cocinaenlinea.es\/index.php?rest_route=%2Fwp%2Fv2%2Fproduct_tag&post=1021"}],"curies":[{"name":"wp","href":"https:\/\/api.w.org\/{rel}","templated":true}]}}