{"id":445,"date":"2017-12-17T10:06:43","date_gmt":"2017-12-17T10:06:43","guid":{"rendered":"https:\/\/wordpress.gradientthemes.com\/brand-shop\/about\/"},"modified":"2025-07-11T20:39:15","modified_gmt":"2025-07-11T18:39:15","slug":"about","status":"publish","type":"page","link":"https:\/\/cocinaenlinea.es\/?page_id=445","title":{"rendered":"Sobre Nosotros"},"content":{"rendered":"\t\t<div data-elementor-type=\"wp-post\" data-elementor-id=\"445\" class=\"elementor elementor-445\">\n\t\t\t\t\t\t<section class=\"elementor-section elementor-top-section elementor-element elementor-element-d28c655 elementor-section-full_width elementor-section-height-default elementor-section-height-default\" data-id=\"d28c655\" data-element_type=\"section\" data-e-type=\"section\" data-settings=\"{&quot;background_background&quot;:&quot;classic&quot;}\">\n\t\t\t\t\t\t<div class=\"elementor-container elementor-column-gap-default\">\n\t\t\t\t\t<div class=\"elementor-column elementor-col-100 elementor-top-column elementor-element elementor-element-997bde8\" data-id=\"997bde8\" data-element_type=\"column\" data-e-type=\"column\">\n\t\t\t<div class=\"elementor-widget-wrap elementor-element-populated\">\n\t\t\t\t\t\t<section class=\"elementor-section elementor-inner-section elementor-element elementor-element-83b3443 elementor-section-full_width elementor-section-content-middle elementor-section-height-default elementor-section-height-default\" data-id=\"83b3443\" data-element_type=\"section\" data-e-type=\"section\">\n\t\t\t\t\t\t<div class=\"elementor-container elementor-column-gap-no\">\n\t\t\t\t\t<div class=\"elementor-column elementor-col-50 elementor-inner-column elementor-element elementor-element-fe6e6ed\" data-id=\"fe6e6ed\" data-element_type=\"column\" data-e-type=\"column\" data-settings=\"{&quot;background_background&quot;:&quot;classic&quot;}\">\n\t\t\t<div class=\"elementor-widget-wrap elementor-element-populated\">\n\t\t\t\t\t\t<div class=\"elementor-element elementor-element-3784aac elementor-widget elementor-widget-heading\" data-id=\"3784aac\" data-element_type=\"widget\" data-e-type=\"widget\" data-widget_type=\"heading.default\">\n\t\t\t\t<div class=\"elementor-widget-container\">\n\t\t\t\t\t<h4 class=\"elementor-heading-title elementor-size-default\">Algunas palabras sobre nosotras<\/h4>\t\t\t\t<\/div>\n\t\t\t\t<\/div>\n\t\t\t\t<div class=\"elementor-element elementor-element-2a5a40c elementor-widget-divider--view-line elementor-widget elementor-widget-divider\" data-id=\"2a5a40c\" data-element_type=\"widget\" data-e-type=\"widget\" data-widget_type=\"divider.default\">\n\t\t\t\t<div class=\"elementor-widget-container\">\n\t\t\t\t\t\t\t<div class=\"elementor-divider\">\n\t\t\t<span class=\"elementor-divider-separator\">\n\t\t\t\t\t\t<\/span>\n\t\t<\/div>\n\t\t\t\t\t\t<\/div>\n\t\t\t\t<\/div>\n\t\t\t\t<div class=\"elementor-element elementor-element-ef5188a elementor-widget elementor-widget-image-box\" data-id=\"ef5188a\" data-element_type=\"widget\" data-e-type=\"widget\" data-widget_type=\"image-box.default\">\n\t\t\t\t<div class=\"elementor-widget-container\">\n\t\t\t\t\t<div class=\"elementor-image-box-wrapper\"><div class=\"elementor-image-box-content\"><h2 class=\"elementor-image-box-title\">Quienes somos<\/h2><p class=\"elementor-image-box-description\">En Electrohogar Plus nos especializamos en la venta de generadores, herramientas, desbrozadoras, generadores port\u00e1tiles, motosierras y art\u00edculos de cocina. Con una amplia experiencia en el mercado, somos una empresa confiable y reconocida en Madrid y Sevilla. Nos esforzamos por ofrecer productos de alta calidad que faciliten tu vida diaria, tanto en el hogar como en el trabajo.\n\nSabemos lo importante que es la comodidad para nuestros clientes, por eso ofrecemos env\u00edos a domicilio en todo el pa\u00eds, adem\u00e1s de la opci\u00f3n de pagar contra reembolso para mayor tranquilidad.\n\nEn Electrohogar Plus tu satisfacci\u00f3n es nuestra prioridad.<\/p><\/div><\/div>\t\t\t\t<\/div>\n\t\t\t\t<\/div>\n\t\t\t\t\t<\/div>\n\t\t<\/div>\n\t\t\t\t<div class=\"elementor-column elementor-col-50 elementor-inner-column elementor-element elementor-element-7b5ea60\" data-id=\"7b5ea60\" data-element_type=\"column\" data-e-type=\"column\" data-settings=\"{&quot;background_background&quot;:&quot;classic&quot;}\">\n\t\t\t<div class=\"elementor-widget-wrap elementor-element-populated\">\n\t\t\t\t\t<div class=\"elementor-background-overlay\"><\/div>\n\t\t\t\t\t\t<div class=\"elementor-element elementor-element-66dc651 elementor-widget elementor-widget-image\" data-id=\"66dc651\" data-element_type=\"widget\" data-e-type=\"widget\" data-widget_type=\"image.default\">\n\t\t\t\t<div class=\"elementor-widget-container\">\n\t\t\t\t\t\t\t\t\t\t\t\t\t\t\t<img decoding=\"async\" src=\"https:\/\/wordpress.gradientthemes.com\/brand-shop\/wp-content\/uploads\/sites\/2\/2018\/12\/slide-image-free-img.jpg\" title=\"\" alt=\"\" loading=\"lazy\" \/>\t\t\t\t\t\t\t\t\t\t\t\t\t\t\t<\/div>\n\t\t\t\t<\/div>\n\t\t\t\t\t<\/div>\n\t\t<\/div>\n\t\t\t\t\t<\/div>\n\t\t<\/section>\n\t\t\t\t\t<\/div>\n\t\t<\/div>\n\t\t\t\t\t<\/div>\n\t\t<\/section>\n\t\t\t\t<section class=\"elementor-section elementor-top-section elementor-element elementor-element-3a9b7e0 elementor-section-boxed elementor-section-height-default elementor-section-height-default\" data-id=\"3a9b7e0\" data-element_type=\"section\" data-e-type=\"section\" data-settings=\"{&quot;background_background&quot;:&quot;classic&quot;}\">\n\t\t\t\t\t\t<div class=\"elementor-container elementor-column-gap-default\">\n\t\t\t\t\t<div class=\"elementor-column elementor-col-100 elementor-top-column elementor-element elementor-element-a053cfd\" data-id=\"a053cfd\" data-element_type=\"column\" data-e-type=\"column\">\n\t\t\t<div class=\"elementor-widget-wrap elementor-element-populated\">\n\t\t\t\t\t\t<div class=\"elementor-element elementor-element-e0a6bd8 elementor-widget elementor-widget-heading\" data-id=\"e0a6bd8\" data-element_type=\"widget\" data-e-type=\"widget\" data-widget_type=\"heading.default\">\n\t\t\t\t<div class=\"elementor-widget-container\">\n\t\t\t\t\t<h4 class=\"elementor-heading-title elementor-size-default\">Algunas palabras sobre<\/h4>\t\t\t\t<\/div>\n\t\t\t\t<\/div>\n\t\t\t\t<div class=\"elementor-element elementor-element-c5768f1 elementor-widget-divider--view-line elementor-widget elementor-widget-divider\" data-id=\"c5768f1\" data-element_type=\"widget\" data-e-type=\"widget\" data-widget_type=\"divider.default\">\n\t\t\t\t<div class=\"elementor-widget-container\">\n\t\t\t\t\t\t\t<div class=\"elementor-divider\">\n\t\t\t<span class=\"elementor-divider-separator\">\n\t\t\t\t\t\t<\/span>\n\t\t<\/div>\n\t\t\t\t\t\t<\/div>\n\t\t\t\t<\/div>\n\t\t\t\t<div class=\"elementor-element elementor-element-0cba6da elementor-widget elementor-widget-image-box\" data-id=\"0cba6da\" data-element_type=\"widget\" data-e-type=\"widget\" data-widget_type=\"image-box.default\">\n\t\t\t\t<div class=\"elementor-widget-container\">\n\t\t\t\t\t<div class=\"elementor-image-box-wrapper\"><div class=\"elementor-image-box-content\"><h2 class=\"elementor-image-box-title\">Nuestro equipo<\/h2><p class=\"elementor-image-box-description\">En Electrohogar Plus contamos con un equipo de profesionales dedicados y apasionados por brindar el mejor servicio a nuestros clientes. Cada miembro de nuestro equipo aporta su experiencia y conocimiento para garantizar que recibas productos de calidad y una atenci\u00f3n personalizada.\n\nDesde expertos en herramientas y generadores, hasta especialistas en art\u00edculos de cocina, todos en Electrohogar Plus estamos comprometidos con ofrecerte asesoramiento confiable y soluciones adaptadas a tus necesidades.\n\nNuestra prioridad es ayudarte a encontrar lo que necesitas, de manera r\u00e1pida y eficiente, siempre con una sonrisa y la mejor disposici\u00f3n.<\/p><\/div><\/div>\t\t\t\t<\/div>\n\t\t\t\t<\/div>\n\t\t\t\t<section class=\"elementor-section elementor-inner-section elementor-element elementor-element-c372f18 elementor-section-boxed elementor-section-height-default elementor-section-height-default\" data-id=\"c372f18\" data-element_type=\"section\" data-e-type=\"section\">\n\t\t\t\t\t\t<div class=\"elementor-container elementor-column-gap-default\">\n\t\t\t\t\t<div class=\"elementor-column elementor-col-33 elementor-inner-column elementor-element elementor-element-42c0bf7\" data-id=\"42c0bf7\" data-element_type=\"column\" data-e-type=\"column\">\n\t\t\t<div class=\"elementor-widget-wrap elementor-element-populated\">\n\t\t\t\t\t\t<div class=\"elementor-element elementor-element-80a54a9 elementor-position-top elementor-widget elementor-widget-image-box\" data-id=\"80a54a9\" data-element_type=\"widget\" data-e-type=\"widget\" data-widget_type=\"image-box.default\">\n\t\t\t\t<div class=\"elementor-widget-container\">\n\t\t\t\t\t<div class=\"elementor-image-box-wrapper\"><figure class=\"elementor-image-box-img\"><img decoding=\"async\" src=\"https:\/\/wordpress.gradientthemes.com\/brand-shop\/wp-content\/uploads\/sites\/2\/2018\/12\/team2-free-img.png\" title=\"\" alt=\"\" loading=\"lazy\" \/><\/figure><div class=\"elementor-image-box-content\"><h4 class=\"elementor-image-box-title\">Harvey Spector<\/h4><p class=\"elementor-image-box-description\">Founder - CEO<\/p><\/div><\/div>\t\t\t\t<\/div>\n\t\t\t\t<\/div>\n\t\t\t\t\t<\/div>\n\t\t<\/div>\n\t\t\t\t<div class=\"elementor-column elementor-col-33 elementor-inner-column elementor-element elementor-element-f27bf2f\" data-id=\"f27bf2f\" data-element_type=\"column\" data-e-type=\"column\">\n\t\t\t<div class=\"elementor-widget-wrap elementor-element-populated\">\n\t\t\t\t\t\t<div class=\"elementor-element elementor-element-41298ba elementor-position-top elementor-widget elementor-widget-image-box\" data-id=\"41298ba\" data-element_type=\"widget\" data-e-type=\"widget\" data-widget_type=\"image-box.default\">\n\t\t\t\t<div class=\"elementor-widget-container\">\n\t\t\t\t\t<div class=\"elementor-image-box-wrapper\"><figure class=\"elementor-image-box-img\"><img decoding=\"async\" src=\"https:\/\/wordpress.gradientthemes.com\/brand-shop\/wp-content\/uploads\/sites\/2\/2018\/12\/team1-free-img.png\" title=\"\" alt=\"\" loading=\"lazy\" \/><\/figure><div class=\"elementor-image-box-content\"><h4 class=\"elementor-image-box-title\">Jessica Pearson<\/h4><p class=\"elementor-image-box-description\">COO<\/p><\/div><\/div>\t\t\t\t<\/div>\n\t\t\t\t<\/div>\n\t\t\t\t\t<\/div>\n\t\t<\/div>\n\t\t\t\t<div class=\"elementor-column elementor-col-33 elementor-inner-column elementor-element elementor-element-a2ce1ac\" data-id=\"a2ce1ac\" data-element_type=\"column\" data-e-type=\"column\">\n\t\t\t<div class=\"elementor-widget-wrap elementor-element-populated\">\n\t\t\t\t\t\t<div class=\"elementor-element elementor-element-2dd0cc7 elementor-position-top elementor-widget elementor-widget-image-box\" data-id=\"2dd0cc7\" data-element_type=\"widget\" data-e-type=\"widget\" data-widget_type=\"image-box.default\">\n\t\t\t\t<div class=\"elementor-widget-container\">\n\t\t\t\t\t<div class=\"elementor-image-box-wrapper\"><figure class=\"elementor-image-box-img\"><img decoding=\"async\" src=\"https:\/\/wordpress.gradientthemes.com\/brand-shop\/wp-content\/uploads\/sites\/2\/2018\/12\/team3-free-img.png\" title=\"\" alt=\"\" loading=\"lazy\" \/><\/figure><div class=\"elementor-image-box-content\"><h4 class=\"elementor-image-box-title\">Rachel Zain<\/h4><p class=\"elementor-image-box-description\">Marketing Head<\/p><\/div><\/div>\t\t\t\t<\/div>\n\t\t\t\t<\/div>\n\t\t\t\t\t<\/div>\n\t\t<\/div>\n\t\t\t\t\t<\/div>\n\t\t<\/section>\n\t\t\t\t<section class=\"elementor-section elementor-inner-section elementor-element elementor-element-6c6be8a elementor-section-boxed elementor-section-height-default elementor-section-height-default\" data-id=\"6c6be8a\" data-element_type=\"section\" data-e-type=\"section\">\n\t\t\t\t\t\t<div class=\"elementor-container elementor-column-gap-default\">\n\t\t\t\t\t<div class=\"elementor-column elementor-col-33 elementor-inner-column elementor-element elementor-element-8f6965d\" data-id=\"8f6965d\" data-element_type=\"column\" data-e-type=\"column\">\n\t\t\t<div class=\"elementor-widget-wrap elementor-element-populated\">\n\t\t\t\t\t\t<div class=\"elementor-element elementor-element-283695e elementor-position-top elementor-widget elementor-widget-image-box\" data-id=\"283695e\" data-element_type=\"widget\" data-e-type=\"widget\" data-widget_type=\"image-box.default\">\n\t\t\t\t<div class=\"elementor-widget-container\">\n\t\t\t\t\t<div class=\"elementor-image-box-wrapper\"><figure class=\"elementor-image-box-img\"><img decoding=\"async\" src=\"https:\/\/wordpress.gradientthemes.com\/brand-shop\/wp-content\/uploads\/sites\/2\/2018\/12\/team4free-img.png\" title=\"\" alt=\"\" loading=\"lazy\" \/><\/figure><div class=\"elementor-image-box-content\"><h4 class=\"elementor-image-box-title\">Luise Litt<\/h4><p class=\"elementor-image-box-description\">Lead Developer<\/p><\/div><\/div>\t\t\t\t<\/div>\n\t\t\t\t<\/div>\n\t\t\t\t\t<\/div>\n\t\t<\/div>\n\t\t\t\t<div class=\"elementor-column elementor-col-33 elementor-inner-column elementor-element elementor-element-05fd0b1\" data-id=\"05fd0b1\" data-element_type=\"column\" data-e-type=\"column\">\n\t\t\t<div class=\"elementor-widget-wrap elementor-element-populated\">\n\t\t\t\t\t\t<div class=\"elementor-element elementor-element-69976d0 elementor-position-top elementor-widget elementor-widget-image-box\" data-id=\"69976d0\" data-element_type=\"widget\" data-e-type=\"widget\" data-widget_type=\"image-box.default\">\n\t\t\t\t<div class=\"elementor-widget-container\">\n\t\t\t\t\t<div class=\"elementor-image-box-wrapper\"><figure class=\"elementor-image-box-img\"><img decoding=\"async\" src=\"https:\/\/wordpress.gradientthemes.com\/brand-shop\/wp-content\/uploads\/sites\/2\/2018\/12\/team5-free-img.png\" title=\"\" alt=\"\" loading=\"lazy\" \/><\/figure><div class=\"elementor-image-box-content\"><h4 class=\"elementor-image-box-title\">Katrina Bennett<\/h4><p class=\"elementor-image-box-description\">Intern Designer<\/p><\/div><\/div>\t\t\t\t<\/div>\n\t\t\t\t<\/div>\n\t\t\t\t\t<\/div>\n\t\t<\/div>\n\t\t\t\t<div class=\"elementor-column elementor-col-33 elementor-inner-column elementor-element elementor-element-38db727\" data-id=\"38db727\" data-element_type=\"column\" data-e-type=\"column\">\n\t\t\t<div class=\"elementor-widget-wrap elementor-element-populated\">\n\t\t\t\t\t\t<div class=\"elementor-element elementor-element-2f7418c elementor-position-top elementor-widget elementor-widget-image-box\" data-id=\"2f7418c\" data-element_type=\"widget\" data-e-type=\"widget\" data-widget_type=\"image-box.default\">\n\t\t\t\t<div class=\"elementor-widget-container\">\n\t\t\t\t\t<div class=\"elementor-image-box-wrapper\"><figure class=\"elementor-image-box-img\"><img decoding=\"async\" src=\"https:\/\/wordpress.gradientthemes.com\/brand-shop\/wp-content\/uploads\/sites\/2\/2018\/12\/team6-free-img.png\" title=\"\" alt=\"\" loading=\"lazy\" \/><\/figure><div class=\"elementor-image-box-content\"><h4 class=\"elementor-image-box-title\">Mike Ross<\/h4><p class=\"elementor-image-box-description\">Intern Designer<\/p><\/div><\/div>\t\t\t\t<\/div>\n\t\t\t\t<\/div>\n\t\t\t\t\t<\/div>\n\t\t<\/div>\n\t\t\t\t\t<\/div>\n\t\t<\/section>\n\t\t\t\t\t<\/div>\n\t\t<\/div>\n\t\t\t\t\t<\/div>\n\t\t<\/section>\n\t\t\t\t<section class=\"elementor-section elementor-top-section elementor-element elementor-element-d0ca6fa elementor-section-boxed elementor-section-height-default elementor-section-height-default\" data-id=\"d0ca6fa\" data-element_type=\"section\" data-e-type=\"section\" data-settings=\"{&quot;background_background&quot;:&quot;classic&quot;}\">\n\t\t\t\t\t\t\t<div class=\"elementor-background-overlay\"><\/div>\n\t\t\t\t\t\t\t<div class=\"elementor-container elementor-column-gap-no\">\n\t\t\t\t\t<div class=\"elementor-column elementor-col-100 elementor-top-column elementor-element elementor-element-a5fd6c9\" data-id=\"a5fd6c9\" data-element_type=\"column\" data-e-type=\"column\" data-settings=\"{&quot;background_background&quot;:&quot;classic&quot;}\">\n\t\t\t<div class=\"elementor-widget-wrap elementor-element-populated\">\n\t\t\t\t\t\t<div class=\"elementor-element elementor-element-83c0952 elementor-widget elementor-widget-heading\" data-id=\"83c0952\" data-element_type=\"widget\" data-e-type=\"widget\" data-widget_type=\"heading.default\">\n\t\t\t\t<div class=\"elementor-widget-container\">\n\t\t\t\t\t<h2 class=\"elementor-heading-title elementor-size-default\">Follow Us<\/h2>\t\t\t\t<\/div>\n\t\t\t\t<\/div>\n\t\t\t\t<div class=\"elementor-element elementor-element-a1cc422 elementor-widget-divider--view-line elementor-widget elementor-widget-divider\" data-id=\"a1cc422\" data-element_type=\"widget\" data-e-type=\"widget\" data-widget_type=\"divider.default\">\n\t\t\t\t<div class=\"elementor-widget-container\">\n\t\t\t\t\t\t\t<div class=\"elementor-divider\">\n\t\t\t<span class=\"elementor-divider-separator\">\n\t\t\t\t\t\t<\/span>\n\t\t<\/div>\n\t\t\t\t\t\t<\/div>\n\t\t\t\t<\/div>\n\t\t\t\t<div class=\"elementor-element elementor-element-dab9b3f elementor-shape-rounded elementor-grid-0 e-grid-align-center elementor-widget elementor-widget-social-icons\" data-id=\"dab9b3f\" data-element_type=\"widget\" data-e-type=\"widget\" data-widget_type=\"social-icons.default\">\n\t\t\t\t<div class=\"elementor-widget-container\">\n\t\t\t\t\t\t\t<div class=\"elementor-social-icons-wrapper elementor-grid\" role=\"list\">\n\t\t\t\t\t\t\t<span class=\"elementor-grid-item\" role=\"listitem\">\n\t\t\t\t\t<a class=\"elementor-icon elementor-social-icon elementor-social-icon-facebook-f elementor-repeater-item-9e740e1\">\n\t\t\t\t\t\t<span class=\"elementor-screen-only\">Facebook-f<\/span>\n\t\t\t\t\t\t<i aria-hidden=\"true\" class=\"fab fa-facebook-f\"><\/i>\t\t\t\t\t<\/a>\n\t\t\t\t<\/span>\n\t\t\t\t\t\t\t<span class=\"elementor-grid-item\" role=\"listitem\">\n\t\t\t\t\t<a class=\"elementor-icon elementor-social-icon elementor-social-icon-twitter elementor-repeater-item-525c1b1\">\n\t\t\t\t\t\t<span class=\"elementor-screen-only\">Twitter<\/span>\n\t\t\t\t\t\t<i aria-hidden=\"true\" class=\"fab fa-twitter\"><\/i>\t\t\t\t\t<\/a>\n\t\t\t\t<\/span>\n\t\t\t\t\t\t\t<span class=\"elementor-grid-item\" role=\"listitem\">\n\t\t\t\t\t<a class=\"elementor-icon elementor-social-icon elementor-social-icon-instagram elementor-repeater-item-65ca331\">\n\t\t\t\t\t\t<span class=\"elementor-screen-only\">Instagram<\/span>\n\t\t\t\t\t\t<i aria-hidden=\"true\" class=\"fab fa-instagram\"><\/i>\t\t\t\t\t<\/a>\n\t\t\t\t<\/span>\n\t\t\t\t\t\t\t<span class=\"elementor-grid-item\" role=\"listitem\">\n\t\t\t\t\t<a class=\"elementor-icon elementor-social-icon elementor-social-icon-google-plus-g elementor-repeater-item-347f36d\">\n\t\t\t\t\t\t<span class=\"elementor-screen-only\">Google-plus-g<\/span>\n\t\t\t\t\t\t<i aria-hidden=\"true\" class=\"fab fa-google-plus-g\"><\/i>\t\t\t\t\t<\/a>\n\t\t\t\t<\/span>\n\t\t\t\t\t<\/div>\n\t\t\t\t\t\t<\/div>\n\t\t\t\t<\/div>\n\t\t\t\t\t<\/div>\n\t\t<\/div>\n\t\t\t\t\t<\/div>\n\t\t<\/section>\n\t\t\t\t<section class=\"elementor-section elementor-top-section elementor-element elementor-element-e6682b8 elementor-section-boxed elementor-section-height-default elementor-section-height-default\" data-id=\"e6682b8\" data-element_type=\"section\" data-e-type=\"section\">\n\t\t\t\t\t\t<div class=\"elementor-container elementor-column-gap-default\">\n\t\t\t\t\t<div class=\"elementor-column elementor-col-25 elementor-top-column elementor-element elementor-element-6fa5272\" data-id=\"6fa5272\" data-element_type=\"column\" data-e-type=\"column\">\n\t\t\t<div class=\"elementor-widget-wrap elementor-element-populated\">\n\t\t\t\t\t\t<div class=\"elementor-element elementor-element-6192e6f elementor-position-top elementor-widget elementor-widget-image-box\" data-id=\"6192e6f\" data-element_type=\"widget\" data-e-type=\"widget\" data-widget_type=\"image-box.default\">\n\t\t\t\t<div class=\"elementor-widget-container\">\n\t\t\t\t\t<div class=\"elementor-image-box-wrapper\"><figure class=\"elementor-image-box-img\"><img decoding=\"async\" src=\"https:\/\/wordpress.gradientthemes.com\/brand-shop\/wp-content\/uploads\/sites\/2\/2018\/12\/globe-free-img.png\" title=\"\" alt=\"\" loading=\"lazy\" \/><\/figure><div class=\"elementor-image-box-content\"><h5 class=\"elementor-image-box-title\">Env\u00edo solo a Espa\u00f1a<\/h5><p class=\"elementor-image-box-description\">Ofrecemos env\u00edo contra reembolso, con entrega en solo 24 horas en toda espa\u00f1a<\/p><\/div><\/div>\t\t\t\t<\/div>\n\t\t\t\t<\/div>\n\t\t\t\t\t<\/div>\n\t\t<\/div>\n\t\t\t\t<div class=\"elementor-column elementor-col-25 elementor-top-column elementor-element elementor-element-787546e\" data-id=\"787546e\" data-element_type=\"column\" data-e-type=\"column\">\n\t\t\t<div class=\"elementor-widget-wrap elementor-element-populated\">\n\t\t\t\t\t\t<div class=\"elementor-element elementor-element-bd66df4 elementor-position-top elementor-widget elementor-widget-image-box\" data-id=\"bd66df4\" data-element_type=\"widget\" data-e-type=\"widget\" data-widget_type=\"image-box.default\">\n\t\t\t\t<div class=\"elementor-widget-container\">\n\t\t\t\t\t<div class=\"elementor-image-box-wrapper\"><figure class=\"elementor-image-box-img\"><img fetchpriority=\"high\" decoding=\"async\" width=\"800\" height=\"800\" src=\"https:\/\/cocinaenlinea.es\/wp-content\/uploads\/2022\/07\/AnyConv.com__banner-web-SECUNDARIA-1080-\u00d7-1080-px-5-qcp2r10ej1be4121ios2xcgx3fqfccelhksr1nd5c0.webp\" class=\"attachment-full size-full wp-image-3348\" alt=\"\" srcset=\"https:\/\/cocinaenlinea.es\/wp-content\/uploads\/2022\/07\/AnyConv.com__banner-web-SECUNDARIA-1080-\u00d7-1080-px-5-qcp2r10ej1be4121ios2xcgx3fqfccelhksr1nd5c0.webp 800w, https:\/\/cocinaenlinea.es\/wp-content\/uploads\/2022\/07\/AnyConv.com__banner-web-SECUNDARIA-1080-\u00d7-1080-px-5-qcp2r10ej1be4121ios2xcgx3fqfccelhksr1nd5c0-300x300.webp 300w, https:\/\/cocinaenlinea.es\/wp-content\/uploads\/2022\/07\/AnyConv.com__banner-web-SECUNDARIA-1080-\u00d7-1080-px-5-qcp2r10ej1be4121ios2xcgx3fqfccelhksr1nd5c0-150x150.webp 150w, https:\/\/cocinaenlinea.es\/wp-content\/uploads\/2022\/07\/AnyConv.com__banner-web-SECUNDARIA-1080-\u00d7-1080-px-5-qcp2r10ej1be4121ios2xcgx3fqfccelhksr1nd5c0-768x768.webp 768w, https:\/\/cocinaenlinea.es\/wp-content\/uploads\/2022\/07\/AnyConv.com__banner-web-SECUNDARIA-1080-\u00d7-1080-px-5-qcp2r10ej1be4121ios2xcgx3fqfccelhksr1nd5c0-350x350.webp 350w, https:\/\/cocinaenlinea.es\/wp-content\/uploads\/2022\/07\/AnyConv.com__banner-web-SECUNDARIA-1080-\u00d7-1080-px-5-qcp2r10ej1be4121ios2xcgx3fqfccelhksr1nd5c0-600x600.webp 600w, https:\/\/cocinaenlinea.es\/wp-content\/uploads\/2022\/07\/AnyConv.com__banner-web-SECUNDARIA-1080-\u00d7-1080-px-5-qcp2r10ej1be4121ios2xcgx3fqfccelhksr1nd5c0-100x100.webp 100w, https:\/\/cocinaenlinea.es\/wp-content\/uploads\/2022\/07\/AnyConv.com__banner-web-SECUNDARIA-1080-\u00d7-1080-px-5-qcp2r10ej1be4121ios2xcgx3fqfccelhksr1nd5c0-50x50.webp 50w\" sizes=\"(max-width: 800px) 100vw, 800px\" \/><\/figure><div class=\"elementor-image-box-content\"><h5 class=\"elementor-image-box-title\">Mejor Calidad<\/h5><p class=\"elementor-image-box-description\">Ofrecemos productos de mejor calidad que garantizan durabilidad y satisfacci\u00f3n. Cada art\u00edculo est\u00e1 cuidadosamente seleccionado para asegurar que cumpla con los m\u00e1s altos est\u00e1ndares de excelencia.<\/p><\/div><\/div>\t\t\t\t<\/div>\n\t\t\t\t<\/div>\n\t\t\t\t\t<\/div>\n\t\t<\/div>\n\t\t\t\t<div class=\"elementor-column elementor-col-25 elementor-top-column elementor-element elementor-element-10cbd3a\" data-id=\"10cbd3a\" data-element_type=\"column\" data-e-type=\"column\">\n\t\t\t<div class=\"elementor-widget-wrap elementor-element-populated\">\n\t\t\t\t\t\t<div class=\"elementor-element elementor-element-013c375 elementor-position-top elementor-widget elementor-widget-image-box\" data-id=\"013c375\" data-element_type=\"widget\" data-e-type=\"widget\" data-widget_type=\"image-box.default\">\n\t\t\t\t<div class=\"elementor-widget-container\">\n\t\t\t\t\t<div class=\"elementor-image-box-wrapper\"><figure class=\"elementor-image-box-img\"><img decoding=\"async\" src=\"https:\/\/wordpress.gradientthemes.com\/brand-shop\/wp-content\/uploads\/sites\/2\/2018\/12\/tag-free-img.png\" title=\"\" alt=\"\" loading=\"lazy\" \/><\/figure><div class=\"elementor-image-box-content\"><h5 class=\"elementor-image-box-title\">Mejores Ofertas<\/h5><p class=\"elementor-image-box-description\">\"Encuentra nuestras mejores ofertas y aprovecha descuentos exclusivos en productos seleccionados.\"<\/p><\/div><\/div>\t\t\t\t<\/div>\n\t\t\t\t<\/div>\n\t\t\t\t\t<\/div>\n\t\t<\/div>\n\t\t\t\t<div class=\"elementor-column elementor-col-25 elementor-top-column elementor-element elementor-element-a54e6d6\" data-id=\"a54e6d6\" data-element_type=\"column\" data-e-type=\"column\">\n\t\t\t<div class=\"elementor-widget-wrap elementor-element-populated\">\n\t\t\t\t\t\t<div class=\"elementor-element elementor-element-6687e18 elementor-position-top elementor-widget elementor-widget-image-box\" data-id=\"6687e18\" data-element_type=\"widget\" data-e-type=\"widget\" data-widget_type=\"image-box.default\">\n\t\t\t\t<div class=\"elementor-widget-container\">\n\t\t\t\t\t<div class=\"elementor-image-box-wrapper\"><figure class=\"elementor-image-box-img\"><img decoding=\"async\" src=\"https:\/\/wordpress.gradientthemes.com\/brand-shop\/wp-content\/uploads\/sites\/2\/2018\/12\/lock-free-img.png\" title=\"\" alt=\"\" loading=\"lazy\" \/><\/figure><div class=\"elementor-image-box-content\"><h5 class=\"elementor-image-box-title\">Pagos Seguros<\/h5><p class=\"elementor-image-box-description\">Ofrecemos la opci\u00f3n de pago contra reembolso para tu comodidad, asegurando pagos seguros y la m\u00e1xima protecci\u00f3n de tu informaci\u00f3n en cada compra.<\/p><\/div><\/div>\t\t\t\t<\/div>\n\t\t\t\t<\/div>\n\t\t\t\t\t<\/div>\n\t\t<\/div>\n\t\t\t\t\t<\/div>\n\t\t<\/section>\n\t\t\t\t<\/div>\n\t\t","protected":false},"excerpt":{"rendered":"<p>Algunas palabras sobre nosotras Quienes somos En Electrohogar Plus nos especializamos en la venta de generadores, herramientas, desbrozadoras, generadores port\u00e1tiles, motosierras y art\u00edculos de cocina. Con una amplia experiencia en el mercado, somos una empresa confiable y reconocida en Madrid y Sevilla. Nos esforzamos por ofrecer productos de alta calidad que faciliten tu vida diaria, [&hellip;]<\/p>\n","protected":false},"author":1,"featured_media":0,"parent":0,"menu_order":0,"comment_status":"closed","ping_status":"closed","template":"","meta":{"_kadence_starter_templates_imported_post":false,"footnotes":""},"class_list":["post-445","page","type-page","status-publish","hentry"],"_links":{"self":[{"href":"https:\/\/cocinaenlinea.es\/index.php?rest_route=\/wp\/v2\/pages\/445","targetHints":{"allow":["GET"]}}],"collection":[{"href":"https:\/\/cocinaenlinea.es\/index.php?rest_route=\/wp\/v2\/pages"}],"about":[{"href":"https:\/\/cocinaenlinea.es\/index.php?rest_route=\/wp\/v2\/types\/page"}],"author":[{"embeddable":true,"href":"https:\/\/cocinaenlinea.es\/index.php?rest_route=\/wp\/v2\/users\/1"}],"replies":[{"embeddable":true,"href":"https:\/\/cocinaenlinea.es\/index.php?rest_route=%2Fwp%2Fv2%2Fcomments&post=445"}],"version-history":[{"count":14,"href":"https:\/\/cocinaenlinea.es\/index.php?rest_route=\/wp\/v2\/pages\/445\/revisions"}],"predecessor-version":[{"id":8327,"href":"https:\/\/cocinaenlinea.es\/index.php?rest_route=\/wp\/v2\/pages\/445\/revisions\/8327"}],"wp:attachment":[{"href":"https:\/\/cocinaenlinea.es\/index.php?rest_route=%2Fwp%2Fv2%2Fmedia&parent=445"}],"curies":[{"name":"wp","href":"https:\/\/api.w.org\/{rel}","templated":true}]}}